{"id":952,"date":"2022-05-11T13:11:01","date_gmt":"2022-05-11T11:11:01","guid":{"rendered":"http:\/\/medicom.sk\/?page_id=952"},"modified":"2022-05-20T14:02:40","modified_gmt":"2022-05-20T12:02:40","slug":"lozkove-oddelenie","status":"publish","type":"page","link":"https:\/\/medicom.sk\/?page_id=952","title":{"rendered":"L\u00f4\u017ekov\u00e9 oddelenie"},"content":{"rendered":"\n<div class=\"wp-block-columns is-layout-flex wp-container-core-columns-is-layout-1 wp-block-columns-is-layout-flex\">\n<div class=\"wp-block-column is-layout-flow wp-block-column-is-layout-flow\" style=\"flex-basis:66.66%\">\n<ul class=\"wp-block-list\"><li><strong><mark style=\"background-color:rgba(0, 0, 0, 0)\" class=\"has-inline-color has-primary-color\">L\u00f4\u017ekov\u00e9 oddelenia v\u0161etk\u00fdch typov odbornost\u00ed<\/mark><\/strong><br>Prij\u00edmacie, prep\u00fa\u0161\u0165acie spr\u00e1vy, chorobopisy a \u010fal\u0161ia dokument\u00e1cia pod\u013ea typu odbornosti dan\u00e9ho oddelenia. S\u00fa\u010das\u0165ou je integrovan\u00fd klasifika\u010dn\u00fd syst\u00e9m DRG. Zah\u00e1jen\u00e1 hospitaliz\u00e1cia pacienta na oddelen\u00ed tvor\u00ed podklad na vykazovanie zdravotnej starostlivosti zdravotn\u00fdm pois\u0165ovniam. <\/li><li><strong><mark style=\"background-color:rgba(0, 0, 0, 0)\" class=\"has-inline-color has-primary-color\">Stacion\u00e1r <\/mark><\/strong><br>Vedenie zdravotnej dokument\u00e1cie v stacion\u00e1ri, v\u00fdstup do zdravotn\u00fdch pois\u0165ovn\u00ed pod\u013ea l\u00f4\u017ekodn\u00ed alebo \u0161peci\u00e1lneho v\u00fdkonu za o\u0161etrovac\u00ed de\u0148.<\/li><li><strong><mark style=\"background-color:rgba(0, 0, 0, 0)\" class=\"has-inline-color has-primary-color\">Jednod\u0148ov\u00e1 ambulantn\u00e1 starostlivos\u0165<\/mark><\/strong><br>Automatizovan\u00fd prenos \u00fadajov medzi prij\u00edmacou spr\u00e1vou, opera\u010dn\u00fdm protokolom a prep\u00fa\u0161\u0165acou spr\u00e1vou. <\/li><\/ul>\n<\/div>\n\n\n\n<div class=\"wp-block-column is-layout-flow wp-block-column-is-layout-flow\" style=\"flex-basis:33.33%\">\n<figure class=\"wp-block-image size-full is-resized\"><img loading=\"lazy\" decoding=\"async\" src=\"http:\/\/medicom.sk\/wp-content\/uploads\/2022\/05\/lozkove_odd-removebg-preview.png\" alt=\"\" class=\"wp-image-955\" width=\"385\" height=\"474\" srcset=\"https:\/\/medicom.sk\/wp-content\/uploads\/2022\/05\/lozkove_odd-removebg-preview.png 242w, https:\/\/medicom.sk\/wp-content\/uploads\/2022\/05\/lozkove_odd-removebg-preview-94x116.png 94w\" sizes=\"auto, (max-width: 385px) 100vw, 385px\" \/><\/figure>\n<\/div>\n<\/div>\n\n\n\n<hr class=\"wp-block-separator\"\/>\n\n\n\n<h2 class=\"has-text-align-center wp-block-heading\"><strong><mark style=\"background-color:rgba(0, 0, 0, 0)\" class=\"has-inline-color has-primary-color\">Bezplatn\u00e1 in\u0161tal\u00e1cia<\/mark><\/strong><\/h2>\n\n\n\n<p class=\"has-text-align-center has-x-large-font-size\"><strong>Demo verzie<\/strong><br><a href=\"?page_id=414\"><img loading=\"lazy\" decoding=\"async\" width=\"250\" height=\"60\" class=\"wp-image-1045\" style=\"width: 250px;\" src=\"http:\/\/medicom.sk\/wp-content\/uploads\/2022\/05\/viac_info-removebg-preview.png\" alt=\"\" srcset=\"https:\/\/medicom.sk\/wp-content\/uploads\/2022\/05\/viac_info-removebg-preview.png 269w, https:\/\/medicom.sk\/wp-content\/uploads\/2022\/05\/viac_info-removebg-preview-228x55.png 228w\" sizes=\"auto, (max-width: 250px) 100vw, 250px\" \/><\/a><\/p>\n","protected":false},"excerpt":{"rendered":"<p>L\u00f4\u017ekov\u00e9 oddelenia v\u0161etk\u00fdch typov odbornost\u00edPrij\u00edmacie, prep\u00fa\u0161\u0165acie spr\u00e1vy, chorobopisy a \u010fal\u0161ia dokument\u00e1cia pod\u013ea typu odbornosti dan\u00e9ho oddelenia. S\u00fa\u010das\u0165ou je integrovan\u00fd klasifika\u010dn\u00fd syst\u00e9m DRG. Zah\u00e1jen\u00e1 hospitaliz\u00e1cia pacienta na oddelen\u00ed tvor\u00ed podklad na vykazovanie zdravotnej starostlivosti zdravotn\u00fdm pois\u0165ovniam. Stacion\u00e1r Vedenie zdravotnej dokument\u00e1cie v stacion\u00e1ri, v\u00fdstup do zdravotn\u00fdch pois\u0165ovn\u00ed pod\u013ea l\u00f4\u017ekodn\u00ed alebo \u0161peci\u00e1lneho v\u00fdkonu za o\u0161etrovac\u00ed de\u0148. Jednod\u0148ov\u00e1 ambulantn\u00e1 starostlivos\u0165Automatizovan\u00fd prenos \u00fadajov medzi prij\u00edmacou spr\u00e1vou, opera\u010dn\u00fdm protokolom a prep\u00fa\u0161\u0165acou spr\u00e1vou. Bezplatn\u00e1 in\u0161tal\u00e1cia Demo verzie<\/p>\n","protected":false},"author":5,"featured_media":0,"parent":0,"menu_order":0,"comment_status":"closed","ping_status":"closed","template":"","meta":{"footnotes":""},"class_list":["post-952","page","type-page","status-publish","hentry"],"yoast_head":"<!-- This site is optimized with the Yoast SEO plugin v24.3 - https:\/\/yoast.com\/wordpress\/plugins\/seo\/ -->\n<title>L\u00f4\u017ekov\u00e9 oddelenie - MediCom Software - Ambulantn\u00fd program<\/title>\n<meta name=\"robots\" content=\"index, follow, max-snippet:-1, max-image-preview:large, max-video-preview:-1\" \/>\n<link rel=\"canonical\" href=\"http:\/\/medicom.sk\/?page_id=952\" \/>\n<meta property=\"og:locale\" content=\"sk_SK\" \/>\n<meta property=\"og:type\" content=\"article\" \/>\n<meta property=\"og:title\" content=\"L\u00f4\u017ekov\u00e9 oddelenie - MediCom Software - Ambulantn\u00fd program\" \/>\n<meta property=\"og:description\" content=\"L\u00f4\u017ekov\u00e9 oddelenia v\u0161etk\u00fdch typov odbornost\u00edPrij\u00edmacie, prep\u00fa\u0161\u0165acie spr\u00e1vy, chorobopisy a \u010fal\u0161ia dokument\u00e1cia pod\u013ea typu odbornosti dan\u00e9ho oddelenia. S\u00fa\u010das\u0165ou je integrovan\u00fd klasifika\u010dn\u00fd syst\u00e9m DRG. Zah\u00e1jen\u00e1 hospitaliz\u00e1cia pacienta na oddelen\u00ed tvor\u00ed podklad na vykazovanie zdravotnej starostlivosti zdravotn\u00fdm pois\u0165ovniam. Stacion\u00e1r Vedenie zdravotnej dokument\u00e1cie v stacion\u00e1ri, v\u00fdstup do zdravotn\u00fdch pois\u0165ovn\u00ed pod\u013ea l\u00f4\u017ekodn\u00ed alebo \u0161peci\u00e1lneho v\u00fdkonu za o\u0161etrovac\u00ed de\u0148. Jednod\u0148ov\u00e1 ambulantn\u00e1 starostlivos\u0165Automatizovan\u00fd prenos \u00fadajov medzi prij\u00edmacou spr\u00e1vou, opera\u010dn\u00fdm protokolom a prep\u00fa\u0161\u0165acou spr\u00e1vou. Bezplatn\u00e1 in\u0161tal\u00e1cia Demo verzie\" \/>\n<meta property=\"og:url\" content=\"http:\/\/medicom.sk\/?page_id=952\" \/>\n<meta property=\"og:site_name\" content=\"MediCom Software - Ambulantn\u00fd program\" \/>\n<meta property=\"article:modified_time\" content=\"2022-05-20T12:02:40+00:00\" \/>\n<meta property=\"og:image\" content=\"http:\/\/medicom.sk\/wp-content\/uploads\/2022\/05\/lozkove_odd-removebg-preview.png\" \/>\n<meta name=\"twitter:card\" content=\"summary_large_image\" \/>\n<meta name=\"twitter:label1\" content=\"Predpokladan\u00fd \u010das \u010d\u00edtania\" \/>\n\t<meta name=\"twitter:data1\" content=\"1 min\u00fata\" \/>\n<script type=\"application\/ld+json\" class=\"yoast-schema-graph\">{\"@context\":\"https:\/\/schema.org\",\"@graph\":[{\"@type\":\"WebPage\",\"@id\":\"http:\/\/medicom.sk\/?page_id=952\",\"url\":\"http:\/\/medicom.sk\/?page_id=952\",\"name\":\"L\u00f4\u017ekov\u00e9 oddelenie - MediCom Software - Ambulantn\u00fd program\",\"isPartOf\":{\"@id\":\"https:\/\/medicom.sk\/#website\"},\"primaryImageOfPage\":{\"@id\":\"http:\/\/medicom.sk\/?page_id=952#primaryimage\"},\"image\":{\"@id\":\"http:\/\/medicom.sk\/?page_id=952#primaryimage\"},\"thumbnailUrl\":\"http:\/\/medicom.sk\/wp-content\/uploads\/2022\/05\/lozkove_odd-removebg-preview.png\",\"datePublished\":\"2022-05-11T11:11:01+00:00\",\"dateModified\":\"2022-05-20T12:02:40+00:00\",\"breadcrumb\":{\"@id\":\"http:\/\/medicom.sk\/?page_id=952#breadcrumb\"},\"inLanguage\":\"sk-SK\",\"potentialAction\":[{\"@type\":\"ReadAction\",\"target\":[\"http:\/\/medicom.sk\/?page_id=952\"]}]},{\"@type\":\"ImageObject\",\"inLanguage\":\"sk-SK\",\"@id\":\"http:\/\/medicom.sk\/?page_id=952#primaryimage\",\"url\":\"https:\/\/medicom.sk\/wp-content\/uploads\/2022\/05\/lozkove_odd-removebg-preview.png\",\"contentUrl\":\"https:\/\/medicom.sk\/wp-content\/uploads\/2022\/05\/lozkove_odd-removebg-preview.png\",\"width\":242,\"height\":298},{\"@type\":\"BreadcrumbList\",\"@id\":\"http:\/\/medicom.sk\/?page_id=952#breadcrumb\",\"itemListElement\":[{\"@type\":\"ListItem\",\"position\":1,\"name\":\"Home\",\"item\":\"https:\/\/medicom.sk\/\"},{\"@type\":\"ListItem\",\"position\":2,\"name\":\"L\u00f4\u017ekov\u00e9 oddelenie\"}]},{\"@type\":\"WebSite\",\"@id\":\"https:\/\/medicom.sk\/#website\",\"url\":\"https:\/\/medicom.sk\/\",\"name\":\"MediCom Software - Ambulantn\u00fd program\",\"description\":\"\",\"publisher\":{\"@id\":\"https:\/\/medicom.sk\/#organization\"},\"potentialAction\":[{\"@type\":\"SearchAction\",\"target\":{\"@type\":\"EntryPoint\",\"urlTemplate\":\"https:\/\/medicom.sk\/?s={search_term_string}\"},\"query-input\":{\"@type\":\"PropertyValueSpecification\",\"valueRequired\":true,\"valueName\":\"search_term_string\"}}],\"inLanguage\":\"sk-SK\"},{\"@type\":\"Organization\",\"@id\":\"https:\/\/medicom.sk\/#organization\",\"name\":\"MediCom Software - Ambulantn\u00fd program\",\"url\":\"https:\/\/medicom.sk\/\",\"logo\":{\"@type\":\"ImageObject\",\"inLanguage\":\"sk-SK\",\"@id\":\"https:\/\/medicom.sk\/#\/schema\/logo\/image\/\",\"url\":\"https:\/\/medicom.sk\/wp-content\/uploads\/2022\/05\/cropped-cropped-cropped-cropped-cropped-logo-1-1.png\",\"contentUrl\":\"https:\/\/medicom.sk\/wp-content\/uploads\/2022\/05\/cropped-cropped-cropped-cropped-cropped-logo-1-1.png\",\"width\":253,\"height\":62,\"caption\":\"MediCom Software - Ambulantn\u00fd program \"},\"image\":{\"@id\":\"https:\/\/medicom.sk\/#\/schema\/logo\/image\/\"}}]}<\/script>\n<!-- \/ Yoast SEO plugin. -->","yoast_head_json":{"title":"L\u00f4\u017ekov\u00e9 oddelenie - MediCom Software - Ambulantn\u00fd program","robots":{"index":"index","follow":"follow","max-snippet":"max-snippet:-1","max-image-preview":"max-image-preview:large","max-video-preview":"max-video-preview:-1"},"canonical":"http:\/\/medicom.sk\/?page_id=952","og_locale":"sk_SK","og_type":"article","og_title":"L\u00f4\u017ekov\u00e9 oddelenie - MediCom Software - Ambulantn\u00fd program","og_description":"L\u00f4\u017ekov\u00e9 oddelenia v\u0161etk\u00fdch typov odbornost\u00edPrij\u00edmacie, prep\u00fa\u0161\u0165acie spr\u00e1vy, chorobopisy a \u010fal\u0161ia dokument\u00e1cia pod\u013ea typu odbornosti dan\u00e9ho oddelenia. S\u00fa\u010das\u0165ou je integrovan\u00fd klasifika\u010dn\u00fd syst\u00e9m DRG. Zah\u00e1jen\u00e1 hospitaliz\u00e1cia pacienta na oddelen\u00ed tvor\u00ed podklad na vykazovanie zdravotnej starostlivosti zdravotn\u00fdm pois\u0165ovniam. Stacion\u00e1r Vedenie zdravotnej dokument\u00e1cie v stacion\u00e1ri, v\u00fdstup do zdravotn\u00fdch pois\u0165ovn\u00ed pod\u013ea l\u00f4\u017ekodn\u00ed alebo \u0161peci\u00e1lneho v\u00fdkonu za o\u0161etrovac\u00ed de\u0148. Jednod\u0148ov\u00e1 ambulantn\u00e1 starostlivos\u0165Automatizovan\u00fd prenos \u00fadajov medzi prij\u00edmacou spr\u00e1vou, opera\u010dn\u00fdm protokolom a prep\u00fa\u0161\u0165acou spr\u00e1vou. Bezplatn\u00e1 in\u0161tal\u00e1cia Demo verzie","og_url":"http:\/\/medicom.sk\/?page_id=952","og_site_name":"MediCom Software - Ambulantn\u00fd program","article_modified_time":"2022-05-20T12:02:40+00:00","og_image":[{"url":"http:\/\/medicom.sk\/wp-content\/uploads\/2022\/05\/lozkove_odd-removebg-preview.png","type":"","width":"","height":""}],"twitter_card":"summary_large_image","twitter_misc":{"Predpokladan\u00fd \u010das \u010d\u00edtania":"1 min\u00fata"},"schema":{"@context":"https:\/\/schema.org","@graph":[{"@type":"WebPage","@id":"http:\/\/medicom.sk\/?page_id=952","url":"http:\/\/medicom.sk\/?page_id=952","name":"L\u00f4\u017ekov\u00e9 oddelenie - MediCom Software - Ambulantn\u00fd program","isPartOf":{"@id":"https:\/\/medicom.sk\/#website"},"primaryImageOfPage":{"@id":"http:\/\/medicom.sk\/?page_id=952#primaryimage"},"image":{"@id":"http:\/\/medicom.sk\/?page_id=952#primaryimage"},"thumbnailUrl":"http:\/\/medicom.sk\/wp-content\/uploads\/2022\/05\/lozkove_odd-removebg-preview.png","datePublished":"2022-05-11T11:11:01+00:00","dateModified":"2022-05-20T12:02:40+00:00","breadcrumb":{"@id":"http:\/\/medicom.sk\/?page_id=952#breadcrumb"},"inLanguage":"sk-SK","potentialAction":[{"@type":"ReadAction","target":["http:\/\/medicom.sk\/?page_id=952"]}]},{"@type":"ImageObject","inLanguage":"sk-SK","@id":"http:\/\/medicom.sk\/?page_id=952#primaryimage","url":"https:\/\/medicom.sk\/wp-content\/uploads\/2022\/05\/lozkove_odd-removebg-preview.png","contentUrl":"https:\/\/medicom.sk\/wp-content\/uploads\/2022\/05\/lozkove_odd-removebg-preview.png","width":242,"height":298},{"@type":"BreadcrumbList","@id":"http:\/\/medicom.sk\/?page_id=952#breadcrumb","itemListElement":[{"@type":"ListItem","position":1,"name":"Home","item":"https:\/\/medicom.sk\/"},{"@type":"ListItem","position":2,"name":"L\u00f4\u017ekov\u00e9 oddelenie"}]},{"@type":"WebSite","@id":"https:\/\/medicom.sk\/#website","url":"https:\/\/medicom.sk\/","name":"MediCom Software - Ambulantn\u00fd program","description":"","publisher":{"@id":"https:\/\/medicom.sk\/#organization"},"potentialAction":[{"@type":"SearchAction","target":{"@type":"EntryPoint","urlTemplate":"https:\/\/medicom.sk\/?s={search_term_string}"},"query-input":{"@type":"PropertyValueSpecification","valueRequired":true,"valueName":"search_term_string"}}],"inLanguage":"sk-SK"},{"@type":"Organization","@id":"https:\/\/medicom.sk\/#organization","name":"MediCom Software - Ambulantn\u00fd program","url":"https:\/\/medicom.sk\/","logo":{"@type":"ImageObject","inLanguage":"sk-SK","@id":"https:\/\/medicom.sk\/#\/schema\/logo\/image\/","url":"https:\/\/medicom.sk\/wp-content\/uploads\/2022\/05\/cropped-cropped-cropped-cropped-cropped-logo-1-1.png","contentUrl":"https:\/\/medicom.sk\/wp-content\/uploads\/2022\/05\/cropped-cropped-cropped-cropped-cropped-logo-1-1.png","width":253,"height":62,"caption":"MediCom Software - Ambulantn\u00fd program "},"image":{"@id":"https:\/\/medicom.sk\/#\/schema\/logo\/image\/"}}]}},"_links":{"self":[{"href":"https:\/\/medicom.sk\/index.php?rest_route=\/wp\/v2\/pages\/952","targetHints":{"allow":["GET"]}}],"collection":[{"href":"https:\/\/medicom.sk\/index.php?rest_route=\/wp\/v2\/pages"}],"about":[{"href":"https:\/\/medicom.sk\/index.php?rest_route=\/wp\/v2\/types\/page"}],"author":[{"embeddable":true,"href":"https:\/\/medicom.sk\/index.php?rest_route=\/wp\/v2\/users\/5"}],"replies":[{"embeddable":true,"href":"https:\/\/medicom.sk\/index.php?rest_route=%2Fwp%2Fv2%2Fcomments&post=952"}],"version-history":[{"count":5,"href":"https:\/\/medicom.sk\/index.php?rest_route=\/wp\/v2\/pages\/952\/revisions"}],"predecessor-version":[{"id":1189,"href":"https:\/\/medicom.sk\/index.php?rest_route=\/wp\/v2\/pages\/952\/revisions\/1189"}],"wp:attachment":[{"href":"https:\/\/medicom.sk\/index.php?rest_route=%2Fwp%2Fv2%2Fmedia&parent=952"}],"curies":[{"name":"wp","href":"https:\/\/api.w.org\/{rel}","templated":true}]}}