{"id":942,"date":"2022-05-11T12:38:08","date_gmt":"2022-05-11T10:38:08","guid":{"rendered":"http:\/\/medicom.sk\/?page_id=942"},"modified":"2022-06-01T14:01:09","modified_gmt":"2022-06-01T12:01:09","slug":"aps","status":"publish","type":"page","link":"https:\/\/medicom.sk\/?page_id=942","title":{"rendered":"APS"},"content":{"rendered":"\n<div class=\"wp-block-columns is-layout-flex wp-container-core-columns-is-layout-1 wp-block-columns-is-layout-flex\">\n<div class=\"wp-block-column is-layout-flow wp-block-column-is-layout-flow\" style=\"flex-basis:66.66%\">\n<ul class=\"wp-block-list\"><li><strong><mark style=\"background-color:rgba(0, 0, 0, 0)\" class=\"has-inline-color has-primary-color\">APS pod\u013ea odbornost\u00ed<\/mark><\/strong><br>Ambulantn\u00e1 pohotovostn\u00e1 slu\u017eba pre dospel\u00fdch, pre deti a dorast, zubno &#8211; lek\u00e1rska pohotovostn\u00e1 slu\u017eba. <\/li><li><strong><mark style=\"background-color:rgba(0, 0, 0, 0)\" class=\"has-inline-color has-primary-color\">Multiverzia<\/mark><\/strong><br>Multiverzia umo\u017e\u0148uje zadefinova\u0165 viacer\u00fdch lek\u00e1rov vykon\u00e1vaj\u00facich slu\u017eby na APS. Vytvorenie eReceptov, dekurzov a bodovania s \u00fadajmi lek\u00e1ra vykon\u00e1vaj\u00faceho slu\u017ebu APS. <\/li><li><strong><mark style=\"background-color:rgba(0, 0, 0, 0)\" class=\"has-inline-color has-primary-color\">Pr\u00edstupov\u00e9 pr\u00e1va pod\u013ea typu u\u017e\u00edvate\u013ea<\/mark><\/strong><br>Vytvorenie profilov lek\u00e1rom, zdravotn\u00fdm sestr\u00e1m, technick\u00fdch pracovn\u00edkom, prisp\u00f4sobenie u\u017e\u00edvate\u013esk\u00fdch pr\u00e1v a obmedzen\u00ed profilom pod\u013ea potreby. <\/li><li><strong><mark style=\"background-color:rgba(0, 0, 0, 0)\" class=\"has-inline-color has-primary-color\">V\u00fdstup pre ZP<\/mark><\/strong><br>Jednoduch\u00e9 vytvorenie d\u00e1vok za v\u0161etk\u00fdch lek\u00e1rov vykon\u00e1vaj\u00facich slu\u017eby na APS pre zdravotn\u00e9 pois\u0165ovne, automatick\u00fd v\u00fdpo\u010det fakt\u00fary za APS pre zdravotn\u00e9 pois\u0165ovne. <\/li><\/ul>\n<\/div>\n\n\n\n<div class=\"wp-block-column is-layout-flow wp-block-column-is-layout-flow\" style=\"flex-basis:33.33%\">\n<figure class=\"wp-block-image size-full is-resized\"><img loading=\"lazy\" decoding=\"async\" src=\"http:\/\/medicom.sk\/wp-content\/uploads\/2022\/05\/aps-removebg-preview-1.png\" alt=\"\" class=\"wp-image-949\" width=\"413\" height=\"489\" srcset=\"https:\/\/medicom.sk\/wp-content\/uploads\/2022\/05\/aps-removebg-preview-1.png 261w, https:\/\/medicom.sk\/wp-content\/uploads\/2022\/05\/aps-removebg-preview-1-253x300.png 253w, https:\/\/medicom.sk\/wp-content\/uploads\/2022\/05\/aps-removebg-preview-1-98x116.png 98w\" sizes=\"auto, (max-width: 413px) 100vw, 413px\" \/><\/figure>\n<\/div>\n<\/div>\n\n\n\n<hr class=\"wp-block-separator\"\/>\n\n\n\n<h2 class=\"has-text-align-center wp-block-heading\"><strong><mark style=\"background-color:rgba(0, 0, 0, 0)\" class=\"has-inline-color has-primary-color\">Bezplatn\u00e1 in\u0161tal\u00e1cia<\/mark><\/strong><\/h2>\n\n\n\n<p class=\"has-text-align-center has-x-large-font-size\"><strong>Demo verzie<\/strong><br><a href=\"http:\/\/medicom.sk\/?page_id=414\"><img loading=\"lazy\" decoding=\"async\" width=\"250\" height=\"60\" class=\"wp-image-1045\" style=\"width: 250px;\" src=\"http:\/\/medicom.sk\/wp-content\/uploads\/2022\/05\/viac_info-removebg-preview.png\" alt=\"\" srcset=\"https:\/\/medicom.sk\/wp-content\/uploads\/2022\/05\/viac_info-removebg-preview.png 269w, https:\/\/medicom.sk\/wp-content\/uploads\/2022\/05\/viac_info-removebg-preview-228x55.png 228w\" sizes=\"auto, (max-width: 250px) 100vw, 250px\" \/><\/a><\/p>\n","protected":false},"excerpt":{"rendered":"<p>APS pod\u013ea odbornost\u00edAmbulantn\u00e1 pohotovostn\u00e1 slu\u017eba pre dospel\u00fdch, pre deti a dorast, zubno &#8211; lek\u00e1rska pohotovostn\u00e1 slu\u017eba. MultiverziaMultiverzia umo\u017e\u0148uje zadefinova\u0165 viacer\u00fdch lek\u00e1rov vykon\u00e1vaj\u00facich slu\u017eby na APS. Vytvorenie eReceptov, dekurzov a bodovania s \u00fadajmi lek\u00e1ra vykon\u00e1vaj\u00faceho slu\u017ebu APS. Pr\u00edstupov\u00e9 pr\u00e1va pod\u013ea typu u\u017e\u00edvate\u013eaVytvorenie profilov lek\u00e1rom, zdravotn\u00fdm sestr\u00e1m, technick\u00fdch pracovn\u00edkom, prisp\u00f4sobenie u\u017e\u00edvate\u013esk\u00fdch pr\u00e1v a obmedzen\u00ed profilom pod\u013ea potreby. V\u00fdstup pre ZPJednoduch\u00e9 vytvorenie d\u00e1vok za v\u0161etk\u00fdch lek\u00e1rov vykon\u00e1vaj\u00facich slu\u017eby na APS pre zdravotn\u00e9 pois\u0165ovne, automatick\u00fd v\u00fdpo\u010det fakt\u00fary za APS pre zdravotn\u00e9 pois\u0165ovne. Bezplatn\u00e1 in\u0161tal\u00e1cia&hellip;<\/p>\n","protected":false},"author":5,"featured_media":0,"parent":0,"menu_order":0,"comment_status":"closed","ping_status":"closed","template":"","meta":{"footnotes":""},"class_list":["post-942","page","type-page","status-publish","hentry"],"yoast_head":"<!-- This site is optimized with the Yoast SEO plugin v24.3 - https:\/\/yoast.com\/wordpress\/plugins\/seo\/ -->\n<title>APS - MediCom Software - Ambulantn\u00fd program<\/title>\n<meta name=\"robots\" content=\"index, follow, max-snippet:-1, max-image-preview:large, max-video-preview:-1\" \/>\n<link rel=\"canonical\" href=\"http:\/\/medicom.sk\/?page_id=942\" \/>\n<meta property=\"og:locale\" content=\"sk_SK\" \/>\n<meta property=\"og:type\" content=\"article\" \/>\n<meta property=\"og:title\" content=\"APS - MediCom Software - Ambulantn\u00fd program\" \/>\n<meta property=\"og:description\" content=\"APS pod\u013ea odbornost\u00edAmbulantn\u00e1 pohotovostn\u00e1 slu\u017eba pre dospel\u00fdch, pre deti a dorast, zubno &#8211; lek\u00e1rska pohotovostn\u00e1 slu\u017eba. MultiverziaMultiverzia umo\u017e\u0148uje zadefinova\u0165 viacer\u00fdch lek\u00e1rov vykon\u00e1vaj\u00facich slu\u017eby na APS. Vytvorenie eReceptov, dekurzov a bodovania s \u00fadajmi lek\u00e1ra vykon\u00e1vaj\u00faceho slu\u017ebu APS. Pr\u00edstupov\u00e9 pr\u00e1va pod\u013ea typu u\u017e\u00edvate\u013eaVytvorenie profilov lek\u00e1rom, zdravotn\u00fdm sestr\u00e1m, technick\u00fdch pracovn\u00edkom, prisp\u00f4sobenie u\u017e\u00edvate\u013esk\u00fdch pr\u00e1v a obmedzen\u00ed profilom pod\u013ea potreby. V\u00fdstup pre ZPJednoduch\u00e9 vytvorenie d\u00e1vok za v\u0161etk\u00fdch lek\u00e1rov vykon\u00e1vaj\u00facich slu\u017eby na APS pre zdravotn\u00e9 pois\u0165ovne, automatick\u00fd v\u00fdpo\u010det fakt\u00fary za APS pre zdravotn\u00e9 pois\u0165ovne. Bezplatn\u00e1 in\u0161tal\u00e1cia&hellip;\" \/>\n<meta property=\"og:url\" content=\"http:\/\/medicom.sk\/?page_id=942\" \/>\n<meta property=\"og:site_name\" content=\"MediCom Software - Ambulantn\u00fd program\" \/>\n<meta property=\"article:modified_time\" content=\"2022-06-01T12:01:09+00:00\" \/>\n<meta property=\"og:image\" content=\"http:\/\/medicom.sk\/wp-content\/uploads\/2022\/05\/aps-removebg-preview-1.png\" \/>\n<meta name=\"twitter:card\" content=\"summary_large_image\" \/>\n<meta name=\"twitter:label1\" content=\"Predpokladan\u00fd \u010das \u010d\u00edtania\" \/>\n\t<meta name=\"twitter:data1\" content=\"1 min\u00fata\" \/>\n<script type=\"application\/ld+json\" class=\"yoast-schema-graph\">{\"@context\":\"https:\/\/schema.org\",\"@graph\":[{\"@type\":\"WebPage\",\"@id\":\"http:\/\/medicom.sk\/?page_id=942\",\"url\":\"http:\/\/medicom.sk\/?page_id=942\",\"name\":\"APS - MediCom Software - Ambulantn\u00fd program\",\"isPartOf\":{\"@id\":\"https:\/\/medicom.sk\/#website\"},\"primaryImageOfPage\":{\"@id\":\"http:\/\/medicom.sk\/?page_id=942#primaryimage\"},\"image\":{\"@id\":\"http:\/\/medicom.sk\/?page_id=942#primaryimage\"},\"thumbnailUrl\":\"http:\/\/medicom.sk\/wp-content\/uploads\/2022\/05\/aps-removebg-preview-1.png\",\"datePublished\":\"2022-05-11T10:38:08+00:00\",\"dateModified\":\"2022-06-01T12:01:09+00:00\",\"breadcrumb\":{\"@id\":\"http:\/\/medicom.sk\/?page_id=942#breadcrumb\"},\"inLanguage\":\"sk-SK\",\"potentialAction\":[{\"@type\":\"ReadAction\",\"target\":[\"http:\/\/medicom.sk\/?page_id=942\"]}]},{\"@type\":\"ImageObject\",\"inLanguage\":\"sk-SK\",\"@id\":\"http:\/\/medicom.sk\/?page_id=942#primaryimage\",\"url\":\"https:\/\/medicom.sk\/wp-content\/uploads\/2022\/05\/aps-removebg-preview-1.png\",\"contentUrl\":\"https:\/\/medicom.sk\/wp-content\/uploads\/2022\/05\/aps-removebg-preview-1.png\",\"width\":261,\"height\":309},{\"@type\":\"BreadcrumbList\",\"@id\":\"http:\/\/medicom.sk\/?page_id=942#breadcrumb\",\"itemListElement\":[{\"@type\":\"ListItem\",\"position\":1,\"name\":\"Home\",\"item\":\"https:\/\/medicom.sk\/\"},{\"@type\":\"ListItem\",\"position\":2,\"name\":\"APS\"}]},{\"@type\":\"WebSite\",\"@id\":\"https:\/\/medicom.sk\/#website\",\"url\":\"https:\/\/medicom.sk\/\",\"name\":\"MediCom Software - Ambulantn\u00fd program\",\"description\":\"\",\"publisher\":{\"@id\":\"https:\/\/medicom.sk\/#organization\"},\"potentialAction\":[{\"@type\":\"SearchAction\",\"target\":{\"@type\":\"EntryPoint\",\"urlTemplate\":\"https:\/\/medicom.sk\/?s={search_term_string}\"},\"query-input\":{\"@type\":\"PropertyValueSpecification\",\"valueRequired\":true,\"valueName\":\"search_term_string\"}}],\"inLanguage\":\"sk-SK\"},{\"@type\":\"Organization\",\"@id\":\"https:\/\/medicom.sk\/#organization\",\"name\":\"MediCom Software - Ambulantn\u00fd program\",\"url\":\"https:\/\/medicom.sk\/\",\"logo\":{\"@type\":\"ImageObject\",\"inLanguage\":\"sk-SK\",\"@id\":\"https:\/\/medicom.sk\/#\/schema\/logo\/image\/\",\"url\":\"https:\/\/medicom.sk\/wp-content\/uploads\/2022\/05\/cropped-cropped-cropped-cropped-cropped-logo-1-1.png\",\"contentUrl\":\"https:\/\/medicom.sk\/wp-content\/uploads\/2022\/05\/cropped-cropped-cropped-cropped-cropped-logo-1-1.png\",\"width\":253,\"height\":62,\"caption\":\"MediCom Software - Ambulantn\u00fd program \"},\"image\":{\"@id\":\"https:\/\/medicom.sk\/#\/schema\/logo\/image\/\"}}]}<\/script>\n<!-- \/ Yoast SEO plugin. -->","yoast_head_json":{"title":"APS - MediCom Software - Ambulantn\u00fd program","robots":{"index":"index","follow":"follow","max-snippet":"max-snippet:-1","max-image-preview":"max-image-preview:large","max-video-preview":"max-video-preview:-1"},"canonical":"http:\/\/medicom.sk\/?page_id=942","og_locale":"sk_SK","og_type":"article","og_title":"APS - MediCom Software - Ambulantn\u00fd program","og_description":"APS pod\u013ea odbornost\u00edAmbulantn\u00e1 pohotovostn\u00e1 slu\u017eba pre dospel\u00fdch, pre deti a dorast, zubno &#8211; lek\u00e1rska pohotovostn\u00e1 slu\u017eba. MultiverziaMultiverzia umo\u017e\u0148uje zadefinova\u0165 viacer\u00fdch lek\u00e1rov vykon\u00e1vaj\u00facich slu\u017eby na APS. Vytvorenie eReceptov, dekurzov a bodovania s \u00fadajmi lek\u00e1ra vykon\u00e1vaj\u00faceho slu\u017ebu APS. Pr\u00edstupov\u00e9 pr\u00e1va pod\u013ea typu u\u017e\u00edvate\u013eaVytvorenie profilov lek\u00e1rom, zdravotn\u00fdm sestr\u00e1m, technick\u00fdch pracovn\u00edkom, prisp\u00f4sobenie u\u017e\u00edvate\u013esk\u00fdch pr\u00e1v a obmedzen\u00ed profilom pod\u013ea potreby. V\u00fdstup pre ZPJednoduch\u00e9 vytvorenie d\u00e1vok za v\u0161etk\u00fdch lek\u00e1rov vykon\u00e1vaj\u00facich slu\u017eby na APS pre zdravotn\u00e9 pois\u0165ovne, automatick\u00fd v\u00fdpo\u010det fakt\u00fary za APS pre zdravotn\u00e9 pois\u0165ovne. Bezplatn\u00e1 in\u0161tal\u00e1cia&hellip;","og_url":"http:\/\/medicom.sk\/?page_id=942","og_site_name":"MediCom Software - Ambulantn\u00fd program","article_modified_time":"2022-06-01T12:01:09+00:00","og_image":[{"url":"http:\/\/medicom.sk\/wp-content\/uploads\/2022\/05\/aps-removebg-preview-1.png","type":"","width":"","height":""}],"twitter_card":"summary_large_image","twitter_misc":{"Predpokladan\u00fd \u010das \u010d\u00edtania":"1 min\u00fata"},"schema":{"@context":"https:\/\/schema.org","@graph":[{"@type":"WebPage","@id":"http:\/\/medicom.sk\/?page_id=942","url":"http:\/\/medicom.sk\/?page_id=942","name":"APS - MediCom Software - Ambulantn\u00fd program","isPartOf":{"@id":"https:\/\/medicom.sk\/#website"},"primaryImageOfPage":{"@id":"http:\/\/medicom.sk\/?page_id=942#primaryimage"},"image":{"@id":"http:\/\/medicom.sk\/?page_id=942#primaryimage"},"thumbnailUrl":"http:\/\/medicom.sk\/wp-content\/uploads\/2022\/05\/aps-removebg-preview-1.png","datePublished":"2022-05-11T10:38:08+00:00","dateModified":"2022-06-01T12:01:09+00:00","breadcrumb":{"@id":"http:\/\/medicom.sk\/?page_id=942#breadcrumb"},"inLanguage":"sk-SK","potentialAction":[{"@type":"ReadAction","target":["http:\/\/medicom.sk\/?page_id=942"]}]},{"@type":"ImageObject","inLanguage":"sk-SK","@id":"http:\/\/medicom.sk\/?page_id=942#primaryimage","url":"https:\/\/medicom.sk\/wp-content\/uploads\/2022\/05\/aps-removebg-preview-1.png","contentUrl":"https:\/\/medicom.sk\/wp-content\/uploads\/2022\/05\/aps-removebg-preview-1.png","width":261,"height":309},{"@type":"BreadcrumbList","@id":"http:\/\/medicom.sk\/?page_id=942#breadcrumb","itemListElement":[{"@type":"ListItem","position":1,"name":"Home","item":"https:\/\/medicom.sk\/"},{"@type":"ListItem","position":2,"name":"APS"}]},{"@type":"WebSite","@id":"https:\/\/medicom.sk\/#website","url":"https:\/\/medicom.sk\/","name":"MediCom Software - Ambulantn\u00fd program","description":"","publisher":{"@id":"https:\/\/medicom.sk\/#organization"},"potentialAction":[{"@type":"SearchAction","target":{"@type":"EntryPoint","urlTemplate":"https:\/\/medicom.sk\/?s={search_term_string}"},"query-input":{"@type":"PropertyValueSpecification","valueRequired":true,"valueName":"search_term_string"}}],"inLanguage":"sk-SK"},{"@type":"Organization","@id":"https:\/\/medicom.sk\/#organization","name":"MediCom Software - Ambulantn\u00fd program","url":"https:\/\/medicom.sk\/","logo":{"@type":"ImageObject","inLanguage":"sk-SK","@id":"https:\/\/medicom.sk\/#\/schema\/logo\/image\/","url":"https:\/\/medicom.sk\/wp-content\/uploads\/2022\/05\/cropped-cropped-cropped-cropped-cropped-logo-1-1.png","contentUrl":"https:\/\/medicom.sk\/wp-content\/uploads\/2022\/05\/cropped-cropped-cropped-cropped-cropped-logo-1-1.png","width":253,"height":62,"caption":"MediCom Software - Ambulantn\u00fd program "},"image":{"@id":"https:\/\/medicom.sk\/#\/schema\/logo\/image\/"}}]}},"_links":{"self":[{"href":"https:\/\/medicom.sk\/index.php?rest_route=\/wp\/v2\/pages\/942","targetHints":{"allow":["GET"]}}],"collection":[{"href":"https:\/\/medicom.sk\/index.php?rest_route=\/wp\/v2\/pages"}],"about":[{"href":"https:\/\/medicom.sk\/index.php?rest_route=\/wp\/v2\/types\/page"}],"author":[{"embeddable":true,"href":"https:\/\/medicom.sk\/index.php?rest_route=\/wp\/v2\/users\/5"}],"replies":[{"embeddable":true,"href":"https:\/\/medicom.sk\/index.php?rest_route=%2Fwp%2Fv2%2Fcomments&post=942"}],"version-history":[{"count":5,"href":"https:\/\/medicom.sk\/index.php?rest_route=\/wp\/v2\/pages\/942\/revisions"}],"predecessor-version":[{"id":1201,"href":"https:\/\/medicom.sk\/index.php?rest_route=\/wp\/v2\/pages\/942\/revisions\/1201"}],"wp:attachment":[{"href":"https:\/\/medicom.sk\/index.php?rest_route=%2Fwp%2Fv2%2Fmedia&parent=942"}],"curies":[{"name":"wp","href":"https:\/\/api.w.org\/{rel}","templated":true}]}}