{"id":617,"date":"2022-05-09T13:52:01","date_gmt":"2022-05-09T11:52:01","guid":{"rendered":"http:\/\/medicom.sk\/?page_id=617"},"modified":"2022-07-28T09:22:42","modified_gmt":"2022-07-28T07:22:42","slug":"mc-online","status":"publish","type":"page","link":"https:\/\/medicom.sk\/?page_id=617","title":{"rendered":"Pacientsk\u00fd port\u00e1l &#8211; Moji Lek\u00e1ri"},"content":{"rendered":"\n<p><strong>Zjednodu\u0161te si komunik\u00e1ciu s&nbsp;Va\u0161im pacientom pomocou online pacientskeho port\u00e1lu <mark style=\"background-color:rgba(0, 0, 0, 0)\" class=\"has-inline-color has-primary-color\"><a href=\"https:\/\/lekar.digital\/\" target=\"_blank\" rel=\"noreferrer noopener\">lekar.digital<\/a><\/mark>, v\u010faka ktor\u00e9mu m\u00f4\u017eete komunikova\u0165 so svojim pacientom priamo z&nbsp;programu MediCom.<\/strong><\/p>\n\n\n\n<div class=\"wp-block-image\"><figure class=\"aligncenter size-full\"><img loading=\"lazy\" decoding=\"async\" width=\"516\" height=\"298\" src=\"http:\/\/medicom.sk\/wp-content\/uploads\/2022\/05\/mc-online.png\" alt=\"\" class=\"wp-image-846\" srcset=\"https:\/\/medicom.sk\/wp-content\/uploads\/2022\/05\/mc-online.png 516w, https:\/\/medicom.sk\/wp-content\/uploads\/2022\/05\/mc-online-300x173.png 300w, https:\/\/medicom.sk\/wp-content\/uploads\/2022\/05\/mc-online-201x116.png 201w\" sizes=\"auto, (max-width: 516px) 100vw, 516px\" \/><\/figure><\/div>\n\n\n\n<div class=\"wp-block-columns are-vertically-aligned-center is-layout-flex wp-container-core-columns-is-layout-1 wp-block-columns-is-layout-flex\">\n<div class=\"wp-block-column is-vertically-aligned-center is-layout-flow wp-block-column-is-layout-flow\" style=\"flex-basis:100%\">\n<ul class=\"wp-block-list\"><li>V\u00fdrazne <strong><mark style=\"background-color:rgba(0, 0, 0, 0)\" class=\"has-inline-color has-primary-color\">redukuje \u010dasov\u00fa z\u00e1\u0165a\u017e<\/mark><\/strong> potrebn\u00fa na vybavenie telefon\u00e1tov, mailov, objedn\u00e1vok.<\/li><li>Automatick\u00e9 <strong><mark style=\"background-color:rgba(0, 0, 0, 0)\" class=\"has-inline-color has-primary-color\">zaznamenanie komunik\u00e1cie<\/mark><\/strong> do dekurzu pacienta aj s mo\u017enos\u0165ou z\u00e1pisu v\u00fdkonu telemedic\u00edny.<\/li><li>Pacient m\u00e1 mo\u017enos\u0165 si <mark style=\"background-color:rgba(0, 0, 0, 0)\" class=\"has-inline-color has-primary-color\"><strong>pohodln\u00fdm sp\u00f4sobom<\/strong> <\/mark>objedn\u00e1va\u0165 \u010dasto u\u017e\u00edvan\u00e9 lieky, <strong><mark style=\"background-color:rgba(0, 0, 0, 0)\" class=\"has-inline-color has-primary-color\">konzultova\u0165<\/mark><\/strong> r\u00f4zne zmeny zdravotn\u00e9ho stavu, <strong><mark style=\"background-color:rgba(0, 0, 0, 0)\" class=\"has-inline-color has-primary-color\">po\u017eiada\u0165 o term\u00edn vy\u0161etrenia<\/mark><\/strong>, \u017eiada\u0165 o&nbsp;vystavenie ur\u010dit\u00fdch potvrden\u00ed (napr. v\u00fdmenn\u00fd list, PN, potvrdenie o o\u010dkovan\u00ed).<\/li><li>Lek\u00e1r ma na v\u00fdber, ktor\u00e9 slu\u017eby dovol\u00ed <strong><mark style=\"background-color:rgba(0, 0, 0, 0)\" class=\"has-inline-color has-primary-color\">zverejni\u0165 na pacientskom port\u00e1li<\/mark><\/strong>.<\/li><li>Mo\u017enos\u0165 <strong><mark style=\"background-color:rgba(0, 0, 0, 0)\" class=\"has-inline-color has-primary-color\">hromadn\u00e9ho spracovania<\/mark><\/strong> v\u0161etk\u00fdch objednan\u00fdch liekov pacientami.<\/li><li>Pacient je o&nbsp;vybaven\u00ed \u017eiadosti informovan\u00fd<strong> <mark style=\"background-color:rgba(0, 0, 0, 0)\" class=\"has-inline-color has-primary-color\">notifik\u00e1ciou na email<\/mark><\/strong>.<\/li><li><strong><mark style=\"background-color:rgba(0, 0, 0, 0)\" class=\"has-inline-color has-primary-color\">Pripomenutie rezervovan\u00e9ho term\u00ednu<\/mark><\/strong> v&nbsp;de\u0148 vy\u0161etrenia.<\/li><li>Lek\u00e1r m\u00f4\u017ee rozhodn\u00fa\u0165, ktor\u00e9mu pacientovi bude umo\u017enen\u00e1 <strong><mark style=\"background-color:rgba(0, 0, 0, 0)\" class=\"has-inline-color has-primary-color\">online komunik\u00e1cia<\/mark><\/strong>.<\/li><li><strong><mark style=\"background-color:rgba(0, 0, 0, 0)\" class=\"has-inline-color has-primary-color\">Spr\u00e1vy s&nbsp;pr\u00edlohou<\/mark><\/strong> (obr\u00e1zky, formul\u00e1re a&nbsp;in\u00e9).<\/li><\/ul>\n<\/div>\n<\/div>\n\n\n\n<hr class=\"wp-block-separator\"\/>\n\n\n\n<div class=\"wp-block-image\"><figure class=\"aligncenter size-full\"><a href=\"https:\/\/lekar.digital\/\" target=\"_blank\" rel=\"noopener\"><img loading=\"lazy\" decoding=\"async\" width=\"224\" height=\"70\" src=\"http:\/\/medicom.sk\/wp-content\/uploads\/2022\/05\/moji-lekari.png\" alt=\"\" class=\"wp-image-1083\"\/><\/a><\/figure><\/div>\n","protected":false},"excerpt":{"rendered":"<p>Zjednodu\u0161te si komunik\u00e1ciu s&nbsp;Va\u0161im pacientom pomocou online pacientskeho port\u00e1lu lekar.digital, v\u010faka ktor\u00e9mu m\u00f4\u017eete komunikova\u0165 so svojim pacientom priamo z&nbsp;programu MediCom. V\u00fdrazne redukuje \u010dasov\u00fa z\u00e1\u0165a\u017e potrebn\u00fa na vybavenie telefon\u00e1tov, mailov, objedn\u00e1vok. Automatick\u00e9 zaznamenanie komunik\u00e1cie do dekurzu pacienta aj s mo\u017enos\u0165ou z\u00e1pisu v\u00fdkonu telemedic\u00edny. Pacient m\u00e1 mo\u017enos\u0165 si pohodln\u00fdm sp\u00f4sobom objedn\u00e1va\u0165 \u010dasto u\u017e\u00edvan\u00e9 lieky, konzultova\u0165 r\u00f4zne zmeny zdravotn\u00e9ho stavu, po\u017eiada\u0165 o term\u00edn vy\u0161etrenia, \u017eiada\u0165 o&nbsp;vystavenie ur\u010dit\u00fdch potvrden\u00ed (napr. v\u00fdmenn\u00fd list, PN, potvrdenie o o\u010dkovan\u00ed). Lek\u00e1r ma na v\u00fdber, ktor\u00e9 slu\u017eby dovol\u00ed zverejni\u0165&hellip;<\/p>\n","protected":false},"author":1,"featured_media":0,"parent":0,"menu_order":0,"comment_status":"closed","ping_status":"closed","template":"","meta":{"footnotes":""},"class_list":["post-617","page","type-page","status-publish","hentry"],"yoast_head":"<!-- This site is optimized with the Yoast SEO plugin v24.3 - https:\/\/yoast.com\/wordpress\/plugins\/seo\/ -->\n<title>Pacientsk\u00fd port\u00e1l - Moji Lek\u00e1ri - MediCom Software - Ambulantn\u00fd program<\/title>\n<meta name=\"robots\" content=\"index, follow, max-snippet:-1, max-image-preview:large, max-video-preview:-1\" \/>\n<link rel=\"canonical\" href=\"https:\/\/medicom.sk\/?page_id=617\" \/>\n<meta property=\"og:locale\" content=\"sk_SK\" \/>\n<meta property=\"og:type\" content=\"article\" \/>\n<meta property=\"og:title\" content=\"Pacientsk\u00fd port\u00e1l - Moji Lek\u00e1ri - MediCom Software - Ambulantn\u00fd program\" \/>\n<meta property=\"og:description\" content=\"Zjednodu\u0161te si komunik\u00e1ciu s&nbsp;Va\u0161im pacientom pomocou online pacientskeho port\u00e1lu lekar.digital, v\u010faka ktor\u00e9mu m\u00f4\u017eete komunikova\u0165 so svojim pacientom priamo z&nbsp;programu MediCom. V\u00fdrazne redukuje \u010dasov\u00fa z\u00e1\u0165a\u017e potrebn\u00fa na vybavenie telefon\u00e1tov, mailov, objedn\u00e1vok. Automatick\u00e9 zaznamenanie komunik\u00e1cie do dekurzu pacienta aj s mo\u017enos\u0165ou z\u00e1pisu v\u00fdkonu telemedic\u00edny. Pacient m\u00e1 mo\u017enos\u0165 si pohodln\u00fdm sp\u00f4sobom objedn\u00e1va\u0165 \u010dasto u\u017e\u00edvan\u00e9 lieky, konzultova\u0165 r\u00f4zne zmeny zdravotn\u00e9ho stavu, po\u017eiada\u0165 o term\u00edn vy\u0161etrenia, \u017eiada\u0165 o&nbsp;vystavenie ur\u010dit\u00fdch potvrden\u00ed (napr. v\u00fdmenn\u00fd list, PN, potvrdenie o o\u010dkovan\u00ed). Lek\u00e1r ma na v\u00fdber, ktor\u00e9 slu\u017eby dovol\u00ed zverejni\u0165&hellip;\" \/>\n<meta property=\"og:url\" content=\"https:\/\/medicom.sk\/?page_id=617\" \/>\n<meta property=\"og:site_name\" content=\"MediCom Software - Ambulantn\u00fd program\" \/>\n<meta property=\"article:modified_time\" content=\"2022-07-28T07:22:42+00:00\" \/>\n<meta property=\"og:image\" content=\"http:\/\/medicom.sk\/wp-content\/uploads\/2022\/05\/mc-online.png\" \/>\n<meta name=\"twitter:card\" content=\"summary_large_image\" \/>\n<meta name=\"twitter:label1\" content=\"Predpokladan\u00fd \u010das \u010d\u00edtania\" \/>\n\t<meta name=\"twitter:data1\" content=\"2 min\u00faty\" \/>\n<script type=\"application\/ld+json\" class=\"yoast-schema-graph\">{\"@context\":\"https:\/\/schema.org\",\"@graph\":[{\"@type\":\"WebPage\",\"@id\":\"https:\/\/medicom.sk\/?page_id=617\",\"url\":\"https:\/\/medicom.sk\/?page_id=617\",\"name\":\"Pacientsk\u00fd port\u00e1l - Moji Lek\u00e1ri - MediCom Software - Ambulantn\u00fd program\",\"isPartOf\":{\"@id\":\"https:\/\/medicom.sk\/#website\"},\"primaryImageOfPage\":{\"@id\":\"https:\/\/medicom.sk\/?page_id=617#primaryimage\"},\"image\":{\"@id\":\"https:\/\/medicom.sk\/?page_id=617#primaryimage\"},\"thumbnailUrl\":\"http:\/\/medicom.sk\/wp-content\/uploads\/2022\/05\/mc-online.png\",\"datePublished\":\"2022-05-09T11:52:01+00:00\",\"dateModified\":\"2022-07-28T07:22:42+00:00\",\"breadcrumb\":{\"@id\":\"https:\/\/medicom.sk\/?page_id=617#breadcrumb\"},\"inLanguage\":\"sk-SK\",\"potentialAction\":[{\"@type\":\"ReadAction\",\"target\":[\"https:\/\/medicom.sk\/?page_id=617\"]}]},{\"@type\":\"ImageObject\",\"inLanguage\":\"sk-SK\",\"@id\":\"https:\/\/medicom.sk\/?page_id=617#primaryimage\",\"url\":\"https:\/\/medicom.sk\/wp-content\/uploads\/2022\/05\/mc-online.png\",\"contentUrl\":\"https:\/\/medicom.sk\/wp-content\/uploads\/2022\/05\/mc-online.png\",\"width\":516,\"height\":298},{\"@type\":\"BreadcrumbList\",\"@id\":\"https:\/\/medicom.sk\/?page_id=617#breadcrumb\",\"itemListElement\":[{\"@type\":\"ListItem\",\"position\":1,\"name\":\"Home\",\"item\":\"https:\/\/medicom.sk\/\"},{\"@type\":\"ListItem\",\"position\":2,\"name\":\"Pacientsk\u00fd port\u00e1l &#8211; Moji Lek\u00e1ri\"}]},{\"@type\":\"WebSite\",\"@id\":\"https:\/\/medicom.sk\/#website\",\"url\":\"https:\/\/medicom.sk\/\",\"name\":\"MediCom Software - Ambulantn\u00fd program\",\"description\":\"\",\"publisher\":{\"@id\":\"https:\/\/medicom.sk\/#organization\"},\"potentialAction\":[{\"@type\":\"SearchAction\",\"target\":{\"@type\":\"EntryPoint\",\"urlTemplate\":\"https:\/\/medicom.sk\/?s={search_term_string}\"},\"query-input\":{\"@type\":\"PropertyValueSpecification\",\"valueRequired\":true,\"valueName\":\"search_term_string\"}}],\"inLanguage\":\"sk-SK\"},{\"@type\":\"Organization\",\"@id\":\"https:\/\/medicom.sk\/#organization\",\"name\":\"MediCom Software - Ambulantn\u00fd program\",\"url\":\"https:\/\/medicom.sk\/\",\"logo\":{\"@type\":\"ImageObject\",\"inLanguage\":\"sk-SK\",\"@id\":\"https:\/\/medicom.sk\/#\/schema\/logo\/image\/\",\"url\":\"https:\/\/medicom.sk\/wp-content\/uploads\/2022\/05\/cropped-cropped-cropped-cropped-cropped-logo-1-1.png\",\"contentUrl\":\"https:\/\/medicom.sk\/wp-content\/uploads\/2022\/05\/cropped-cropped-cropped-cropped-cropped-logo-1-1.png\",\"width\":253,\"height\":62,\"caption\":\"MediCom Software - Ambulantn\u00fd program \"},\"image\":{\"@id\":\"https:\/\/medicom.sk\/#\/schema\/logo\/image\/\"}}]}<\/script>\n<!-- \/ Yoast SEO plugin. -->","yoast_head_json":{"title":"Pacientsk\u00fd port\u00e1l - Moji Lek\u00e1ri - MediCom Software - Ambulantn\u00fd program","robots":{"index":"index","follow":"follow","max-snippet":"max-snippet:-1","max-image-preview":"max-image-preview:large","max-video-preview":"max-video-preview:-1"},"canonical":"https:\/\/medicom.sk\/?page_id=617","og_locale":"sk_SK","og_type":"article","og_title":"Pacientsk\u00fd port\u00e1l - Moji Lek\u00e1ri - MediCom Software - Ambulantn\u00fd program","og_description":"Zjednodu\u0161te si komunik\u00e1ciu s&nbsp;Va\u0161im pacientom pomocou online pacientskeho port\u00e1lu lekar.digital, v\u010faka ktor\u00e9mu m\u00f4\u017eete komunikova\u0165 so svojim pacientom priamo z&nbsp;programu MediCom. V\u00fdrazne redukuje \u010dasov\u00fa z\u00e1\u0165a\u017e potrebn\u00fa na vybavenie telefon\u00e1tov, mailov, objedn\u00e1vok. Automatick\u00e9 zaznamenanie komunik\u00e1cie do dekurzu pacienta aj s mo\u017enos\u0165ou z\u00e1pisu v\u00fdkonu telemedic\u00edny. Pacient m\u00e1 mo\u017enos\u0165 si pohodln\u00fdm sp\u00f4sobom objedn\u00e1va\u0165 \u010dasto u\u017e\u00edvan\u00e9 lieky, konzultova\u0165 r\u00f4zne zmeny zdravotn\u00e9ho stavu, po\u017eiada\u0165 o term\u00edn vy\u0161etrenia, \u017eiada\u0165 o&nbsp;vystavenie ur\u010dit\u00fdch potvrden\u00ed (napr. v\u00fdmenn\u00fd list, PN, potvrdenie o o\u010dkovan\u00ed). Lek\u00e1r ma na v\u00fdber, ktor\u00e9 slu\u017eby dovol\u00ed zverejni\u0165&hellip;","og_url":"https:\/\/medicom.sk\/?page_id=617","og_site_name":"MediCom Software - Ambulantn\u00fd program","article_modified_time":"2022-07-28T07:22:42+00:00","og_image":[{"url":"http:\/\/medicom.sk\/wp-content\/uploads\/2022\/05\/mc-online.png","type":"","width":"","height":""}],"twitter_card":"summary_large_image","twitter_misc":{"Predpokladan\u00fd \u010das \u010d\u00edtania":"2 min\u00faty"},"schema":{"@context":"https:\/\/schema.org","@graph":[{"@type":"WebPage","@id":"https:\/\/medicom.sk\/?page_id=617","url":"https:\/\/medicom.sk\/?page_id=617","name":"Pacientsk\u00fd port\u00e1l - Moji Lek\u00e1ri - MediCom Software - Ambulantn\u00fd program","isPartOf":{"@id":"https:\/\/medicom.sk\/#website"},"primaryImageOfPage":{"@id":"https:\/\/medicom.sk\/?page_id=617#primaryimage"},"image":{"@id":"https:\/\/medicom.sk\/?page_id=617#primaryimage"},"thumbnailUrl":"http:\/\/medicom.sk\/wp-content\/uploads\/2022\/05\/mc-online.png","datePublished":"2022-05-09T11:52:01+00:00","dateModified":"2022-07-28T07:22:42+00:00","breadcrumb":{"@id":"https:\/\/medicom.sk\/?page_id=617#breadcrumb"},"inLanguage":"sk-SK","potentialAction":[{"@type":"ReadAction","target":["https:\/\/medicom.sk\/?page_id=617"]}]},{"@type":"ImageObject","inLanguage":"sk-SK","@id":"https:\/\/medicom.sk\/?page_id=617#primaryimage","url":"https:\/\/medicom.sk\/wp-content\/uploads\/2022\/05\/mc-online.png","contentUrl":"https:\/\/medicom.sk\/wp-content\/uploads\/2022\/05\/mc-online.png","width":516,"height":298},{"@type":"BreadcrumbList","@id":"https:\/\/medicom.sk\/?page_id=617#breadcrumb","itemListElement":[{"@type":"ListItem","position":1,"name":"Home","item":"https:\/\/medicom.sk\/"},{"@type":"ListItem","position":2,"name":"Pacientsk\u00fd port\u00e1l &#8211; Moji Lek\u00e1ri"}]},{"@type":"WebSite","@id":"https:\/\/medicom.sk\/#website","url":"https:\/\/medicom.sk\/","name":"MediCom Software - Ambulantn\u00fd program","description":"","publisher":{"@id":"https:\/\/medicom.sk\/#organization"},"potentialAction":[{"@type":"SearchAction","target":{"@type":"EntryPoint","urlTemplate":"https:\/\/medicom.sk\/?s={search_term_string}"},"query-input":{"@type":"PropertyValueSpecification","valueRequired":true,"valueName":"search_term_string"}}],"inLanguage":"sk-SK"},{"@type":"Organization","@id":"https:\/\/medicom.sk\/#organization","name":"MediCom Software - Ambulantn\u00fd program","url":"https:\/\/medicom.sk\/","logo":{"@type":"ImageObject","inLanguage":"sk-SK","@id":"https:\/\/medicom.sk\/#\/schema\/logo\/image\/","url":"https:\/\/medicom.sk\/wp-content\/uploads\/2022\/05\/cropped-cropped-cropped-cropped-cropped-logo-1-1.png","contentUrl":"https:\/\/medicom.sk\/wp-content\/uploads\/2022\/05\/cropped-cropped-cropped-cropped-cropped-logo-1-1.png","width":253,"height":62,"caption":"MediCom Software - Ambulantn\u00fd program "},"image":{"@id":"https:\/\/medicom.sk\/#\/schema\/logo\/image\/"}}]}},"_links":{"self":[{"href":"https:\/\/medicom.sk\/index.php?rest_route=\/wp\/v2\/pages\/617","targetHints":{"allow":["GET"]}}],"collection":[{"href":"https:\/\/medicom.sk\/index.php?rest_route=\/wp\/v2\/pages"}],"about":[{"href":"https:\/\/medicom.sk\/index.php?rest_route=\/wp\/v2\/types\/page"}],"author":[{"embeddable":true,"href":"https:\/\/medicom.sk\/index.php?rest_route=\/wp\/v2\/users\/1"}],"replies":[{"embeddable":true,"href":"https:\/\/medicom.sk\/index.php?rest_route=%2Fwp%2Fv2%2Fcomments&post=617"}],"version-history":[{"count":6,"href":"https:\/\/medicom.sk\/index.php?rest_route=\/wp\/v2\/pages\/617\/revisions"}],"predecessor-version":[{"id":1231,"href":"https:\/\/medicom.sk\/index.php?rest_route=\/wp\/v2\/pages\/617\/revisions\/1231"}],"wp:attachment":[{"href":"https:\/\/medicom.sk\/index.php?rest_route=%2Fwp%2Fv2%2Fmedia&parent=617"}],"curies":[{"name":"wp","href":"https:\/\/api.w.org\/{rel}","templated":true}]}}