{"id":613,"date":"2022-05-09T13:47:59","date_gmt":"2022-05-09T11:47:59","guid":{"rendered":"http:\/\/medicom.sk\/?page_id=613"},"modified":"2022-05-11T14:48:41","modified_gmt":"2022-05-11T12:48:41","slug":"clanky-k-liekom","status":"publish","type":"page","link":"https:\/\/medicom.sk\/?page_id=613","title":{"rendered":"\u010cl\u00e1nky k liekom"},"content":{"rendered":"\n<p><strong>Modul \u201e\u010cl\u00e1nky k&nbsp;liekom\u201c obsahuje podrobn\u00e9 inform\u00e1cie o&nbsp;liekoch (vo forme SPC alebo pr\u00edbalov\u00fdch let\u00e1kov) dostupn\u00fdch na Slovensku priamo pri predpisovan\u00ed konkr\u00e9tneho lieku. Modul pracuje s&nbsp;rozsiahlou datab\u00e1zou \u010dl\u00e1nkov o&nbsp;liekoch a&nbsp;umo\u017e\u0148uje r\u00fdchle vyh\u013ead\u00e1vanie a&nbsp;filtrovanie liekov.<\/strong><\/p>\n\n\n\n<div class=\"wp-block-image\"><figure class=\"aligncenter size-full\"><img loading=\"lazy\" decoding=\"async\" width=\"535\" height=\"336\" src=\"http:\/\/medicom.sk\/wp-content\/uploads\/2022\/05\/clanky_k_liekom_velky-removebg-preview.png\" alt=\"\" class=\"wp-image-884\" srcset=\"https:\/\/medicom.sk\/wp-content\/uploads\/2022\/05\/clanky_k_liekom_velky-removebg-preview.png 535w, https:\/\/medicom.sk\/wp-content\/uploads\/2022\/05\/clanky_k_liekom_velky-removebg-preview-300x188.png 300w, https:\/\/medicom.sk\/wp-content\/uploads\/2022\/05\/clanky_k_liekom_velky-removebg-preview-185x116.png 185w\" sizes=\"auto, (max-width: 535px) 100vw, 535px\" \/><\/figure><\/div>\n\n\n\n<ul class=\"wp-block-list\"><li>Zobrazenie <strong><mark style=\"background-color:rgba(0, 0, 0, 0)\" class=\"has-inline-color has-primary-color\">pr\u00edbalov\u00fdch let\u00e1kov a\u00a0SPC<\/mark><\/strong> priamo pri predpisovan\u00ed.<\/li><li>Zobrazenie <strong><mark style=\"background-color:rgba(0, 0, 0, 0)\" class=\"has-inline-color has-primary-color\">indika\u010dn\u00fdch obmedzen\u00ed<\/mark><\/strong>.<\/li><li>Jednoduch\u00e9 <strong><mark style=\"background-color:rgba(0, 0, 0, 0)\" class=\"has-inline-color has-primary-color\">vyh\u013eadanie a\u00a0filtrovanie<\/mark><\/strong> inform\u00e1ci\u00ed.<\/li><li>Vyh\u013ead\u00e1vanie <strong><mark style=\"background-color:rgba(0, 0, 0, 0)\" class=\"has-inline-color has-primary-color\">alternat\u00edvneho lieku<\/mark><\/strong> pod\u013ea \u00fa\u010dinnej l\u00e1tky.<\/li><li>Inform\u00e1cie s\u00fa doplnen\u00e9 o <strong><mark style=\"background-color:rgba(0, 0, 0, 0)\" class=\"has-inline-color has-primary-color\">obr\u00e1zky, sch\u00e9my a\u00a0tabu\u013eky<\/mark><\/strong>.<\/li><\/ul>\n\n\n\n<p><\/p>\n","protected":false},"excerpt":{"rendered":"<p>Modul \u201e\u010cl\u00e1nky k&nbsp;liekom\u201c obsahuje podrobn\u00e9 inform\u00e1cie o&nbsp;liekoch (vo forme SPC alebo pr\u00edbalov\u00fdch let\u00e1kov) dostupn\u00fdch na Slovensku priamo pri predpisovan\u00ed konkr\u00e9tneho lieku. Modul pracuje s&nbsp;rozsiahlou datab\u00e1zou \u010dl\u00e1nkov o&nbsp;liekoch a&nbsp;umo\u017e\u0148uje r\u00fdchle vyh\u013ead\u00e1vanie a&nbsp;filtrovanie liekov. Zobrazenie pr\u00edbalov\u00fdch let\u00e1kov a\u00a0SPC priamo pri predpisovan\u00ed. Zobrazenie indika\u010dn\u00fdch obmedzen\u00ed. Jednoduch\u00e9 vyh\u013eadanie a\u00a0filtrovanie inform\u00e1ci\u00ed. Vyh\u013ead\u00e1vanie alternat\u00edvneho lieku pod\u013ea \u00fa\u010dinnej l\u00e1tky. Inform\u00e1cie s\u00fa doplnen\u00e9 o obr\u00e1zky, sch\u00e9my a\u00a0tabu\u013eky.<\/p>\n","protected":false},"author":1,"featured_media":0,"parent":0,"menu_order":0,"comment_status":"closed","ping_status":"closed","template":"","meta":{"footnotes":""},"class_list":["post-613","page","type-page","status-publish","hentry"],"yoast_head":"<!-- This site is optimized with the Yoast SEO plugin v24.3 - https:\/\/yoast.com\/wordpress\/plugins\/seo\/ -->\n<title>\u010cl\u00e1nky k liekom - MediCom Software - Ambulantn\u00fd program<\/title>\n<meta name=\"robots\" content=\"index, follow, max-snippet:-1, max-image-preview:large, max-video-preview:-1\" \/>\n<link rel=\"canonical\" href=\"http:\/\/medicom.sk\/?page_id=613\" \/>\n<meta property=\"og:locale\" content=\"sk_SK\" \/>\n<meta property=\"og:type\" content=\"article\" \/>\n<meta property=\"og:title\" content=\"\u010cl\u00e1nky k liekom - MediCom Software - Ambulantn\u00fd program\" \/>\n<meta property=\"og:description\" content=\"Modul \u201e\u010cl\u00e1nky k&nbsp;liekom\u201c obsahuje podrobn\u00e9 inform\u00e1cie o&nbsp;liekoch (vo forme SPC alebo pr\u00edbalov\u00fdch let\u00e1kov) dostupn\u00fdch na Slovensku priamo pri predpisovan\u00ed konkr\u00e9tneho lieku. Modul pracuje s&nbsp;rozsiahlou datab\u00e1zou \u010dl\u00e1nkov o&nbsp;liekoch a&nbsp;umo\u017e\u0148uje r\u00fdchle vyh\u013ead\u00e1vanie a&nbsp;filtrovanie liekov. Zobrazenie pr\u00edbalov\u00fdch let\u00e1kov a\u00a0SPC priamo pri predpisovan\u00ed. Zobrazenie indika\u010dn\u00fdch obmedzen\u00ed. Jednoduch\u00e9 vyh\u013eadanie a\u00a0filtrovanie inform\u00e1ci\u00ed. Vyh\u013ead\u00e1vanie alternat\u00edvneho lieku pod\u013ea \u00fa\u010dinnej l\u00e1tky. Inform\u00e1cie s\u00fa doplnen\u00e9 o obr\u00e1zky, sch\u00e9my a\u00a0tabu\u013eky.\" \/>\n<meta property=\"og:url\" content=\"http:\/\/medicom.sk\/?page_id=613\" \/>\n<meta property=\"og:site_name\" content=\"MediCom Software - Ambulantn\u00fd program\" \/>\n<meta property=\"article:modified_time\" content=\"2022-05-11T12:48:41+00:00\" \/>\n<meta property=\"og:image\" content=\"http:\/\/medicom.sk\/wp-content\/uploads\/2022\/05\/clanky_k_liekom_velky-removebg-preview.png\" \/>\n<meta name=\"twitter:card\" content=\"summary_large_image\" \/>\n<meta name=\"twitter:label1\" content=\"Predpokladan\u00fd \u010das \u010d\u00edtania\" \/>\n\t<meta name=\"twitter:data1\" content=\"1 min\u00fata\" \/>\n<script type=\"application\/ld+json\" class=\"yoast-schema-graph\">{\"@context\":\"https:\/\/schema.org\",\"@graph\":[{\"@type\":\"WebPage\",\"@id\":\"http:\/\/medicom.sk\/?page_id=613\",\"url\":\"http:\/\/medicom.sk\/?page_id=613\",\"name\":\"\u010cl\u00e1nky k liekom - MediCom Software - Ambulantn\u00fd program\",\"isPartOf\":{\"@id\":\"https:\/\/medicom.sk\/#website\"},\"primaryImageOfPage\":{\"@id\":\"http:\/\/medicom.sk\/?page_id=613#primaryimage\"},\"image\":{\"@id\":\"http:\/\/medicom.sk\/?page_id=613#primaryimage\"},\"thumbnailUrl\":\"http:\/\/medicom.sk\/wp-content\/uploads\/2022\/05\/clanky_k_liekom_velky-removebg-preview.png\",\"datePublished\":\"2022-05-09T11:47:59+00:00\",\"dateModified\":\"2022-05-11T12:48:41+00:00\",\"breadcrumb\":{\"@id\":\"http:\/\/medicom.sk\/?page_id=613#breadcrumb\"},\"inLanguage\":\"sk-SK\",\"potentialAction\":[{\"@type\":\"ReadAction\",\"target\":[\"http:\/\/medicom.sk\/?page_id=613\"]}]},{\"@type\":\"ImageObject\",\"inLanguage\":\"sk-SK\",\"@id\":\"http:\/\/medicom.sk\/?page_id=613#primaryimage\",\"url\":\"https:\/\/medicom.sk\/wp-content\/uploads\/2022\/05\/clanky_k_liekom_velky-removebg-preview.png\",\"contentUrl\":\"https:\/\/medicom.sk\/wp-content\/uploads\/2022\/05\/clanky_k_liekom_velky-removebg-preview.png\",\"width\":535,\"height\":336},{\"@type\":\"BreadcrumbList\",\"@id\":\"http:\/\/medicom.sk\/?page_id=613#breadcrumb\",\"itemListElement\":[{\"@type\":\"ListItem\",\"position\":1,\"name\":\"Home\",\"item\":\"https:\/\/medicom.sk\/\"},{\"@type\":\"ListItem\",\"position\":2,\"name\":\"\u010cl\u00e1nky k liekom\"}]},{\"@type\":\"WebSite\",\"@id\":\"https:\/\/medicom.sk\/#website\",\"url\":\"https:\/\/medicom.sk\/\",\"name\":\"MediCom Software - Ambulantn\u00fd program\",\"description\":\"\",\"publisher\":{\"@id\":\"https:\/\/medicom.sk\/#organization\"},\"potentialAction\":[{\"@type\":\"SearchAction\",\"target\":{\"@type\":\"EntryPoint\",\"urlTemplate\":\"https:\/\/medicom.sk\/?s={search_term_string}\"},\"query-input\":{\"@type\":\"PropertyValueSpecification\",\"valueRequired\":true,\"valueName\":\"search_term_string\"}}],\"inLanguage\":\"sk-SK\"},{\"@type\":\"Organization\",\"@id\":\"https:\/\/medicom.sk\/#organization\",\"name\":\"MediCom Software - Ambulantn\u00fd program\",\"url\":\"https:\/\/medicom.sk\/\",\"logo\":{\"@type\":\"ImageObject\",\"inLanguage\":\"sk-SK\",\"@id\":\"https:\/\/medicom.sk\/#\/schema\/logo\/image\/\",\"url\":\"https:\/\/medicom.sk\/wp-content\/uploads\/2022\/05\/cropped-cropped-cropped-cropped-cropped-logo-1-1.png\",\"contentUrl\":\"https:\/\/medicom.sk\/wp-content\/uploads\/2022\/05\/cropped-cropped-cropped-cropped-cropped-logo-1-1.png\",\"width\":253,\"height\":62,\"caption\":\"MediCom Software - Ambulantn\u00fd program \"},\"image\":{\"@id\":\"https:\/\/medicom.sk\/#\/schema\/logo\/image\/\"}}]}<\/script>\n<!-- \/ Yoast SEO plugin. -->","yoast_head_json":{"title":"\u010cl\u00e1nky k liekom - MediCom Software - Ambulantn\u00fd program","robots":{"index":"index","follow":"follow","max-snippet":"max-snippet:-1","max-image-preview":"max-image-preview:large","max-video-preview":"max-video-preview:-1"},"canonical":"http:\/\/medicom.sk\/?page_id=613","og_locale":"sk_SK","og_type":"article","og_title":"\u010cl\u00e1nky k liekom - MediCom Software - Ambulantn\u00fd program","og_description":"Modul \u201e\u010cl\u00e1nky k&nbsp;liekom\u201c obsahuje podrobn\u00e9 inform\u00e1cie o&nbsp;liekoch (vo forme SPC alebo pr\u00edbalov\u00fdch let\u00e1kov) dostupn\u00fdch na Slovensku priamo pri predpisovan\u00ed konkr\u00e9tneho lieku. Modul pracuje s&nbsp;rozsiahlou datab\u00e1zou \u010dl\u00e1nkov o&nbsp;liekoch a&nbsp;umo\u017e\u0148uje r\u00fdchle vyh\u013ead\u00e1vanie a&nbsp;filtrovanie liekov. Zobrazenie pr\u00edbalov\u00fdch let\u00e1kov a\u00a0SPC priamo pri predpisovan\u00ed. Zobrazenie indika\u010dn\u00fdch obmedzen\u00ed. Jednoduch\u00e9 vyh\u013eadanie a\u00a0filtrovanie inform\u00e1ci\u00ed. Vyh\u013ead\u00e1vanie alternat\u00edvneho lieku pod\u013ea \u00fa\u010dinnej l\u00e1tky. Inform\u00e1cie s\u00fa doplnen\u00e9 o obr\u00e1zky, sch\u00e9my a\u00a0tabu\u013eky.","og_url":"http:\/\/medicom.sk\/?page_id=613","og_site_name":"MediCom Software - Ambulantn\u00fd program","article_modified_time":"2022-05-11T12:48:41+00:00","og_image":[{"url":"http:\/\/medicom.sk\/wp-content\/uploads\/2022\/05\/clanky_k_liekom_velky-removebg-preview.png","type":"","width":"","height":""}],"twitter_card":"summary_large_image","twitter_misc":{"Predpokladan\u00fd \u010das \u010d\u00edtania":"1 min\u00fata"},"schema":{"@context":"https:\/\/schema.org","@graph":[{"@type":"WebPage","@id":"http:\/\/medicom.sk\/?page_id=613","url":"http:\/\/medicom.sk\/?page_id=613","name":"\u010cl\u00e1nky k liekom - MediCom Software - Ambulantn\u00fd program","isPartOf":{"@id":"https:\/\/medicom.sk\/#website"},"primaryImageOfPage":{"@id":"http:\/\/medicom.sk\/?page_id=613#primaryimage"},"image":{"@id":"http:\/\/medicom.sk\/?page_id=613#primaryimage"},"thumbnailUrl":"http:\/\/medicom.sk\/wp-content\/uploads\/2022\/05\/clanky_k_liekom_velky-removebg-preview.png","datePublished":"2022-05-09T11:47:59+00:00","dateModified":"2022-05-11T12:48:41+00:00","breadcrumb":{"@id":"http:\/\/medicom.sk\/?page_id=613#breadcrumb"},"inLanguage":"sk-SK","potentialAction":[{"@type":"ReadAction","target":["http:\/\/medicom.sk\/?page_id=613"]}]},{"@type":"ImageObject","inLanguage":"sk-SK","@id":"http:\/\/medicom.sk\/?page_id=613#primaryimage","url":"https:\/\/medicom.sk\/wp-content\/uploads\/2022\/05\/clanky_k_liekom_velky-removebg-preview.png","contentUrl":"https:\/\/medicom.sk\/wp-content\/uploads\/2022\/05\/clanky_k_liekom_velky-removebg-preview.png","width":535,"height":336},{"@type":"BreadcrumbList","@id":"http:\/\/medicom.sk\/?page_id=613#breadcrumb","itemListElement":[{"@type":"ListItem","position":1,"name":"Home","item":"https:\/\/medicom.sk\/"},{"@type":"ListItem","position":2,"name":"\u010cl\u00e1nky k liekom"}]},{"@type":"WebSite","@id":"https:\/\/medicom.sk\/#website","url":"https:\/\/medicom.sk\/","name":"MediCom Software - Ambulantn\u00fd program","description":"","publisher":{"@id":"https:\/\/medicom.sk\/#organization"},"potentialAction":[{"@type":"SearchAction","target":{"@type":"EntryPoint","urlTemplate":"https:\/\/medicom.sk\/?s={search_term_string}"},"query-input":{"@type":"PropertyValueSpecification","valueRequired":true,"valueName":"search_term_string"}}],"inLanguage":"sk-SK"},{"@type":"Organization","@id":"https:\/\/medicom.sk\/#organization","name":"MediCom Software - Ambulantn\u00fd program","url":"https:\/\/medicom.sk\/","logo":{"@type":"ImageObject","inLanguage":"sk-SK","@id":"https:\/\/medicom.sk\/#\/schema\/logo\/image\/","url":"https:\/\/medicom.sk\/wp-content\/uploads\/2022\/05\/cropped-cropped-cropped-cropped-cropped-logo-1-1.png","contentUrl":"https:\/\/medicom.sk\/wp-content\/uploads\/2022\/05\/cropped-cropped-cropped-cropped-cropped-logo-1-1.png","width":253,"height":62,"caption":"MediCom Software - Ambulantn\u00fd program "},"image":{"@id":"https:\/\/medicom.sk\/#\/schema\/logo\/image\/"}}]}},"_links":{"self":[{"href":"https:\/\/medicom.sk\/index.php?rest_route=\/wp\/v2\/pages\/613","targetHints":{"allow":["GET"]}}],"collection":[{"href":"https:\/\/medicom.sk\/index.php?rest_route=\/wp\/v2\/pages"}],"about":[{"href":"https:\/\/medicom.sk\/index.php?rest_route=\/wp\/v2\/types\/page"}],"author":[{"embeddable":true,"href":"https:\/\/medicom.sk\/index.php?rest_route=\/wp\/v2\/users\/1"}],"replies":[{"embeddable":true,"href":"https:\/\/medicom.sk\/index.php?rest_route=%2Fwp%2Fv2%2Fcomments&post=613"}],"version-history":[{"count":6,"href":"https:\/\/medicom.sk\/index.php?rest_route=\/wp\/v2\/pages\/613\/revisions"}],"predecessor-version":[{"id":971,"href":"https:\/\/medicom.sk\/index.php?rest_route=\/wp\/v2\/pages\/613\/revisions\/971"}],"wp:attachment":[{"href":"https:\/\/medicom.sk\/index.php?rest_route=%2Fwp%2Fv2%2Fmedia&parent=613"}],"curies":[{"name":"wp","href":"https:\/\/api.w.org\/{rel}","templated":true}]}}