{"id":605,"date":"2022-05-09T13:46:15","date_gmt":"2022-05-09T11:46:15","guid":{"rendered":"http:\/\/medicom.sk\/?page_id=605"},"modified":"2022-05-26T13:47:49","modified_gmt":"2022-05-26T11:47:49","slug":"stahovanie-laboratornych-vysledkov","status":"publish","type":"page","link":"https:\/\/medicom.sk\/?page_id=605","title":{"rendered":"Import laborat\u00f3rnych v\u00fdsledkov"},"content":{"rendered":"\n<p><strong>Modul na import laborat\u00f3rnych v\u00fdsledkov zabezpe\u010duje okam\u017eit\u00fd prenos hotov\u00fdch v\u00fdsledkov na ambulanciu. Prijate v\u00fdsledky je mo\u017en\u00e9 hromadne naimportova\u0165 priamo do kariet pacientov a&nbsp;\u010falej automatizovane spracov\u00e1va\u0165 vr\u00e1tane tabu\u013ekov\u00e9ho a grafick\u00e9ho vyhodnocovania jednotliv\u00fdch veli\u010d\u00edn.<\/strong><\/p>\n\n\n\n<div class=\"wp-block-image\"><figure class=\"aligncenter size-full\"><img loading=\"lazy\" decoding=\"async\" width=\"518\" height=\"338\" src=\"http:\/\/medicom.sk\/wp-content\/uploads\/2022\/05\/stahovanie-lab.png\" alt=\"\" class=\"wp-image-850\" srcset=\"https:\/\/medicom.sk\/wp-content\/uploads\/2022\/05\/stahovanie-lab.png 518w, https:\/\/medicom.sk\/wp-content\/uploads\/2022\/05\/stahovanie-lab-300x196.png 300w, https:\/\/medicom.sk\/wp-content\/uploads\/2022\/05\/stahovanie-lab-178x116.png 178w\" sizes=\"auto, (max-width: 518px) 100vw, 518px\" \/><\/figure><\/div>\n\n\n\n<ul class=\"wp-block-list\"><li>Mo\u017enos\u0165 <strong><mark style=\"background-color:rgba(0, 0, 0, 0)\" class=\"has-inline-color has-primary-color\">nastavenia viacer\u00fdch laborat\u00f3ri\u00ed<\/mark><\/strong> a <strong><mark style=\"background-color:rgba(0, 0, 0, 0)\" class=\"has-inline-color has-primary-color\">s\u0165ahovanie v\u00fdsledkov<\/mark><\/strong> naraz zo v\u0161etk\u00fdch prednastaven\u00fdch laborat\u00f3ri\u00ed. <\/li><li><strong><mark style=\"background-color:rgba(0, 0, 0, 0)\" class=\"has-inline-color has-primary-color\">Hromadn\u00fd prenos laborat\u00f3rnych v\u00fdsledkov<\/mark><\/strong> priamo do kariet pacientov pod\u013ea rodn\u00e9ho \u010d\u00edsla.<\/li><li>Laborat\u00f3rne v\u00fdsledky m\u00f4\u017ee ma\u0165 lek\u00e1r <strong><mark style=\"background-color:rgba(0, 0, 0, 0)\" class=\"has-inline-color has-primary-color\">k dispoz\u00edcii okam\u017eite<\/mark><\/strong>, ako laborat\u00f3rium materi\u00e1l spracuje. <\/li><li><strong><mark style=\"background-color:rgba(0, 0, 0, 0)\" class=\"has-inline-color has-primary-color\">Odpad\u00e1 ru\u010dn\u00e9 zapisovanie \u00fadajov<\/mark><\/strong> &#8211; <mark style=\"background-color:rgba(0, 0, 0, 0)\" class=\"has-inline-color has-primary-color\"><strong>\u0161etrenie \u010dasu<\/strong><\/mark> na ambulancii.<\/li><li>Poskytuje <strong><mark style=\"background-color:rgba(0, 0, 0, 0)\" class=\"has-inline-color has-primary-color\">lep\u0161\u00ed preh\u013ead<\/mark><\/strong> a umo\u017e\u0148uje porovnanie v\u00fdsledkov pacienta v \u010dase.<\/li><li>Laborat\u00f3rne v\u00fdsledky pacienta mimo referen\u010dn\u00fdch hodn\u00f4t s\u00fa <strong><mark style=\"background-color:rgba(0, 0, 0, 0)\" class=\"has-inline-color has-primary-color\">farebne zv\u00fdraznen\u00e9<\/mark>.<\/strong><\/li><\/ul>\n\n\n\n<p><\/p>\n","protected":false},"excerpt":{"rendered":"<p>Modul na import laborat\u00f3rnych v\u00fdsledkov zabezpe\u010duje okam\u017eit\u00fd prenos hotov\u00fdch v\u00fdsledkov na ambulanciu. Prijate v\u00fdsledky je mo\u017en\u00e9 hromadne naimportova\u0165 priamo do kariet pacientov a&nbsp;\u010falej automatizovane spracov\u00e1va\u0165 vr\u00e1tane tabu\u013ekov\u00e9ho a grafick\u00e9ho vyhodnocovania jednotliv\u00fdch veli\u010d\u00edn. Mo\u017enos\u0165 nastavenia viacer\u00fdch laborat\u00f3ri\u00ed a s\u0165ahovanie v\u00fdsledkov naraz zo v\u0161etk\u00fdch prednastaven\u00fdch laborat\u00f3ri\u00ed. Hromadn\u00fd prenos laborat\u00f3rnych v\u00fdsledkov priamo do kariet pacientov pod\u013ea rodn\u00e9ho \u010d\u00edsla. Laborat\u00f3rne v\u00fdsledky m\u00f4\u017ee ma\u0165 lek\u00e1r k dispoz\u00edcii okam\u017eite, ako laborat\u00f3rium materi\u00e1l spracuje. Odpad\u00e1 ru\u010dn\u00e9 zapisovanie \u00fadajov &#8211; \u0161etrenie \u010dasu na ambulancii. Poskytuje lep\u0161\u00ed preh\u013ead a&hellip;<\/p>\n","protected":false},"author":1,"featured_media":0,"parent":0,"menu_order":0,"comment_status":"closed","ping_status":"closed","template":"","meta":{"footnotes":""},"class_list":["post-605","page","type-page","status-publish","hentry"],"yoast_head":"<!-- This site is optimized with the Yoast SEO plugin v24.3 - https:\/\/yoast.com\/wordpress\/plugins\/seo\/ -->\n<title>Import laborat\u00f3rnych v\u00fdsledkov - MediCom Software - Ambulantn\u00fd program<\/title>\n<meta name=\"robots\" content=\"index, follow, max-snippet:-1, max-image-preview:large, max-video-preview:-1\" \/>\n<link rel=\"canonical\" href=\"https:\/\/medicom.sk\/?page_id=605\" \/>\n<meta property=\"og:locale\" content=\"sk_SK\" \/>\n<meta property=\"og:type\" content=\"article\" \/>\n<meta property=\"og:title\" content=\"Import laborat\u00f3rnych v\u00fdsledkov - MediCom Software - Ambulantn\u00fd program\" \/>\n<meta property=\"og:description\" content=\"Modul na import laborat\u00f3rnych v\u00fdsledkov zabezpe\u010duje okam\u017eit\u00fd prenos hotov\u00fdch v\u00fdsledkov na ambulanciu. Prijate v\u00fdsledky je mo\u017en\u00e9 hromadne naimportova\u0165 priamo do kariet pacientov a&nbsp;\u010falej automatizovane spracov\u00e1va\u0165 vr\u00e1tane tabu\u013ekov\u00e9ho a grafick\u00e9ho vyhodnocovania jednotliv\u00fdch veli\u010d\u00edn. Mo\u017enos\u0165 nastavenia viacer\u00fdch laborat\u00f3ri\u00ed a s\u0165ahovanie v\u00fdsledkov naraz zo v\u0161etk\u00fdch prednastaven\u00fdch laborat\u00f3ri\u00ed. Hromadn\u00fd prenos laborat\u00f3rnych v\u00fdsledkov priamo do kariet pacientov pod\u013ea rodn\u00e9ho \u010d\u00edsla. Laborat\u00f3rne v\u00fdsledky m\u00f4\u017ee ma\u0165 lek\u00e1r k dispoz\u00edcii okam\u017eite, ako laborat\u00f3rium materi\u00e1l spracuje. Odpad\u00e1 ru\u010dn\u00e9 zapisovanie \u00fadajov &#8211; \u0161etrenie \u010dasu na ambulancii. Poskytuje lep\u0161\u00ed preh\u013ead a&hellip;\" \/>\n<meta property=\"og:url\" content=\"https:\/\/medicom.sk\/?page_id=605\" \/>\n<meta property=\"og:site_name\" content=\"MediCom Software - Ambulantn\u00fd program\" \/>\n<meta property=\"article:modified_time\" content=\"2022-05-26T11:47:49+00:00\" \/>\n<meta property=\"og:image\" content=\"http:\/\/medicom.sk\/wp-content\/uploads\/2022\/05\/stahovanie-lab.png\" \/>\n<meta name=\"twitter:card\" content=\"summary_large_image\" \/>\n<meta name=\"twitter:label1\" content=\"Predpokladan\u00fd \u010das \u010d\u00edtania\" \/>\n\t<meta name=\"twitter:data1\" content=\"1 min\u00fata\" \/>\n<script type=\"application\/ld+json\" class=\"yoast-schema-graph\">{\"@context\":\"https:\/\/schema.org\",\"@graph\":[{\"@type\":\"WebPage\",\"@id\":\"https:\/\/medicom.sk\/?page_id=605\",\"url\":\"https:\/\/medicom.sk\/?page_id=605\",\"name\":\"Import laborat\u00f3rnych v\u00fdsledkov - MediCom Software - Ambulantn\u00fd program\",\"isPartOf\":{\"@id\":\"https:\/\/medicom.sk\/#website\"},\"primaryImageOfPage\":{\"@id\":\"https:\/\/medicom.sk\/?page_id=605#primaryimage\"},\"image\":{\"@id\":\"https:\/\/medicom.sk\/?page_id=605#primaryimage\"},\"thumbnailUrl\":\"http:\/\/medicom.sk\/wp-content\/uploads\/2022\/05\/stahovanie-lab.png\",\"datePublished\":\"2022-05-09T11:46:15+00:00\",\"dateModified\":\"2022-05-26T11:47:49+00:00\",\"breadcrumb\":{\"@id\":\"https:\/\/medicom.sk\/?page_id=605#breadcrumb\"},\"inLanguage\":\"sk-SK\",\"potentialAction\":[{\"@type\":\"ReadAction\",\"target\":[\"https:\/\/medicom.sk\/?page_id=605\"]}]},{\"@type\":\"ImageObject\",\"inLanguage\":\"sk-SK\",\"@id\":\"https:\/\/medicom.sk\/?page_id=605#primaryimage\",\"url\":\"https:\/\/medicom.sk\/wp-content\/uploads\/2022\/05\/stahovanie-lab.png\",\"contentUrl\":\"https:\/\/medicom.sk\/wp-content\/uploads\/2022\/05\/stahovanie-lab.png\",\"width\":518,\"height\":338},{\"@type\":\"BreadcrumbList\",\"@id\":\"https:\/\/medicom.sk\/?page_id=605#breadcrumb\",\"itemListElement\":[{\"@type\":\"ListItem\",\"position\":1,\"name\":\"Home\",\"item\":\"https:\/\/medicom.sk\/\"},{\"@type\":\"ListItem\",\"position\":2,\"name\":\"Import laborat\u00f3rnych v\u00fdsledkov\"}]},{\"@type\":\"WebSite\",\"@id\":\"https:\/\/medicom.sk\/#website\",\"url\":\"https:\/\/medicom.sk\/\",\"name\":\"MediCom Software - Ambulantn\u00fd program\",\"description\":\"\",\"publisher\":{\"@id\":\"https:\/\/medicom.sk\/#organization\"},\"potentialAction\":[{\"@type\":\"SearchAction\",\"target\":{\"@type\":\"EntryPoint\",\"urlTemplate\":\"https:\/\/medicom.sk\/?s={search_term_string}\"},\"query-input\":{\"@type\":\"PropertyValueSpecification\",\"valueRequired\":true,\"valueName\":\"search_term_string\"}}],\"inLanguage\":\"sk-SK\"},{\"@type\":\"Organization\",\"@id\":\"https:\/\/medicom.sk\/#organization\",\"name\":\"MediCom Software - Ambulantn\u00fd program\",\"url\":\"https:\/\/medicom.sk\/\",\"logo\":{\"@type\":\"ImageObject\",\"inLanguage\":\"sk-SK\",\"@id\":\"https:\/\/medicom.sk\/#\/schema\/logo\/image\/\",\"url\":\"https:\/\/medicom.sk\/wp-content\/uploads\/2022\/05\/cropped-cropped-cropped-cropped-cropped-logo-1-1.png\",\"contentUrl\":\"https:\/\/medicom.sk\/wp-content\/uploads\/2022\/05\/cropped-cropped-cropped-cropped-cropped-logo-1-1.png\",\"width\":253,\"height\":62,\"caption\":\"MediCom Software - Ambulantn\u00fd program \"},\"image\":{\"@id\":\"https:\/\/medicom.sk\/#\/schema\/logo\/image\/\"}}]}<\/script>\n<!-- \/ Yoast SEO plugin. -->","yoast_head_json":{"title":"Import laborat\u00f3rnych v\u00fdsledkov - MediCom Software - Ambulantn\u00fd program","robots":{"index":"index","follow":"follow","max-snippet":"max-snippet:-1","max-image-preview":"max-image-preview:large","max-video-preview":"max-video-preview:-1"},"canonical":"https:\/\/medicom.sk\/?page_id=605","og_locale":"sk_SK","og_type":"article","og_title":"Import laborat\u00f3rnych v\u00fdsledkov - MediCom Software - Ambulantn\u00fd program","og_description":"Modul na import laborat\u00f3rnych v\u00fdsledkov zabezpe\u010duje okam\u017eit\u00fd prenos hotov\u00fdch v\u00fdsledkov na ambulanciu. Prijate v\u00fdsledky je mo\u017en\u00e9 hromadne naimportova\u0165 priamo do kariet pacientov a&nbsp;\u010falej automatizovane spracov\u00e1va\u0165 vr\u00e1tane tabu\u013ekov\u00e9ho a grafick\u00e9ho vyhodnocovania jednotliv\u00fdch veli\u010d\u00edn. Mo\u017enos\u0165 nastavenia viacer\u00fdch laborat\u00f3ri\u00ed a s\u0165ahovanie v\u00fdsledkov naraz zo v\u0161etk\u00fdch prednastaven\u00fdch laborat\u00f3ri\u00ed. Hromadn\u00fd prenos laborat\u00f3rnych v\u00fdsledkov priamo do kariet pacientov pod\u013ea rodn\u00e9ho \u010d\u00edsla. Laborat\u00f3rne v\u00fdsledky m\u00f4\u017ee ma\u0165 lek\u00e1r k dispoz\u00edcii okam\u017eite, ako laborat\u00f3rium materi\u00e1l spracuje. Odpad\u00e1 ru\u010dn\u00e9 zapisovanie \u00fadajov &#8211; \u0161etrenie \u010dasu na ambulancii. Poskytuje lep\u0161\u00ed preh\u013ead a&hellip;","og_url":"https:\/\/medicom.sk\/?page_id=605","og_site_name":"MediCom Software - Ambulantn\u00fd program","article_modified_time":"2022-05-26T11:47:49+00:00","og_image":[{"url":"http:\/\/medicom.sk\/wp-content\/uploads\/2022\/05\/stahovanie-lab.png","type":"","width":"","height":""}],"twitter_card":"summary_large_image","twitter_misc":{"Predpokladan\u00fd \u010das \u010d\u00edtania":"1 min\u00fata"},"schema":{"@context":"https:\/\/schema.org","@graph":[{"@type":"WebPage","@id":"https:\/\/medicom.sk\/?page_id=605","url":"https:\/\/medicom.sk\/?page_id=605","name":"Import laborat\u00f3rnych v\u00fdsledkov - MediCom Software - Ambulantn\u00fd program","isPartOf":{"@id":"https:\/\/medicom.sk\/#website"},"primaryImageOfPage":{"@id":"https:\/\/medicom.sk\/?page_id=605#primaryimage"},"image":{"@id":"https:\/\/medicom.sk\/?page_id=605#primaryimage"},"thumbnailUrl":"http:\/\/medicom.sk\/wp-content\/uploads\/2022\/05\/stahovanie-lab.png","datePublished":"2022-05-09T11:46:15+00:00","dateModified":"2022-05-26T11:47:49+00:00","breadcrumb":{"@id":"https:\/\/medicom.sk\/?page_id=605#breadcrumb"},"inLanguage":"sk-SK","potentialAction":[{"@type":"ReadAction","target":["https:\/\/medicom.sk\/?page_id=605"]}]},{"@type":"ImageObject","inLanguage":"sk-SK","@id":"https:\/\/medicom.sk\/?page_id=605#primaryimage","url":"https:\/\/medicom.sk\/wp-content\/uploads\/2022\/05\/stahovanie-lab.png","contentUrl":"https:\/\/medicom.sk\/wp-content\/uploads\/2022\/05\/stahovanie-lab.png","width":518,"height":338},{"@type":"BreadcrumbList","@id":"https:\/\/medicom.sk\/?page_id=605#breadcrumb","itemListElement":[{"@type":"ListItem","position":1,"name":"Home","item":"https:\/\/medicom.sk\/"},{"@type":"ListItem","position":2,"name":"Import laborat\u00f3rnych v\u00fdsledkov"}]},{"@type":"WebSite","@id":"https:\/\/medicom.sk\/#website","url":"https:\/\/medicom.sk\/","name":"MediCom Software - Ambulantn\u00fd program","description":"","publisher":{"@id":"https:\/\/medicom.sk\/#organization"},"potentialAction":[{"@type":"SearchAction","target":{"@type":"EntryPoint","urlTemplate":"https:\/\/medicom.sk\/?s={search_term_string}"},"query-input":{"@type":"PropertyValueSpecification","valueRequired":true,"valueName":"search_term_string"}}],"inLanguage":"sk-SK"},{"@type":"Organization","@id":"https:\/\/medicom.sk\/#organization","name":"MediCom Software - Ambulantn\u00fd program","url":"https:\/\/medicom.sk\/","logo":{"@type":"ImageObject","inLanguage":"sk-SK","@id":"https:\/\/medicom.sk\/#\/schema\/logo\/image\/","url":"https:\/\/medicom.sk\/wp-content\/uploads\/2022\/05\/cropped-cropped-cropped-cropped-cropped-logo-1-1.png","contentUrl":"https:\/\/medicom.sk\/wp-content\/uploads\/2022\/05\/cropped-cropped-cropped-cropped-cropped-logo-1-1.png","width":253,"height":62,"caption":"MediCom Software - Ambulantn\u00fd program "},"image":{"@id":"https:\/\/medicom.sk\/#\/schema\/logo\/image\/"}}]}},"_links":{"self":[{"href":"https:\/\/medicom.sk\/index.php?rest_route=\/wp\/v2\/pages\/605","targetHints":{"allow":["GET"]}}],"collection":[{"href":"https:\/\/medicom.sk\/index.php?rest_route=\/wp\/v2\/pages"}],"about":[{"href":"https:\/\/medicom.sk\/index.php?rest_route=\/wp\/v2\/types\/page"}],"author":[{"embeddable":true,"href":"https:\/\/medicom.sk\/index.php?rest_route=\/wp\/v2\/users\/1"}],"replies":[{"embeddable":true,"href":"https:\/\/medicom.sk\/index.php?rest_route=%2Fwp%2Fv2%2Fcomments&post=605"}],"version-history":[{"count":7,"href":"https:\/\/medicom.sk\/index.php?rest_route=\/wp\/v2\/pages\/605\/revisions"}],"predecessor-version":[{"id":1194,"href":"https:\/\/medicom.sk\/index.php?rest_route=\/wp\/v2\/pages\/605\/revisions\/1194"}],"wp:attachment":[{"href":"https:\/\/medicom.sk\/index.php?rest_route=%2Fwp%2Fv2%2Fmedia&parent=605"}],"curies":[{"name":"wp","href":"https:\/\/api.w.org\/{rel}","templated":true}]}}