{"id":416,"date":"2022-05-07T07:36:53","date_gmt":"2022-05-07T05:36:53","guid":{"rendered":"http:\/\/medicom.sk\/?page_id=416"},"modified":"2022-05-11T14:51:50","modified_gmt":"2022-05-11T12:51:50","slug":"elektronicke-zdravotnictvo","status":"publish","type":"page","link":"https:\/\/medicom.sk\/?page_id=416","title":{"rendered":"eZdravie + eRecept"},"content":{"rendered":"\n<p><strong>Elektronick\u00e1 komunik\u00e1cia zdrav. pracovn\u00edka pomocou karty ePZP so syst\u00e9mom eZdravie je v&nbsp;programe MediCom jednoduch\u00e1, r\u00fdchla a&nbsp;bezprobl\u00e9mov\u00e1 vr\u00e1tane vytv\u00e1rania elektronick\u00fdch receptov.<\/strong><\/p>\n\n\n\n<div class=\"wp-block-image\"><figure class=\"aligncenter size-full\"><img loading=\"lazy\" decoding=\"async\" width=\"572\" height=\"344\" src=\"http:\/\/medicom.sk\/wp-content\/uploads\/2022\/05\/ezdravie_erecepty_velke-removebg-preview.png\" alt=\"\" class=\"wp-image-901\" srcset=\"https:\/\/medicom.sk\/wp-content\/uploads\/2022\/05\/ezdravie_erecepty_velke-removebg-preview.png 572w, https:\/\/medicom.sk\/wp-content\/uploads\/2022\/05\/ezdravie_erecepty_velke-removebg-preview-300x180.png 300w, https:\/\/medicom.sk\/wp-content\/uploads\/2022\/05\/ezdravie_erecepty_velke-removebg-preview-193x116.png 193w\" sizes=\"auto, (max-width: 572px) 100vw, 572px\" \/><\/figure><\/div>\n\n\n\n<ul class=\"wp-block-list\"><li>Z\u00e1pis a\u00a0odosielanie z\u00e1znamov do eZdravia prebieha <strong><mark style=\"background-color:rgba(0, 0, 0, 0)\" class=\"has-inline-color has-primary-color\">automaticky po\u010das tla\u010de a\u00a0ukladania<\/mark><\/strong> z\u00e1znamu.<\/li><li><strong><mark style=\"background-color:rgba(0, 0, 0, 0)\" class=\"has-inline-color has-primary-color\">\u010c\u00edtanie inform\u00e1ci\u00ed z\u00a0\u00falo\u017eiska eZdravia<\/mark><\/strong> v karte alebo v\u00a0z\u00e1zname pacienta (ePreskripcia, eMedik\u00e1cia, eVy\u0161etrenia, Prep\u00fa\u0161\u0165acie spr\u00e1vy, eO\u010dkovanie).<\/li><li><strong><mark style=\"background-color:rgba(0, 0, 0, 0)\" class=\"has-inline-color has-primary-color\">Mo\u017enos\u0165 vyu\u017eitia karty ePZP<\/mark><\/strong> aj na bezpe\u010dn\u00e9 prihl\u00e1senie do programu MediCom a\u00a0podpisovanie n\u00e1lezov.<\/li><li><strong><mark style=\"background-color:rgba(0, 0, 0, 0)\" class=\"has-inline-color has-primary-color\">Offline re\u017eim<\/mark><\/strong> &#8211; z\u00e1znamy sa ukladaj\u00fa a\u00a0po op\u00e4tovnom spojen\u00ed sa automaticky odo\u0161l\u00fa do \u00falo\u017eiska eZdravia.<\/li><li><strong><mark style=\"background-color:rgba(0, 0, 0, 0)\" class=\"has-inline-color has-primary-color\">Odosielanie<\/mark><\/strong> bezpapierov\u00fdch eReceptov, magistra lit. Receptov, zdravotn\u00edckych pom\u00f4cok, opakovan\u00fdch receptov vr\u00e1tane sms notifik\u00e1cie<\/li><li>Mo\u017enos\u0165 pr\u00edpravy <strong><mark style=\"background-color:rgba(0, 0, 0, 0)\" class=\"has-inline-color has-primary-color\">elektronick\u00fdch receptov na podpis<\/mark><\/strong> odoslanie aj in\u00fdmi u\u017e\u00edvate\u013emi v\u00a0r\u00e1mci po\u010d\u00edta\u010dovej siete<\/li><li>Pr\u00edprava a\u00a0odosielanie receptov na z\u00e1klade \u017eiadosti priamo od pacienta prostredn\u00edctvom <strong><mark style=\"background-color:rgba(0, 0, 0, 0)\" class=\"has-inline-color has-primary-color\">internetovej aplik\u00e1cie MC online\u00a0<\/mark><\/strong><\/li><\/ul>\n\n\n\n<p><\/p>\n","protected":false},"excerpt":{"rendered":"<p>Elektronick\u00e1 komunik\u00e1cia zdrav. pracovn\u00edka pomocou karty ePZP so syst\u00e9mom eZdravie je v&nbsp;programe MediCom jednoduch\u00e1, r\u00fdchla a&nbsp;bezprobl\u00e9mov\u00e1 vr\u00e1tane vytv\u00e1rania elektronick\u00fdch receptov. Z\u00e1pis a\u00a0odosielanie z\u00e1znamov do eZdravia prebieha automaticky po\u010das tla\u010de a\u00a0ukladania z\u00e1znamu. \u010c\u00edtanie inform\u00e1ci\u00ed z\u00a0\u00falo\u017eiska eZdravia v karte alebo v\u00a0z\u00e1zname pacienta (ePreskripcia, eMedik\u00e1cia, eVy\u0161etrenia, Prep\u00fa\u0161\u0165acie spr\u00e1vy, eO\u010dkovanie). Mo\u017enos\u0165 vyu\u017eitia karty ePZP aj na bezpe\u010dn\u00e9 prihl\u00e1senie do programu MediCom a\u00a0podpisovanie n\u00e1lezov. Offline re\u017eim &#8211; z\u00e1znamy sa ukladaj\u00fa a\u00a0po op\u00e4tovnom spojen\u00ed sa automaticky odo\u0161l\u00fa do \u00falo\u017eiska eZdravia. Odosielanie bezpapierov\u00fdch eReceptov, magistra lit. Receptov,&hellip;<\/p>\n","protected":false},"author":1,"featured_media":0,"parent":0,"menu_order":0,"comment_status":"closed","ping_status":"closed","template":"","meta":{"footnotes":""},"class_list":["post-416","page","type-page","status-publish","hentry"],"yoast_head":"<!-- This site is optimized with the Yoast SEO plugin v24.3 - https:\/\/yoast.com\/wordpress\/plugins\/seo\/ -->\n<title>eZdravie + eRecept - MediCom Software - Ambulantn\u00fd program<\/title>\n<meta name=\"robots\" content=\"index, follow, max-snippet:-1, max-image-preview:large, max-video-preview:-1\" \/>\n<link rel=\"canonical\" href=\"https:\/\/medicom.sk\/?page_id=416\" \/>\n<meta property=\"og:locale\" content=\"sk_SK\" \/>\n<meta property=\"og:type\" content=\"article\" \/>\n<meta property=\"og:title\" content=\"eZdravie + eRecept - MediCom Software - Ambulantn\u00fd program\" \/>\n<meta property=\"og:description\" content=\"Elektronick\u00e1 komunik\u00e1cia zdrav. pracovn\u00edka pomocou karty ePZP so syst\u00e9mom eZdravie je v&nbsp;programe MediCom jednoduch\u00e1, r\u00fdchla a&nbsp;bezprobl\u00e9mov\u00e1 vr\u00e1tane vytv\u00e1rania elektronick\u00fdch receptov. Z\u00e1pis a\u00a0odosielanie z\u00e1znamov do eZdravia prebieha automaticky po\u010das tla\u010de a\u00a0ukladania z\u00e1znamu. \u010c\u00edtanie inform\u00e1ci\u00ed z\u00a0\u00falo\u017eiska eZdravia v karte alebo v\u00a0z\u00e1zname pacienta (ePreskripcia, eMedik\u00e1cia, eVy\u0161etrenia, Prep\u00fa\u0161\u0165acie spr\u00e1vy, eO\u010dkovanie). Mo\u017enos\u0165 vyu\u017eitia karty ePZP aj na bezpe\u010dn\u00e9 prihl\u00e1senie do programu MediCom a\u00a0podpisovanie n\u00e1lezov. Offline re\u017eim &#8211; z\u00e1znamy sa ukladaj\u00fa a\u00a0po op\u00e4tovnom spojen\u00ed sa automaticky odo\u0161l\u00fa do \u00falo\u017eiska eZdravia. Odosielanie bezpapierov\u00fdch eReceptov, magistra lit. Receptov,&hellip;\" \/>\n<meta property=\"og:url\" content=\"https:\/\/medicom.sk\/?page_id=416\" \/>\n<meta property=\"og:site_name\" content=\"MediCom Software - Ambulantn\u00fd program\" \/>\n<meta property=\"article:modified_time\" content=\"2022-05-11T12:51:50+00:00\" \/>\n<meta property=\"og:image\" content=\"http:\/\/medicom.sk\/wp-content\/uploads\/2022\/05\/ezdravie_erecepty_velke-removebg-preview.png\" \/>\n<meta name=\"twitter:card\" content=\"summary_large_image\" \/>\n<meta name=\"twitter:label1\" content=\"Predpokladan\u00fd \u010das \u010d\u00edtania\" \/>\n\t<meta name=\"twitter:data1\" content=\"1 min\u00fata\" \/>\n<script type=\"application\/ld+json\" class=\"yoast-schema-graph\">{\"@context\":\"https:\/\/schema.org\",\"@graph\":[{\"@type\":\"WebPage\",\"@id\":\"https:\/\/medicom.sk\/?page_id=416\",\"url\":\"https:\/\/medicom.sk\/?page_id=416\",\"name\":\"eZdravie + eRecept - MediCom Software - Ambulantn\u00fd program\",\"isPartOf\":{\"@id\":\"https:\/\/medicom.sk\/#website\"},\"primaryImageOfPage\":{\"@id\":\"https:\/\/medicom.sk\/?page_id=416#primaryimage\"},\"image\":{\"@id\":\"https:\/\/medicom.sk\/?page_id=416#primaryimage\"},\"thumbnailUrl\":\"http:\/\/medicom.sk\/wp-content\/uploads\/2022\/05\/ezdravie_erecepty_velke-removebg-preview.png\",\"datePublished\":\"2022-05-07T05:36:53+00:00\",\"dateModified\":\"2022-05-11T12:51:50+00:00\",\"breadcrumb\":{\"@id\":\"https:\/\/medicom.sk\/?page_id=416#breadcrumb\"},\"inLanguage\":\"sk-SK\",\"potentialAction\":[{\"@type\":\"ReadAction\",\"target\":[\"https:\/\/medicom.sk\/?page_id=416\"]}]},{\"@type\":\"ImageObject\",\"inLanguage\":\"sk-SK\",\"@id\":\"https:\/\/medicom.sk\/?page_id=416#primaryimage\",\"url\":\"https:\/\/medicom.sk\/wp-content\/uploads\/2022\/05\/ezdravie_erecepty_velke-removebg-preview.png\",\"contentUrl\":\"https:\/\/medicom.sk\/wp-content\/uploads\/2022\/05\/ezdravie_erecepty_velke-removebg-preview.png\",\"width\":572,\"height\":344},{\"@type\":\"BreadcrumbList\",\"@id\":\"https:\/\/medicom.sk\/?page_id=416#breadcrumb\",\"itemListElement\":[{\"@type\":\"ListItem\",\"position\":1,\"name\":\"Home\",\"item\":\"https:\/\/medicom.sk\/\"},{\"@type\":\"ListItem\",\"position\":2,\"name\":\"eZdravie + eRecept\"}]},{\"@type\":\"WebSite\",\"@id\":\"https:\/\/medicom.sk\/#website\",\"url\":\"https:\/\/medicom.sk\/\",\"name\":\"MediCom Software - Ambulantn\u00fd program\",\"description\":\"\",\"publisher\":{\"@id\":\"https:\/\/medicom.sk\/#organization\"},\"potentialAction\":[{\"@type\":\"SearchAction\",\"target\":{\"@type\":\"EntryPoint\",\"urlTemplate\":\"https:\/\/medicom.sk\/?s={search_term_string}\"},\"query-input\":{\"@type\":\"PropertyValueSpecification\",\"valueRequired\":true,\"valueName\":\"search_term_string\"}}],\"inLanguage\":\"sk-SK\"},{\"@type\":\"Organization\",\"@id\":\"https:\/\/medicom.sk\/#organization\",\"name\":\"MediCom Software - Ambulantn\u00fd program\",\"url\":\"https:\/\/medicom.sk\/\",\"logo\":{\"@type\":\"ImageObject\",\"inLanguage\":\"sk-SK\",\"@id\":\"https:\/\/medicom.sk\/#\/schema\/logo\/image\/\",\"url\":\"https:\/\/medicom.sk\/wp-content\/uploads\/2022\/05\/cropped-cropped-cropped-cropped-cropped-logo-1-1.png\",\"contentUrl\":\"https:\/\/medicom.sk\/wp-content\/uploads\/2022\/05\/cropped-cropped-cropped-cropped-cropped-logo-1-1.png\",\"width\":253,\"height\":62,\"caption\":\"MediCom Software - Ambulantn\u00fd program \"},\"image\":{\"@id\":\"https:\/\/medicom.sk\/#\/schema\/logo\/image\/\"}}]}<\/script>\n<!-- \/ Yoast SEO plugin. -->","yoast_head_json":{"title":"eZdravie + eRecept - MediCom Software - Ambulantn\u00fd program","robots":{"index":"index","follow":"follow","max-snippet":"max-snippet:-1","max-image-preview":"max-image-preview:large","max-video-preview":"max-video-preview:-1"},"canonical":"https:\/\/medicom.sk\/?page_id=416","og_locale":"sk_SK","og_type":"article","og_title":"eZdravie + eRecept - MediCom Software - Ambulantn\u00fd program","og_description":"Elektronick\u00e1 komunik\u00e1cia zdrav. pracovn\u00edka pomocou karty ePZP so syst\u00e9mom eZdravie je v&nbsp;programe MediCom jednoduch\u00e1, r\u00fdchla a&nbsp;bezprobl\u00e9mov\u00e1 vr\u00e1tane vytv\u00e1rania elektronick\u00fdch receptov. Z\u00e1pis a\u00a0odosielanie z\u00e1znamov do eZdravia prebieha automaticky po\u010das tla\u010de a\u00a0ukladania z\u00e1znamu. \u010c\u00edtanie inform\u00e1ci\u00ed z\u00a0\u00falo\u017eiska eZdravia v karte alebo v\u00a0z\u00e1zname pacienta (ePreskripcia, eMedik\u00e1cia, eVy\u0161etrenia, Prep\u00fa\u0161\u0165acie spr\u00e1vy, eO\u010dkovanie). Mo\u017enos\u0165 vyu\u017eitia karty ePZP aj na bezpe\u010dn\u00e9 prihl\u00e1senie do programu MediCom a\u00a0podpisovanie n\u00e1lezov. Offline re\u017eim &#8211; z\u00e1znamy sa ukladaj\u00fa a\u00a0po op\u00e4tovnom spojen\u00ed sa automaticky odo\u0161l\u00fa do \u00falo\u017eiska eZdravia. Odosielanie bezpapierov\u00fdch eReceptov, magistra lit. Receptov,&hellip;","og_url":"https:\/\/medicom.sk\/?page_id=416","og_site_name":"MediCom Software - Ambulantn\u00fd program","article_modified_time":"2022-05-11T12:51:50+00:00","og_image":[{"url":"http:\/\/medicom.sk\/wp-content\/uploads\/2022\/05\/ezdravie_erecepty_velke-removebg-preview.png","type":"","width":"","height":""}],"twitter_card":"summary_large_image","twitter_misc":{"Predpokladan\u00fd \u010das \u010d\u00edtania":"1 min\u00fata"},"schema":{"@context":"https:\/\/schema.org","@graph":[{"@type":"WebPage","@id":"https:\/\/medicom.sk\/?page_id=416","url":"https:\/\/medicom.sk\/?page_id=416","name":"eZdravie + eRecept - MediCom Software - Ambulantn\u00fd program","isPartOf":{"@id":"https:\/\/medicom.sk\/#website"},"primaryImageOfPage":{"@id":"https:\/\/medicom.sk\/?page_id=416#primaryimage"},"image":{"@id":"https:\/\/medicom.sk\/?page_id=416#primaryimage"},"thumbnailUrl":"http:\/\/medicom.sk\/wp-content\/uploads\/2022\/05\/ezdravie_erecepty_velke-removebg-preview.png","datePublished":"2022-05-07T05:36:53+00:00","dateModified":"2022-05-11T12:51:50+00:00","breadcrumb":{"@id":"https:\/\/medicom.sk\/?page_id=416#breadcrumb"},"inLanguage":"sk-SK","potentialAction":[{"@type":"ReadAction","target":["https:\/\/medicom.sk\/?page_id=416"]}]},{"@type":"ImageObject","inLanguage":"sk-SK","@id":"https:\/\/medicom.sk\/?page_id=416#primaryimage","url":"https:\/\/medicom.sk\/wp-content\/uploads\/2022\/05\/ezdravie_erecepty_velke-removebg-preview.png","contentUrl":"https:\/\/medicom.sk\/wp-content\/uploads\/2022\/05\/ezdravie_erecepty_velke-removebg-preview.png","width":572,"height":344},{"@type":"BreadcrumbList","@id":"https:\/\/medicom.sk\/?page_id=416#breadcrumb","itemListElement":[{"@type":"ListItem","position":1,"name":"Home","item":"https:\/\/medicom.sk\/"},{"@type":"ListItem","position":2,"name":"eZdravie + eRecept"}]},{"@type":"WebSite","@id":"https:\/\/medicom.sk\/#website","url":"https:\/\/medicom.sk\/","name":"MediCom Software - Ambulantn\u00fd program","description":"","publisher":{"@id":"https:\/\/medicom.sk\/#organization"},"potentialAction":[{"@type":"SearchAction","target":{"@type":"EntryPoint","urlTemplate":"https:\/\/medicom.sk\/?s={search_term_string}"},"query-input":{"@type":"PropertyValueSpecification","valueRequired":true,"valueName":"search_term_string"}}],"inLanguage":"sk-SK"},{"@type":"Organization","@id":"https:\/\/medicom.sk\/#organization","name":"MediCom Software - Ambulantn\u00fd program","url":"https:\/\/medicom.sk\/","logo":{"@type":"ImageObject","inLanguage":"sk-SK","@id":"https:\/\/medicom.sk\/#\/schema\/logo\/image\/","url":"https:\/\/medicom.sk\/wp-content\/uploads\/2022\/05\/cropped-cropped-cropped-cropped-cropped-logo-1-1.png","contentUrl":"https:\/\/medicom.sk\/wp-content\/uploads\/2022\/05\/cropped-cropped-cropped-cropped-cropped-logo-1-1.png","width":253,"height":62,"caption":"MediCom Software - Ambulantn\u00fd program "},"image":{"@id":"https:\/\/medicom.sk\/#\/schema\/logo\/image\/"}}]}},"_links":{"self":[{"href":"https:\/\/medicom.sk\/index.php?rest_route=\/wp\/v2\/pages\/416","targetHints":{"allow":["GET"]}}],"collection":[{"href":"https:\/\/medicom.sk\/index.php?rest_route=\/wp\/v2\/pages"}],"about":[{"href":"https:\/\/medicom.sk\/index.php?rest_route=\/wp\/v2\/types\/page"}],"author":[{"embeddable":true,"href":"https:\/\/medicom.sk\/index.php?rest_route=\/wp\/v2\/users\/1"}],"replies":[{"embeddable":true,"href":"https:\/\/medicom.sk\/index.php?rest_route=%2Fwp%2Fv2%2Fcomments&post=416"}],"version-history":[{"count":5,"href":"https:\/\/medicom.sk\/index.php?rest_route=\/wp\/v2\/pages\/416\/revisions"}],"predecessor-version":[{"id":973,"href":"https:\/\/medicom.sk\/index.php?rest_route=\/wp\/v2\/pages\/416\/revisions\/973"}],"wp:attachment":[{"href":"https:\/\/medicom.sk\/index.php?rest_route=%2Fwp%2Fv2%2Fmedia&parent=416"}],"curies":[{"name":"wp","href":"https:\/\/api.w.org\/{rel}","templated":true}]}}