{"id":326,"date":"2022-05-06T12:12:24","date_gmt":"2022-05-06T10:12:24","guid":{"rendered":"http:\/\/medicom.sk\/?page_id=326"},"modified":"2022-05-20T14:02:28","modified_gmt":"2022-05-20T12:02:28","slug":"pracovisko-svlz","status":"publish","type":"page","link":"https:\/\/medicom.sk\/?page_id=326","title":{"rendered":"ADOS, DSS"},"content":{"rendered":"\n<div class=\"wp-block-columns is-layout-flex wp-container-core-columns-is-layout-1 wp-block-columns-is-layout-flex\">\n<div class=\"wp-block-column is-layout-flow wp-block-column-is-layout-flow\" style=\"flex-basis:66.66%\">\n<ul class=\"wp-block-list\"><li><strong><mark style=\"background-color:rgba(0, 0, 0, 0)\" class=\"has-inline-color has-primary-color\">Multiverzia<\/mark><\/strong><br>Multiverzia umo\u017e\u0148uje zadefinova\u0165 do programu viacer\u00fdch u\u017e\u00edvate\u013eov (ADOS zdravotn\u00e9 sestry, zamestnanci DSS), ktor\u00fdm umo\u017e\u0148uje p\u00edsanie dekurzov a bodovanie v\u00fdkonov s mo\u017enos\u0165ou r\u00fdchleho vkladania z preddefinovan\u00fdch textov.<\/li><li><strong><mark style=\"background-color:rgba(0, 0, 0, 0)\" class=\"has-inline-color has-primary-color\">Zhr\u00e1vanie d\u00e1t<\/mark><\/strong><br>Pren\u00e1\u0161anie a synchroniz\u00e1cia d\u00e1t na in\u00e9 PC (export-import d\u00e1t) umo\u017e\u0148uje napr. pohodln\u00e9 spracovanie koncomesa\u010dn\u00fdch v\u00fdstupov do zdravotn\u00fdch pois\u0165ovn\u00ed. <\/li><li><strong><mark style=\"background-color:rgba(0, 0, 0, 0)\" class=\"has-inline-color has-primary-color\">Pl\u00e1novanie \u00fakonov<\/mark><\/strong><br>Mo\u017enos\u0165 komplexne napl\u00e1nova\u0165 o\u0161etrovate\u013esk\u00fa starostlivos\u0165 (po\u010det v\u00fdkonov v bud\u00facom \u010dase, kontrola vykazovania vykonan\u00fdch n\u00e1v\u0161tev\/v\u00fdkonov, vr\u00e1tane automatick\u00e9ho bodovania). <\/li><li><strong><mark style=\"background-color:rgba(0, 0, 0, 0)\" class=\"has-inline-color has-primary-color\">Kontrola bodovania<\/mark><\/strong><br>Intuit\u00edvne zad\u00e1vanie povinn\u00fdch \u00fadajov (k\u00f3dy odosielaj\u00facich lek\u00e1rov, d\u00e1tum v\u00fdmenn\u00e9ho l\u00edstka), mo\u017enos\u0165 automatickej kontroly na po\u010detnos\u0165 v\u00fdkonov. <\/li><\/ul>\n<\/div>\n\n\n\n<div class=\"wp-block-column is-layout-flow wp-block-column-is-layout-flow\" style=\"flex-basis:33.33%\">\n<figure class=\"wp-block-image size-full is-resized\"><img loading=\"lazy\" decoding=\"async\" src=\"http:\/\/medicom.sk\/wp-content\/uploads\/2022\/05\/ados__dss-removebg-preview.png\" alt=\"\" class=\"wp-image-941\" width=\"421\" height=\"454\" srcset=\"https:\/\/medicom.sk\/wp-content\/uploads\/2022\/05\/ados__dss-removebg-preview.png 314w, https:\/\/medicom.sk\/wp-content\/uploads\/2022\/05\/ados__dss-removebg-preview-278x300.png 278w, https:\/\/medicom.sk\/wp-content\/uploads\/2022\/05\/ados__dss-removebg-preview-107x116.png 107w\" sizes=\"auto, (max-width: 421px) 100vw, 421px\" \/><\/figure>\n<\/div>\n<\/div>\n\n\n\n<hr class=\"wp-block-separator\"\/>\n\n\n\n<h2 class=\"has-text-align-center wp-block-heading\"><strong><mark style=\"background-color:rgba(0, 0, 0, 0)\" class=\"has-inline-color has-primary-color\">Bezplatn\u00e1 in\u0161tal\u00e1cia<\/mark><\/strong><\/h2>\n\n\n\n<p class=\"has-text-align-center has-x-large-font-size\"><strong>Demo verzie<\/strong><br><a href=\"?page_id=414\"><img loading=\"lazy\" decoding=\"async\" width=\"250\" height=\"60\" class=\"wp-image-1045\" style=\"width: 250px;\" src=\"http:\/\/medicom.sk\/wp-content\/uploads\/2022\/05\/viac_info-removebg-preview.png\" alt=\"\" srcset=\"https:\/\/medicom.sk\/wp-content\/uploads\/2022\/05\/viac_info-removebg-preview.png 269w, https:\/\/medicom.sk\/wp-content\/uploads\/2022\/05\/viac_info-removebg-preview-228x55.png 228w\" sizes=\"auto, (max-width: 250px) 100vw, 250px\" \/><\/a><\/p>\n","protected":false},"excerpt":{"rendered":"<p>MultiverziaMultiverzia umo\u017e\u0148uje zadefinova\u0165 do programu viacer\u00fdch u\u017e\u00edvate\u013eov (ADOS zdravotn\u00e9 sestry, zamestnanci DSS), ktor\u00fdm umo\u017e\u0148uje p\u00edsanie dekurzov a bodovanie v\u00fdkonov s mo\u017enos\u0165ou r\u00fdchleho vkladania z preddefinovan\u00fdch textov. Zhr\u00e1vanie d\u00e1tPren\u00e1\u0161anie a synchroniz\u00e1cia d\u00e1t na in\u00e9 PC (export-import d\u00e1t) umo\u017e\u0148uje napr. pohodln\u00e9 spracovanie koncomesa\u010dn\u00fdch v\u00fdstupov do zdravotn\u00fdch pois\u0165ovn\u00ed. Pl\u00e1novanie \u00fakonovMo\u017enos\u0165 komplexne napl\u00e1nova\u0165 o\u0161etrovate\u013esk\u00fa starostlivos\u0165 (po\u010det v\u00fdkonov v bud\u00facom \u010dase, kontrola vykazovania vykonan\u00fdch n\u00e1v\u0161tev\/v\u00fdkonov, vr\u00e1tane automatick\u00e9ho bodovania). Kontrola bodovaniaIntuit\u00edvne zad\u00e1vanie povinn\u00fdch \u00fadajov (k\u00f3dy odosielaj\u00facich lek\u00e1rov, d\u00e1tum v\u00fdmenn\u00e9ho l\u00edstka), mo\u017enos\u0165 automatickej kontroly na po\u010detnos\u0165 v\u00fdkonov.&hellip;<\/p>\n","protected":false},"author":1,"featured_media":0,"parent":0,"menu_order":0,"comment_status":"closed","ping_status":"closed","template":"","meta":{"footnotes":""},"class_list":["post-326","page","type-page","status-publish","hentry"],"yoast_head":"<!-- This site is optimized with the Yoast SEO plugin v24.3 - https:\/\/yoast.com\/wordpress\/plugins\/seo\/ -->\n<title>ADOS, DSS - MediCom Software - Ambulantn\u00fd program<\/title>\n<meta name=\"robots\" content=\"index, follow, max-snippet:-1, max-image-preview:large, max-video-preview:-1\" \/>\n<link rel=\"canonical\" href=\"http:\/\/medicom.sk\/?page_id=326\" \/>\n<meta property=\"og:locale\" content=\"sk_SK\" \/>\n<meta property=\"og:type\" content=\"article\" \/>\n<meta property=\"og:title\" content=\"ADOS, DSS - MediCom Software - Ambulantn\u00fd program\" \/>\n<meta property=\"og:description\" content=\"MultiverziaMultiverzia umo\u017e\u0148uje zadefinova\u0165 do programu viacer\u00fdch u\u017e\u00edvate\u013eov (ADOS zdravotn\u00e9 sestry, zamestnanci DSS), ktor\u00fdm umo\u017e\u0148uje p\u00edsanie dekurzov a bodovanie v\u00fdkonov s mo\u017enos\u0165ou r\u00fdchleho vkladania z preddefinovan\u00fdch textov. Zhr\u00e1vanie d\u00e1tPren\u00e1\u0161anie a synchroniz\u00e1cia d\u00e1t na in\u00e9 PC (export-import d\u00e1t) umo\u017e\u0148uje napr. pohodln\u00e9 spracovanie koncomesa\u010dn\u00fdch v\u00fdstupov do zdravotn\u00fdch pois\u0165ovn\u00ed. Pl\u00e1novanie \u00fakonovMo\u017enos\u0165 komplexne napl\u00e1nova\u0165 o\u0161etrovate\u013esk\u00fa starostlivos\u0165 (po\u010det v\u00fdkonov v bud\u00facom \u010dase, kontrola vykazovania vykonan\u00fdch n\u00e1v\u0161tev\/v\u00fdkonov, vr\u00e1tane automatick\u00e9ho bodovania). Kontrola bodovaniaIntuit\u00edvne zad\u00e1vanie povinn\u00fdch \u00fadajov (k\u00f3dy odosielaj\u00facich lek\u00e1rov, d\u00e1tum v\u00fdmenn\u00e9ho l\u00edstka), mo\u017enos\u0165 automatickej kontroly na po\u010detnos\u0165 v\u00fdkonov.&hellip;\" \/>\n<meta property=\"og:url\" content=\"http:\/\/medicom.sk\/?page_id=326\" \/>\n<meta property=\"og:site_name\" content=\"MediCom Software - Ambulantn\u00fd program\" \/>\n<meta property=\"article:modified_time\" content=\"2022-05-20T12:02:28+00:00\" \/>\n<meta property=\"og:image\" content=\"http:\/\/medicom.sk\/wp-content\/uploads\/2022\/05\/ados__dss-removebg-preview.png\" \/>\n<meta name=\"twitter:card\" content=\"summary_large_image\" \/>\n<meta name=\"twitter:label1\" content=\"Predpokladan\u00fd \u010das \u010d\u00edtania\" \/>\n\t<meta name=\"twitter:data1\" content=\"1 min\u00fata\" \/>\n<script type=\"application\/ld+json\" class=\"yoast-schema-graph\">{\"@context\":\"https:\/\/schema.org\",\"@graph\":[{\"@type\":\"WebPage\",\"@id\":\"http:\/\/medicom.sk\/?page_id=326\",\"url\":\"http:\/\/medicom.sk\/?page_id=326\",\"name\":\"ADOS, DSS - MediCom Software - Ambulantn\u00fd program\",\"isPartOf\":{\"@id\":\"https:\/\/medicom.sk\/#website\"},\"primaryImageOfPage\":{\"@id\":\"http:\/\/medicom.sk\/?page_id=326#primaryimage\"},\"image\":{\"@id\":\"http:\/\/medicom.sk\/?page_id=326#primaryimage\"},\"thumbnailUrl\":\"http:\/\/medicom.sk\/wp-content\/uploads\/2022\/05\/ados__dss-removebg-preview.png\",\"datePublished\":\"2022-05-06T10:12:24+00:00\",\"dateModified\":\"2022-05-20T12:02:28+00:00\",\"breadcrumb\":{\"@id\":\"http:\/\/medicom.sk\/?page_id=326#breadcrumb\"},\"inLanguage\":\"sk-SK\",\"potentialAction\":[{\"@type\":\"ReadAction\",\"target\":[\"http:\/\/medicom.sk\/?page_id=326\"]}]},{\"@type\":\"ImageObject\",\"inLanguage\":\"sk-SK\",\"@id\":\"http:\/\/medicom.sk\/?page_id=326#primaryimage\",\"url\":\"https:\/\/medicom.sk\/wp-content\/uploads\/2022\/05\/ados__dss-removebg-preview.png\",\"contentUrl\":\"https:\/\/medicom.sk\/wp-content\/uploads\/2022\/05\/ados__dss-removebg-preview.png\",\"width\":314,\"height\":339},{\"@type\":\"BreadcrumbList\",\"@id\":\"http:\/\/medicom.sk\/?page_id=326#breadcrumb\",\"itemListElement\":[{\"@type\":\"ListItem\",\"position\":1,\"name\":\"Home\",\"item\":\"https:\/\/medicom.sk\/\"},{\"@type\":\"ListItem\",\"position\":2,\"name\":\"ADOS, DSS\"}]},{\"@type\":\"WebSite\",\"@id\":\"https:\/\/medicom.sk\/#website\",\"url\":\"https:\/\/medicom.sk\/\",\"name\":\"MediCom Software - Ambulantn\u00fd program\",\"description\":\"\",\"publisher\":{\"@id\":\"https:\/\/medicom.sk\/#organization\"},\"potentialAction\":[{\"@type\":\"SearchAction\",\"target\":{\"@type\":\"EntryPoint\",\"urlTemplate\":\"https:\/\/medicom.sk\/?s={search_term_string}\"},\"query-input\":{\"@type\":\"PropertyValueSpecification\",\"valueRequired\":true,\"valueName\":\"search_term_string\"}}],\"inLanguage\":\"sk-SK\"},{\"@type\":\"Organization\",\"@id\":\"https:\/\/medicom.sk\/#organization\",\"name\":\"MediCom Software - Ambulantn\u00fd program\",\"url\":\"https:\/\/medicom.sk\/\",\"logo\":{\"@type\":\"ImageObject\",\"inLanguage\":\"sk-SK\",\"@id\":\"https:\/\/medicom.sk\/#\/schema\/logo\/image\/\",\"url\":\"https:\/\/medicom.sk\/wp-content\/uploads\/2022\/05\/cropped-cropped-cropped-cropped-cropped-logo-1-1.png\",\"contentUrl\":\"https:\/\/medicom.sk\/wp-content\/uploads\/2022\/05\/cropped-cropped-cropped-cropped-cropped-logo-1-1.png\",\"width\":253,\"height\":62,\"caption\":\"MediCom Software - Ambulantn\u00fd program \"},\"image\":{\"@id\":\"https:\/\/medicom.sk\/#\/schema\/logo\/image\/\"}}]}<\/script>\n<!-- \/ Yoast SEO plugin. -->","yoast_head_json":{"title":"ADOS, DSS - MediCom Software - Ambulantn\u00fd program","robots":{"index":"index","follow":"follow","max-snippet":"max-snippet:-1","max-image-preview":"max-image-preview:large","max-video-preview":"max-video-preview:-1"},"canonical":"http:\/\/medicom.sk\/?page_id=326","og_locale":"sk_SK","og_type":"article","og_title":"ADOS, DSS - MediCom Software - Ambulantn\u00fd program","og_description":"MultiverziaMultiverzia umo\u017e\u0148uje zadefinova\u0165 do programu viacer\u00fdch u\u017e\u00edvate\u013eov (ADOS zdravotn\u00e9 sestry, zamestnanci DSS), ktor\u00fdm umo\u017e\u0148uje p\u00edsanie dekurzov a bodovanie v\u00fdkonov s mo\u017enos\u0165ou r\u00fdchleho vkladania z preddefinovan\u00fdch textov. Zhr\u00e1vanie d\u00e1tPren\u00e1\u0161anie a synchroniz\u00e1cia d\u00e1t na in\u00e9 PC (export-import d\u00e1t) umo\u017e\u0148uje napr. pohodln\u00e9 spracovanie koncomesa\u010dn\u00fdch v\u00fdstupov do zdravotn\u00fdch pois\u0165ovn\u00ed. Pl\u00e1novanie \u00fakonovMo\u017enos\u0165 komplexne napl\u00e1nova\u0165 o\u0161etrovate\u013esk\u00fa starostlivos\u0165 (po\u010det v\u00fdkonov v bud\u00facom \u010dase, kontrola vykazovania vykonan\u00fdch n\u00e1v\u0161tev\/v\u00fdkonov, vr\u00e1tane automatick\u00e9ho bodovania). Kontrola bodovaniaIntuit\u00edvne zad\u00e1vanie povinn\u00fdch \u00fadajov (k\u00f3dy odosielaj\u00facich lek\u00e1rov, d\u00e1tum v\u00fdmenn\u00e9ho l\u00edstka), mo\u017enos\u0165 automatickej kontroly na po\u010detnos\u0165 v\u00fdkonov.&hellip;","og_url":"http:\/\/medicom.sk\/?page_id=326","og_site_name":"MediCom Software - Ambulantn\u00fd program","article_modified_time":"2022-05-20T12:02:28+00:00","og_image":[{"url":"http:\/\/medicom.sk\/wp-content\/uploads\/2022\/05\/ados__dss-removebg-preview.png","type":"","width":"","height":""}],"twitter_card":"summary_large_image","twitter_misc":{"Predpokladan\u00fd \u010das \u010d\u00edtania":"1 min\u00fata"},"schema":{"@context":"https:\/\/schema.org","@graph":[{"@type":"WebPage","@id":"http:\/\/medicom.sk\/?page_id=326","url":"http:\/\/medicom.sk\/?page_id=326","name":"ADOS, DSS - MediCom Software - Ambulantn\u00fd program","isPartOf":{"@id":"https:\/\/medicom.sk\/#website"},"primaryImageOfPage":{"@id":"http:\/\/medicom.sk\/?page_id=326#primaryimage"},"image":{"@id":"http:\/\/medicom.sk\/?page_id=326#primaryimage"},"thumbnailUrl":"http:\/\/medicom.sk\/wp-content\/uploads\/2022\/05\/ados__dss-removebg-preview.png","datePublished":"2022-05-06T10:12:24+00:00","dateModified":"2022-05-20T12:02:28+00:00","breadcrumb":{"@id":"http:\/\/medicom.sk\/?page_id=326#breadcrumb"},"inLanguage":"sk-SK","potentialAction":[{"@type":"ReadAction","target":["http:\/\/medicom.sk\/?page_id=326"]}]},{"@type":"ImageObject","inLanguage":"sk-SK","@id":"http:\/\/medicom.sk\/?page_id=326#primaryimage","url":"https:\/\/medicom.sk\/wp-content\/uploads\/2022\/05\/ados__dss-removebg-preview.png","contentUrl":"https:\/\/medicom.sk\/wp-content\/uploads\/2022\/05\/ados__dss-removebg-preview.png","width":314,"height":339},{"@type":"BreadcrumbList","@id":"http:\/\/medicom.sk\/?page_id=326#breadcrumb","itemListElement":[{"@type":"ListItem","position":1,"name":"Home","item":"https:\/\/medicom.sk\/"},{"@type":"ListItem","position":2,"name":"ADOS, DSS"}]},{"@type":"WebSite","@id":"https:\/\/medicom.sk\/#website","url":"https:\/\/medicom.sk\/","name":"MediCom Software - Ambulantn\u00fd program","description":"","publisher":{"@id":"https:\/\/medicom.sk\/#organization"},"potentialAction":[{"@type":"SearchAction","target":{"@type":"EntryPoint","urlTemplate":"https:\/\/medicom.sk\/?s={search_term_string}"},"query-input":{"@type":"PropertyValueSpecification","valueRequired":true,"valueName":"search_term_string"}}],"inLanguage":"sk-SK"},{"@type":"Organization","@id":"https:\/\/medicom.sk\/#organization","name":"MediCom Software - Ambulantn\u00fd program","url":"https:\/\/medicom.sk\/","logo":{"@type":"ImageObject","inLanguage":"sk-SK","@id":"https:\/\/medicom.sk\/#\/schema\/logo\/image\/","url":"https:\/\/medicom.sk\/wp-content\/uploads\/2022\/05\/cropped-cropped-cropped-cropped-cropped-logo-1-1.png","contentUrl":"https:\/\/medicom.sk\/wp-content\/uploads\/2022\/05\/cropped-cropped-cropped-cropped-cropped-logo-1-1.png","width":253,"height":62,"caption":"MediCom Software - Ambulantn\u00fd program "},"image":{"@id":"https:\/\/medicom.sk\/#\/schema\/logo\/image\/"}}]}},"_links":{"self":[{"href":"https:\/\/medicom.sk\/index.php?rest_route=\/wp\/v2\/pages\/326","targetHints":{"allow":["GET"]}}],"collection":[{"href":"https:\/\/medicom.sk\/index.php?rest_route=\/wp\/v2\/pages"}],"about":[{"href":"https:\/\/medicom.sk\/index.php?rest_route=\/wp\/v2\/types\/page"}],"author":[{"embeddable":true,"href":"https:\/\/medicom.sk\/index.php?rest_route=\/wp\/v2\/users\/1"}],"replies":[{"embeddable":true,"href":"https:\/\/medicom.sk\/index.php?rest_route=%2Fwp%2Fv2%2Fcomments&post=326"}],"version-history":[{"count":6,"href":"https:\/\/medicom.sk\/index.php?rest_route=\/wp\/v2\/pages\/326\/revisions"}],"predecessor-version":[{"id":1188,"href":"https:\/\/medicom.sk\/index.php?rest_route=\/wp\/v2\/pages\/326\/revisions\/1188"}],"wp:attachment":[{"href":"https:\/\/medicom.sk\/index.php?rest_route=%2Fwp%2Fv2%2Fmedia&parent=326"}],"curies":[{"name":"wp","href":"https:\/\/api.w.org\/{rel}","templated":true}]}}