{"id":322,"date":"2022-05-06T12:11:44","date_gmt":"2022-05-06T10:11:44","guid":{"rendered":"http:\/\/medicom.sk\/?page_id=322"},"modified":"2022-05-20T14:02:13","modified_gmt":"2022-05-20T12:02:13","slug":"stomatolog","status":"publish","type":"page","link":"https:\/\/medicom.sk\/?page_id=322","title":{"rendered":"Stomatol\u00f3g"},"content":{"rendered":"\n<div class=\"wp-block-columns is-layout-flex wp-container-core-columns-is-layout-1 wp-block-columns-is-layout-flex\">\n<div class=\"wp-block-column is-layout-flow wp-block-column-is-layout-flow\" style=\"flex-basis:66.66%\">\n<ul class=\"wp-block-list\"><li><strong><mark style=\"background-color:rgba(0, 0, 0, 0)\" class=\"has-inline-color has-primary-color\">Prepojenie s registra\u010dnou poklad\u0148ou<\/mark><\/strong><br>Prepojenie s registra\u010dnou poklad\u0148ou umo\u017e\u0148uje vytvorenie pokladni\u010dn\u00e9ho dokladu priamo v programe. Jednoduch\u00fd v\u00fdber polo\u017eiek dokladu priamo z cenn\u00edka v\u00fdkonov. Preh\u013ead zaevidovan\u00fdch dokladov priamo v z\u00e1zname pacienta. <\/li><li><strong><mark style=\"background-color:rgba(0, 0, 0, 0)\" class=\"has-inline-color has-primary-color\">Grafick\u00fd zubn\u00fd kr\u00ed\u017e<\/mark><\/strong><br>Grafick\u00fd zubn\u00fd kr\u00ed\u017e umo\u017e\u0148uje r\u00fdchle &#8222;naklikanie&#8220; zubn\u00e9ho statusu na poz\u00edcie zubov a preh\u013eadne zobrazuje hist\u00f3riu vytv\u00e1rania zubn\u00e9ho statusu, ktor\u00fd je mo\u017en\u00e9 kedyko\u013evek vytla\u010di\u0165. K\u00f3dy v\u00fdkonov, diagn\u00f3z aj typ a n\u00e1zov pou\u017eit\u00e9ho materi\u00e1lu je mo\u017en\u00e9 automaticky zap\u00edsa\u0165 do zdravotnej dokument\u00e1cie. <\/li><li><strong><mark style=\"background-color:rgba(0, 0, 0, 0)\" class=\"has-inline-color has-primary-color\">Mana\u017ement prevencie pacienta<\/mark><\/strong><br>Mana\u017ement prevencie pacienta popri automatickej kontrole term\u00ednov prevent\u00edvnej prehliadky umo\u017e\u0148uje aj hromadn\u00e9 zasielanie pozv\u00e1nok na prevent\u00edvne prehliadky formou SMS spr\u00e1vy. Upozornenia na neabsolvovan\u00fa prevent\u00edvnu prehliadku. <\/li><li><strong><mark style=\"background-color:rgba(0, 0, 0, 0)\" class=\"has-inline-color has-primary-color\">Ukladanie RTG sn\u00edmkov<\/mark><\/strong><br>Mo\u017enos\u0165 prepojenia s RTG pr\u00edstrojom, ukladanie a archiv\u00e1cia obrazovej dokument\u00e1cie, mo\u017enos\u0165 vybera\u0165 sn\u00edmky z predvolen\u00e9ho \u00falo\u017eiska (napr. scannera, RTG).<\/li><li><strong><mark style=\"background-color:rgba(0, 0, 0, 0)\" class=\"has-inline-color has-primary-color\">Cenn\u00edk v\u00fdkonov a doplatkov<\/mark><\/strong><br>Jednoduch\u00e9 vytvorenie a aktualiz\u00e1cia vlastn\u00e9ho cenn\u00edka s oh\u013eadom na rozdielne cenov\u00e9 hladiny jednotliv\u00fdch pois\u0165ovn\u00ed. <\/li><li><strong><mark style=\"background-color:rgba(0, 0, 0, 0)\" class=\"has-inline-color has-primary-color\">Protetick\u00fd n\u00e1vrh<\/mark><\/strong><br>Protetick\u00fd n\u00e1vrh nahr\u00e1dza papierov\u00fa formu a z\u00e1rove\u0148 zr\u00fdch\u013euje rutinn\u00e9 \u010dinnosti pri vytv\u00e1ran\u00ed n\u00e1vrhov. Jednoduch\u00e9 zna\u010denie protetick\u00fdch k\u00f3dov. Upozornenie na neukon\u010den\u00e9 protetick\u00e9 n\u00e1vrhy. Automatick\u00fd v\u00fdpo\u010det ceny n\u00e1vrhu pre vy\u00fa\u010dtovanie a mo\u017enos\u0165 tla\u010de. <\/li><\/ul>\n<\/div>\n\n\n\n<div class=\"wp-block-column is-layout-flow wp-block-column-is-layout-flow\" style=\"flex-basis:33.33%\">\n<figure class=\"wp-block-image size-full\"><img loading=\"lazy\" decoding=\"async\" width=\"294\" height=\"391\" src=\"http:\/\/medicom.sk\/wp-content\/uploads\/2022\/05\/zubar.png\" alt=\"\" class=\"wp-image-565\" srcset=\"https:\/\/medicom.sk\/wp-content\/uploads\/2022\/05\/zubar.png 294w, https:\/\/medicom.sk\/wp-content\/uploads\/2022\/05\/zubar-226x300.png 226w, https:\/\/medicom.sk\/wp-content\/uploads\/2022\/05\/zubar-87x116.png 87w\" sizes=\"auto, (max-width: 294px) 100vw, 294px\" \/><\/figure>\n<\/div>\n<\/div>\n\n\n\n<hr class=\"wp-block-separator\"\/>\n\n\n\n<h2 class=\"has-text-align-center wp-block-heading\"><strong><mark style=\"background-color:rgba(0, 0, 0, 0)\" class=\"has-inline-color has-primary-color\">Bezplatn\u00e1 in\u0161tal\u00e1cia<\/mark><\/strong><\/h2>\n\n\n\n<p class=\"has-text-align-center has-x-large-font-size\"><strong>Demo verzie<\/strong><br><a href=\"?page_id=414\"><img loading=\"lazy\" decoding=\"async\" width=\"250\" height=\"60\" class=\"wp-image-1045\" style=\"width: 250px;\" src=\"http:\/\/medicom.sk\/wp-content\/uploads\/2022\/05\/viac_info-removebg-preview.png\" alt=\"\" srcset=\"https:\/\/medicom.sk\/wp-content\/uploads\/2022\/05\/viac_info-removebg-preview.png 269w, https:\/\/medicom.sk\/wp-content\/uploads\/2022\/05\/viac_info-removebg-preview-228x55.png 228w\" sizes=\"auto, (max-width: 250px) 100vw, 250px\" \/><\/a><\/p>\n","protected":false},"excerpt":{"rendered":"<p>Prepojenie s registra\u010dnou poklad\u0148ouPrepojenie s registra\u010dnou poklad\u0148ou umo\u017e\u0148uje vytvorenie pokladni\u010dn\u00e9ho dokladu priamo v programe. Jednoduch\u00fd v\u00fdber polo\u017eiek dokladu priamo z cenn\u00edka v\u00fdkonov. Preh\u013ead zaevidovan\u00fdch dokladov priamo v z\u00e1zname pacienta. Grafick\u00fd zubn\u00fd kr\u00ed\u017eGrafick\u00fd zubn\u00fd kr\u00ed\u017e umo\u017e\u0148uje r\u00fdchle &#8222;naklikanie&#8220; zubn\u00e9ho statusu na poz\u00edcie zubov a preh\u013eadne zobrazuje hist\u00f3riu vytv\u00e1rania zubn\u00e9ho statusu, ktor\u00fd je mo\u017en\u00e9 kedyko\u013evek vytla\u010di\u0165. K\u00f3dy v\u00fdkonov, diagn\u00f3z aj typ a n\u00e1zov pou\u017eit\u00e9ho materi\u00e1lu je mo\u017en\u00e9 automaticky zap\u00edsa\u0165 do zdravotnej dokument\u00e1cie. Mana\u017ement prevencie pacientaMana\u017ement prevencie pacienta popri automatickej kontrole term\u00ednov prevent\u00edvnej&hellip;<\/p>\n","protected":false},"author":1,"featured_media":0,"parent":0,"menu_order":0,"comment_status":"closed","ping_status":"closed","template":"","meta":{"footnotes":""},"class_list":["post-322","page","type-page","status-publish","hentry"],"yoast_head":"<!-- This site is optimized with the Yoast SEO plugin v24.3 - https:\/\/yoast.com\/wordpress\/plugins\/seo\/ -->\n<title>Stomatol\u00f3g - MediCom Software - Ambulantn\u00fd program<\/title>\n<meta name=\"robots\" content=\"index, follow, max-snippet:-1, max-image-preview:large, max-video-preview:-1\" \/>\n<link rel=\"canonical\" href=\"https:\/\/medicom.sk\/?page_id=322\" \/>\n<meta property=\"og:locale\" content=\"sk_SK\" \/>\n<meta property=\"og:type\" content=\"article\" \/>\n<meta property=\"og:title\" content=\"Stomatol\u00f3g - MediCom Software - Ambulantn\u00fd program\" \/>\n<meta property=\"og:description\" content=\"Prepojenie s registra\u010dnou poklad\u0148ouPrepojenie s registra\u010dnou poklad\u0148ou umo\u017e\u0148uje vytvorenie pokladni\u010dn\u00e9ho dokladu priamo v programe. Jednoduch\u00fd v\u00fdber polo\u017eiek dokladu priamo z cenn\u00edka v\u00fdkonov. Preh\u013ead zaevidovan\u00fdch dokladov priamo v z\u00e1zname pacienta. Grafick\u00fd zubn\u00fd kr\u00ed\u017eGrafick\u00fd zubn\u00fd kr\u00ed\u017e umo\u017e\u0148uje r\u00fdchle &#8222;naklikanie&#8220; zubn\u00e9ho statusu na poz\u00edcie zubov a preh\u013eadne zobrazuje hist\u00f3riu vytv\u00e1rania zubn\u00e9ho statusu, ktor\u00fd je mo\u017en\u00e9 kedyko\u013evek vytla\u010di\u0165. K\u00f3dy v\u00fdkonov, diagn\u00f3z aj typ a n\u00e1zov pou\u017eit\u00e9ho materi\u00e1lu je mo\u017en\u00e9 automaticky zap\u00edsa\u0165 do zdravotnej dokument\u00e1cie. Mana\u017ement prevencie pacientaMana\u017ement prevencie pacienta popri automatickej kontrole term\u00ednov prevent\u00edvnej&hellip;\" \/>\n<meta property=\"og:url\" content=\"https:\/\/medicom.sk\/?page_id=322\" \/>\n<meta property=\"og:site_name\" content=\"MediCom Software - Ambulantn\u00fd program\" \/>\n<meta property=\"article:modified_time\" content=\"2022-05-20T12:02:13+00:00\" \/>\n<meta property=\"og:image\" content=\"http:\/\/medicom.sk\/wp-content\/uploads\/2022\/05\/zubar.png\" \/>\n<meta name=\"twitter:card\" content=\"summary_large_image\" \/>\n<meta name=\"twitter:label1\" content=\"Predpokladan\u00fd \u010das \u010d\u00edtania\" \/>\n\t<meta name=\"twitter:data1\" content=\"2 min\u00faty\" \/>\n<script type=\"application\/ld+json\" class=\"yoast-schema-graph\">{\"@context\":\"https:\/\/schema.org\",\"@graph\":[{\"@type\":\"WebPage\",\"@id\":\"https:\/\/medicom.sk\/?page_id=322\",\"url\":\"https:\/\/medicom.sk\/?page_id=322\",\"name\":\"Stomatol\u00f3g - MediCom Software - Ambulantn\u00fd program\",\"isPartOf\":{\"@id\":\"https:\/\/medicom.sk\/#website\"},\"primaryImageOfPage\":{\"@id\":\"https:\/\/medicom.sk\/?page_id=322#primaryimage\"},\"image\":{\"@id\":\"https:\/\/medicom.sk\/?page_id=322#primaryimage\"},\"thumbnailUrl\":\"http:\/\/medicom.sk\/wp-content\/uploads\/2022\/05\/zubar.png\",\"datePublished\":\"2022-05-06T10:11:44+00:00\",\"dateModified\":\"2022-05-20T12:02:13+00:00\",\"breadcrumb\":{\"@id\":\"https:\/\/medicom.sk\/?page_id=322#breadcrumb\"},\"inLanguage\":\"sk-SK\",\"potentialAction\":[{\"@type\":\"ReadAction\",\"target\":[\"https:\/\/medicom.sk\/?page_id=322\"]}]},{\"@type\":\"ImageObject\",\"inLanguage\":\"sk-SK\",\"@id\":\"https:\/\/medicom.sk\/?page_id=322#primaryimage\",\"url\":\"https:\/\/medicom.sk\/wp-content\/uploads\/2022\/05\/zubar.png\",\"contentUrl\":\"https:\/\/medicom.sk\/wp-content\/uploads\/2022\/05\/zubar.png\",\"width\":294,\"height\":391},{\"@type\":\"BreadcrumbList\",\"@id\":\"https:\/\/medicom.sk\/?page_id=322#breadcrumb\",\"itemListElement\":[{\"@type\":\"ListItem\",\"position\":1,\"name\":\"Home\",\"item\":\"https:\/\/medicom.sk\/\"},{\"@type\":\"ListItem\",\"position\":2,\"name\":\"Stomatol\u00f3g\"}]},{\"@type\":\"WebSite\",\"@id\":\"https:\/\/medicom.sk\/#website\",\"url\":\"https:\/\/medicom.sk\/\",\"name\":\"MediCom Software - Ambulantn\u00fd program\",\"description\":\"\",\"publisher\":{\"@id\":\"https:\/\/medicom.sk\/#organization\"},\"potentialAction\":[{\"@type\":\"SearchAction\",\"target\":{\"@type\":\"EntryPoint\",\"urlTemplate\":\"https:\/\/medicom.sk\/?s={search_term_string}\"},\"query-input\":{\"@type\":\"PropertyValueSpecification\",\"valueRequired\":true,\"valueName\":\"search_term_string\"}}],\"inLanguage\":\"sk-SK\"},{\"@type\":\"Organization\",\"@id\":\"https:\/\/medicom.sk\/#organization\",\"name\":\"MediCom Software - Ambulantn\u00fd program\",\"url\":\"https:\/\/medicom.sk\/\",\"logo\":{\"@type\":\"ImageObject\",\"inLanguage\":\"sk-SK\",\"@id\":\"https:\/\/medicom.sk\/#\/schema\/logo\/image\/\",\"url\":\"https:\/\/medicom.sk\/wp-content\/uploads\/2022\/05\/cropped-cropped-cropped-cropped-cropped-logo-1-1.png\",\"contentUrl\":\"https:\/\/medicom.sk\/wp-content\/uploads\/2022\/05\/cropped-cropped-cropped-cropped-cropped-logo-1-1.png\",\"width\":253,\"height\":62,\"caption\":\"MediCom Software - Ambulantn\u00fd program \"},\"image\":{\"@id\":\"https:\/\/medicom.sk\/#\/schema\/logo\/image\/\"}}]}<\/script>\n<!-- \/ Yoast SEO plugin. -->","yoast_head_json":{"title":"Stomatol\u00f3g - MediCom Software - Ambulantn\u00fd program","robots":{"index":"index","follow":"follow","max-snippet":"max-snippet:-1","max-image-preview":"max-image-preview:large","max-video-preview":"max-video-preview:-1"},"canonical":"https:\/\/medicom.sk\/?page_id=322","og_locale":"sk_SK","og_type":"article","og_title":"Stomatol\u00f3g - MediCom Software - Ambulantn\u00fd program","og_description":"Prepojenie s registra\u010dnou poklad\u0148ouPrepojenie s registra\u010dnou poklad\u0148ou umo\u017e\u0148uje vytvorenie pokladni\u010dn\u00e9ho dokladu priamo v programe. Jednoduch\u00fd v\u00fdber polo\u017eiek dokladu priamo z cenn\u00edka v\u00fdkonov. Preh\u013ead zaevidovan\u00fdch dokladov priamo v z\u00e1zname pacienta. Grafick\u00fd zubn\u00fd kr\u00ed\u017eGrafick\u00fd zubn\u00fd kr\u00ed\u017e umo\u017e\u0148uje r\u00fdchle &#8222;naklikanie&#8220; zubn\u00e9ho statusu na poz\u00edcie zubov a preh\u013eadne zobrazuje hist\u00f3riu vytv\u00e1rania zubn\u00e9ho statusu, ktor\u00fd je mo\u017en\u00e9 kedyko\u013evek vytla\u010di\u0165. K\u00f3dy v\u00fdkonov, diagn\u00f3z aj typ a n\u00e1zov pou\u017eit\u00e9ho materi\u00e1lu je mo\u017en\u00e9 automaticky zap\u00edsa\u0165 do zdravotnej dokument\u00e1cie. Mana\u017ement prevencie pacientaMana\u017ement prevencie pacienta popri automatickej kontrole term\u00ednov prevent\u00edvnej&hellip;","og_url":"https:\/\/medicom.sk\/?page_id=322","og_site_name":"MediCom Software - Ambulantn\u00fd program","article_modified_time":"2022-05-20T12:02:13+00:00","og_image":[{"url":"http:\/\/medicom.sk\/wp-content\/uploads\/2022\/05\/zubar.png","type":"","width":"","height":""}],"twitter_card":"summary_large_image","twitter_misc":{"Predpokladan\u00fd \u010das \u010d\u00edtania":"2 min\u00faty"},"schema":{"@context":"https:\/\/schema.org","@graph":[{"@type":"WebPage","@id":"https:\/\/medicom.sk\/?page_id=322","url":"https:\/\/medicom.sk\/?page_id=322","name":"Stomatol\u00f3g - MediCom Software - Ambulantn\u00fd program","isPartOf":{"@id":"https:\/\/medicom.sk\/#website"},"primaryImageOfPage":{"@id":"https:\/\/medicom.sk\/?page_id=322#primaryimage"},"image":{"@id":"https:\/\/medicom.sk\/?page_id=322#primaryimage"},"thumbnailUrl":"http:\/\/medicom.sk\/wp-content\/uploads\/2022\/05\/zubar.png","datePublished":"2022-05-06T10:11:44+00:00","dateModified":"2022-05-20T12:02:13+00:00","breadcrumb":{"@id":"https:\/\/medicom.sk\/?page_id=322#breadcrumb"},"inLanguage":"sk-SK","potentialAction":[{"@type":"ReadAction","target":["https:\/\/medicom.sk\/?page_id=322"]}]},{"@type":"ImageObject","inLanguage":"sk-SK","@id":"https:\/\/medicom.sk\/?page_id=322#primaryimage","url":"https:\/\/medicom.sk\/wp-content\/uploads\/2022\/05\/zubar.png","contentUrl":"https:\/\/medicom.sk\/wp-content\/uploads\/2022\/05\/zubar.png","width":294,"height":391},{"@type":"BreadcrumbList","@id":"https:\/\/medicom.sk\/?page_id=322#breadcrumb","itemListElement":[{"@type":"ListItem","position":1,"name":"Home","item":"https:\/\/medicom.sk\/"},{"@type":"ListItem","position":2,"name":"Stomatol\u00f3g"}]},{"@type":"WebSite","@id":"https:\/\/medicom.sk\/#website","url":"https:\/\/medicom.sk\/","name":"MediCom Software - Ambulantn\u00fd program","description":"","publisher":{"@id":"https:\/\/medicom.sk\/#organization"},"potentialAction":[{"@type":"SearchAction","target":{"@type":"EntryPoint","urlTemplate":"https:\/\/medicom.sk\/?s={search_term_string}"},"query-input":{"@type":"PropertyValueSpecification","valueRequired":true,"valueName":"search_term_string"}}],"inLanguage":"sk-SK"},{"@type":"Organization","@id":"https:\/\/medicom.sk\/#organization","name":"MediCom Software - Ambulantn\u00fd program","url":"https:\/\/medicom.sk\/","logo":{"@type":"ImageObject","inLanguage":"sk-SK","@id":"https:\/\/medicom.sk\/#\/schema\/logo\/image\/","url":"https:\/\/medicom.sk\/wp-content\/uploads\/2022\/05\/cropped-cropped-cropped-cropped-cropped-logo-1-1.png","contentUrl":"https:\/\/medicom.sk\/wp-content\/uploads\/2022\/05\/cropped-cropped-cropped-cropped-cropped-logo-1-1.png","width":253,"height":62,"caption":"MediCom Software - Ambulantn\u00fd program "},"image":{"@id":"https:\/\/medicom.sk\/#\/schema\/logo\/image\/"}}]}},"_links":{"self":[{"href":"https:\/\/medicom.sk\/index.php?rest_route=\/wp\/v2\/pages\/322","targetHints":{"allow":["GET"]}}],"collection":[{"href":"https:\/\/medicom.sk\/index.php?rest_route=\/wp\/v2\/pages"}],"about":[{"href":"https:\/\/medicom.sk\/index.php?rest_route=\/wp\/v2\/types\/page"}],"author":[{"embeddable":true,"href":"https:\/\/medicom.sk\/index.php?rest_route=\/wp\/v2\/users\/1"}],"replies":[{"embeddable":true,"href":"https:\/\/medicom.sk\/index.php?rest_route=%2Fwp%2Fv2%2Fcomments&post=322"}],"version-history":[{"count":6,"href":"https:\/\/medicom.sk\/index.php?rest_route=\/wp\/v2\/pages\/322\/revisions"}],"predecessor-version":[{"id":1186,"href":"https:\/\/medicom.sk\/index.php?rest_route=\/wp\/v2\/pages\/322\/revisions\/1186"}],"wp:attachment":[{"href":"https:\/\/medicom.sk\/index.php?rest_route=%2Fwp%2Fv2%2Fmedia&parent=322"}],"curies":[{"name":"wp","href":"https:\/\/api.w.org\/{rel}","templated":true}]}}