{"id":320,"date":"2022-05-06T12:11:17","date_gmt":"2022-05-06T10:11:17","guid":{"rendered":"http:\/\/medicom.sk\/?page_id=320"},"modified":"2022-05-20T14:02:09","modified_gmt":"2022-05-20T12:02:09","slug":"odborny-lekar","status":"publish","type":"page","link":"https:\/\/medicom.sk\/?page_id=320","title":{"rendered":"\u0160pecialista, SVLZ, RTG"},"content":{"rendered":"\n<div class=\"wp-block-columns is-layout-flex wp-container-core-columns-is-layout-1 wp-block-columns-is-layout-flex\">\n<div class=\"wp-block-column is-layout-flow wp-block-column-is-layout-flow\" style=\"flex-basis:66.66%\">\n<ul class=\"wp-block-list\"><li><strong><mark style=\"background-color:rgba(0, 0, 0, 0)\" class=\"has-inline-color has-primary-color\">Kontrola vykazovania v\u00fdkonov \u0160AS<\/mark><\/strong><br>Intuit\u00edvne zad\u00e1vanie povinn\u00fdch \u00fadajov (k\u00f3dy odosielaj\u00facich lek\u00e1rov, d\u00e1tum v\u00fdmenn\u00e9ho l\u00edstka), mo\u017enos\u0165 automatickej kontroly na po\u010detnos\u0165 v\u00fdkonov, mo\u017enos\u0165 obmedzi\u0165 pou\u017e\u00edvanie v\u00fdkonov resp. diagn\u00f3z pod\u013ea odbornost\u00ed.<\/li><li><strong><mark style=\"background-color:rgba(0, 0, 0, 0)\" class=\"has-inline-color has-primary-color\">Pl\u00e1n v\u00fdkonov alebo proced\u00far pacienta<\/mark><\/strong><br>Mo\u017enos\u0165 napl\u00e1nova\u0165 viacn\u00e1sobn\u00e9 vyk\u00e1zanie ur\u010ditej skupiny v\u00fdkonov v bud\u00facom \u010dase, kontrola vykazovania vykonan\u00fdch a sledovanie po\u010dtu zost\u00e1vaj\u00facich proced\u00far\/v\u00fdkonov, vr\u00e1tane automatick\u00e9ho bodovania. <\/li><li><strong><mark style=\"background-color:rgba(0, 0, 0, 0)\" class=\"has-inline-color has-primary-color\">Dispenzariz\u00e1cia<\/mark><\/strong><br>Dispenzariz\u00e1cia pacientov, \u0161peci\u00e1lna evidencia pacientov so sledovan\u00fdmi diagn\u00f3zami, podpora v\u00fdstupov do pois\u0165ovne, sl\u00fa\u017ei ako zdroj pre automatick\u00e9 v\u00fdpo\u010dty \u0161tatistick\u00fdch v\u00fdkazov do NCZI.<\/li><li><strong><mark style=\"background-color:rgba(0, 0, 0, 0)\" class=\"has-inline-color has-primary-color\">Objedn\u00e1vac\u00ed kalend\u00e1r<\/mark><\/strong><br>Jednoduch\u00e9 a intuit\u00edvne obsadzovanie term\u00ednov. Plynul\u00e9 prep\u00ednanie vo viacer\u00fdch re\u017eimoch kalend\u00e1ra- denn\u00fd, t\u00fd\u017edenn\u00fd, mesa\u010dn\u00fd. Mo\u017enos\u0165 synchronizova\u0165 \u00fadaje aj cez internetov\u00e9 objedn\u00e1vanie. <\/li><li><strong><mark style=\"background-color:rgba(0, 0, 0, 0)\" class=\"has-inline-color has-primary-color\">Prepojenie na diagnostick\u00e9 pr\u00edstroje<\/mark><\/strong><br>Komunik\u00e1cia s viacer\u00fdmi typmi diagnostick\u00fdch pr\u00edstrojov vr\u00e1tane v\u00fdmeny d\u00e1t (EKG, RTG, ABI, SONO, Holtre tlaku a EKG, a in\u00e9).<\/li><li><strong><mark style=\"background-color:rgba(0, 0, 0, 0)\" class=\"has-inline-color has-primary-color\">Ukladanie obrazovej dokument\u00e1cie <\/mark><\/strong><br>Ukladanie obrazovej dokument\u00e1cie umo\u017e\u0148uje prid\u00e1va\u0165 v r\u00e1mci zdravotnej dokument\u00e1cie obr\u00e1zky, oskenovan\u00e9 dokumenty, fotografie, videosekvencie, zvukov\u00e9 nahr\u00e1vky at\u010f z r\u00f4znych zdrojov (fotoapar\u00e1t, telef\u00f3n, kamera a in\u00e9 \u00falo\u017eisk\u00e1). <\/li><li><strong><mark style=\"background-color:rgba(0, 0, 0, 0)\" class=\"has-inline-color has-primary-color\">Multi-profilov\u00e9 pracovisko<\/mark><\/strong><br>Viac lek\u00e1rov v jednej ambulancii, viac ambulanci\u00ed aj r\u00f4znych \u0161pecializ\u00e1ci\u00ed v r\u00e1mci jednej datab\u00e1zy, lek\u00e1r s viacer\u00fdmi \u00fav\u00e4zkami. <\/li><li><strong><mark style=\"background-color:rgba(0, 0, 0, 0)\" class=\"has-inline-color has-primary-color\">Koncoro\u010dn\u00e9 \u0161tatistiky pre NCZI<\/mark><\/strong><br>Koncoro\u010dn\u00e9 \u0161tatistiky pre NCZI s\u00fa v\u017edy v programe aktu\u00e1lne zapracovan\u00e9 pod\u013ea pokynov NCZI. Odosielanie Ro\u010dn\u00e9ho \u0161tatistick\u00e9ho v\u00fdkazu prebieha priamo na port\u00e1l NCZI. <br><\/li><\/ul>\n<\/div>\n\n\n\n<div class=\"wp-block-column is-layout-flow wp-block-column-is-layout-flow\" style=\"flex-basis:33.33%\">\n<figure class=\"wp-block-image size-full is-resized\"><img loading=\"lazy\" decoding=\"async\" src=\"http:\/\/medicom.sk\/wp-content\/uploads\/2022\/05\/svlz_-removebg-preview.png\" alt=\"\" class=\"wp-image-932\" width=\"329\" height=\"401\" srcset=\"https:\/\/medicom.sk\/wp-content\/uploads\/2022\/05\/svlz_-removebg-preview.png 261w, https:\/\/medicom.sk\/wp-content\/uploads\/2022\/05\/svlz_-removebg-preview-246x300.png 246w, https:\/\/medicom.sk\/wp-content\/uploads\/2022\/05\/svlz_-removebg-preview-95x116.png 95w\" sizes=\"auto, (max-width: 329px) 100vw, 329px\" \/><\/figure>\n<\/div>\n<\/div>\n\n\n\n<hr class=\"wp-block-separator\"\/>\n\n\n\n<h2 class=\"has-text-align-center wp-block-heading\"><mark style=\"background-color:rgba(0, 0, 0, 0)\" class=\"has-inline-color has-primary-color\">Bezplatn\u00e1 in\u0161tal\u00e1cia<\/mark><\/h2>\n\n\n\n<p class=\"has-text-align-center has-x-large-font-size\"><strong>Demo verzie<\/strong><br><a href=\"?page_id=414\"><img loading=\"lazy\" decoding=\"async\" width=\"250\" height=\"60\" class=\"wp-image-1045\" style=\"width: 250px;\" src=\"http:\/\/medicom.sk\/wp-content\/uploads\/2022\/05\/viac_info-removebg-preview.png\" alt=\"\" srcset=\"https:\/\/medicom.sk\/wp-content\/uploads\/2022\/05\/viac_info-removebg-preview.png 269w, https:\/\/medicom.sk\/wp-content\/uploads\/2022\/05\/viac_info-removebg-preview-228x55.png 228w\" sizes=\"auto, (max-width: 250px) 100vw, 250px\" \/><\/a><\/p>\n","protected":false},"excerpt":{"rendered":"<p>Kontrola vykazovania v\u00fdkonov \u0160ASIntuit\u00edvne zad\u00e1vanie povinn\u00fdch \u00fadajov (k\u00f3dy odosielaj\u00facich lek\u00e1rov, d\u00e1tum v\u00fdmenn\u00e9ho l\u00edstka), mo\u017enos\u0165 automatickej kontroly na po\u010detnos\u0165 v\u00fdkonov, mo\u017enos\u0165 obmedzi\u0165 pou\u017e\u00edvanie v\u00fdkonov resp. diagn\u00f3z pod\u013ea odbornost\u00ed. Pl\u00e1n v\u00fdkonov alebo proced\u00far pacientaMo\u017enos\u0165 napl\u00e1nova\u0165 viacn\u00e1sobn\u00e9 vyk\u00e1zanie ur\u010ditej skupiny v\u00fdkonov v bud\u00facom \u010dase, kontrola vykazovania vykonan\u00fdch a sledovanie po\u010dtu zost\u00e1vaj\u00facich proced\u00far\/v\u00fdkonov, vr\u00e1tane automatick\u00e9ho bodovania. Dispenzariz\u00e1ciaDispenzariz\u00e1cia pacientov, \u0161peci\u00e1lna evidencia pacientov so sledovan\u00fdmi diagn\u00f3zami, podpora v\u00fdstupov do pois\u0165ovne, sl\u00fa\u017ei ako zdroj pre automatick\u00e9 v\u00fdpo\u010dty \u0161tatistick\u00fdch v\u00fdkazov do NCZI. Objedn\u00e1vac\u00ed kalend\u00e1rJednoduch\u00e9 a intuit\u00edvne obsadzovanie term\u00ednov.&hellip;<\/p>\n","protected":false},"author":1,"featured_media":0,"parent":0,"menu_order":0,"comment_status":"closed","ping_status":"closed","template":"","meta":{"footnotes":""},"class_list":["post-320","page","type-page","status-publish","hentry"],"yoast_head":"<!-- This site is optimized with the Yoast SEO plugin v24.3 - https:\/\/yoast.com\/wordpress\/plugins\/seo\/ -->\n<title>\u0160pecialista, SVLZ, RTG - MediCom Software - Ambulantn\u00fd program<\/title>\n<meta name=\"robots\" content=\"index, follow, max-snippet:-1, max-image-preview:large, max-video-preview:-1\" \/>\n<link rel=\"canonical\" href=\"http:\/\/medicom.sk\/?page_id=320\" \/>\n<meta property=\"og:locale\" content=\"sk_SK\" \/>\n<meta property=\"og:type\" content=\"article\" \/>\n<meta property=\"og:title\" content=\"\u0160pecialista, SVLZ, RTG - MediCom Software - Ambulantn\u00fd program\" \/>\n<meta property=\"og:description\" content=\"Kontrola vykazovania v\u00fdkonov \u0160ASIntuit\u00edvne zad\u00e1vanie povinn\u00fdch \u00fadajov (k\u00f3dy odosielaj\u00facich lek\u00e1rov, d\u00e1tum v\u00fdmenn\u00e9ho l\u00edstka), mo\u017enos\u0165 automatickej kontroly na po\u010detnos\u0165 v\u00fdkonov, mo\u017enos\u0165 obmedzi\u0165 pou\u017e\u00edvanie v\u00fdkonov resp. diagn\u00f3z pod\u013ea odbornost\u00ed. Pl\u00e1n v\u00fdkonov alebo proced\u00far pacientaMo\u017enos\u0165 napl\u00e1nova\u0165 viacn\u00e1sobn\u00e9 vyk\u00e1zanie ur\u010ditej skupiny v\u00fdkonov v bud\u00facom \u010dase, kontrola vykazovania vykonan\u00fdch a sledovanie po\u010dtu zost\u00e1vaj\u00facich proced\u00far\/v\u00fdkonov, vr\u00e1tane automatick\u00e9ho bodovania. Dispenzariz\u00e1ciaDispenzariz\u00e1cia pacientov, \u0161peci\u00e1lna evidencia pacientov so sledovan\u00fdmi diagn\u00f3zami, podpora v\u00fdstupov do pois\u0165ovne, sl\u00fa\u017ei ako zdroj pre automatick\u00e9 v\u00fdpo\u010dty \u0161tatistick\u00fdch v\u00fdkazov do NCZI. Objedn\u00e1vac\u00ed kalend\u00e1rJednoduch\u00e9 a intuit\u00edvne obsadzovanie term\u00ednov.&hellip;\" \/>\n<meta property=\"og:url\" content=\"http:\/\/medicom.sk\/?page_id=320\" \/>\n<meta property=\"og:site_name\" content=\"MediCom Software - Ambulantn\u00fd program\" \/>\n<meta property=\"article:modified_time\" content=\"2022-05-20T12:02:09+00:00\" \/>\n<meta property=\"og:image\" content=\"http:\/\/medicom.sk\/wp-content\/uploads\/2022\/05\/svlz_-removebg-preview.png\" \/>\n<meta name=\"twitter:card\" content=\"summary_large_image\" \/>\n<meta name=\"twitter:label1\" content=\"Predpokladan\u00fd \u010das \u010d\u00edtania\" \/>\n\t<meta name=\"twitter:data1\" content=\"2 min\u00faty\" \/>\n<script type=\"application\/ld+json\" class=\"yoast-schema-graph\">{\"@context\":\"https:\/\/schema.org\",\"@graph\":[{\"@type\":\"WebPage\",\"@id\":\"http:\/\/medicom.sk\/?page_id=320\",\"url\":\"http:\/\/medicom.sk\/?page_id=320\",\"name\":\"\u0160pecialista, SVLZ, RTG - MediCom Software - Ambulantn\u00fd program\",\"isPartOf\":{\"@id\":\"https:\/\/medicom.sk\/#website\"},\"primaryImageOfPage\":{\"@id\":\"http:\/\/medicom.sk\/?page_id=320#primaryimage\"},\"image\":{\"@id\":\"http:\/\/medicom.sk\/?page_id=320#primaryimage\"},\"thumbnailUrl\":\"http:\/\/medicom.sk\/wp-content\/uploads\/2022\/05\/svlz_-removebg-preview.png\",\"datePublished\":\"2022-05-06T10:11:17+00:00\",\"dateModified\":\"2022-05-20T12:02:09+00:00\",\"breadcrumb\":{\"@id\":\"http:\/\/medicom.sk\/?page_id=320#breadcrumb\"},\"inLanguage\":\"sk-SK\",\"potentialAction\":[{\"@type\":\"ReadAction\",\"target\":[\"http:\/\/medicom.sk\/?page_id=320\"]}]},{\"@type\":\"ImageObject\",\"inLanguage\":\"sk-SK\",\"@id\":\"http:\/\/medicom.sk\/?page_id=320#primaryimage\",\"url\":\"https:\/\/medicom.sk\/wp-content\/uploads\/2022\/05\/svlz_-removebg-preview.png\",\"contentUrl\":\"https:\/\/medicom.sk\/wp-content\/uploads\/2022\/05\/svlz_-removebg-preview.png\",\"width\":261,\"height\":318},{\"@type\":\"BreadcrumbList\",\"@id\":\"http:\/\/medicom.sk\/?page_id=320#breadcrumb\",\"itemListElement\":[{\"@type\":\"ListItem\",\"position\":1,\"name\":\"Home\",\"item\":\"https:\/\/medicom.sk\/\"},{\"@type\":\"ListItem\",\"position\":2,\"name\":\"\u0160pecialista, SVLZ, RTG\"}]},{\"@type\":\"WebSite\",\"@id\":\"https:\/\/medicom.sk\/#website\",\"url\":\"https:\/\/medicom.sk\/\",\"name\":\"MediCom Software - Ambulantn\u00fd program\",\"description\":\"\",\"publisher\":{\"@id\":\"https:\/\/medicom.sk\/#organization\"},\"potentialAction\":[{\"@type\":\"SearchAction\",\"target\":{\"@type\":\"EntryPoint\",\"urlTemplate\":\"https:\/\/medicom.sk\/?s={search_term_string}\"},\"query-input\":{\"@type\":\"PropertyValueSpecification\",\"valueRequired\":true,\"valueName\":\"search_term_string\"}}],\"inLanguage\":\"sk-SK\"},{\"@type\":\"Organization\",\"@id\":\"https:\/\/medicom.sk\/#organization\",\"name\":\"MediCom Software - Ambulantn\u00fd program\",\"url\":\"https:\/\/medicom.sk\/\",\"logo\":{\"@type\":\"ImageObject\",\"inLanguage\":\"sk-SK\",\"@id\":\"https:\/\/medicom.sk\/#\/schema\/logo\/image\/\",\"url\":\"https:\/\/medicom.sk\/wp-content\/uploads\/2022\/05\/cropped-cropped-cropped-cropped-cropped-logo-1-1.png\",\"contentUrl\":\"https:\/\/medicom.sk\/wp-content\/uploads\/2022\/05\/cropped-cropped-cropped-cropped-cropped-logo-1-1.png\",\"width\":253,\"height\":62,\"caption\":\"MediCom Software - Ambulantn\u00fd program \"},\"image\":{\"@id\":\"https:\/\/medicom.sk\/#\/schema\/logo\/image\/\"}}]}<\/script>\n<!-- \/ Yoast SEO plugin. -->","yoast_head_json":{"title":"\u0160pecialista, SVLZ, RTG - MediCom Software - Ambulantn\u00fd program","robots":{"index":"index","follow":"follow","max-snippet":"max-snippet:-1","max-image-preview":"max-image-preview:large","max-video-preview":"max-video-preview:-1"},"canonical":"http:\/\/medicom.sk\/?page_id=320","og_locale":"sk_SK","og_type":"article","og_title":"\u0160pecialista, SVLZ, RTG - MediCom Software - Ambulantn\u00fd program","og_description":"Kontrola vykazovania v\u00fdkonov \u0160ASIntuit\u00edvne zad\u00e1vanie povinn\u00fdch \u00fadajov (k\u00f3dy odosielaj\u00facich lek\u00e1rov, d\u00e1tum v\u00fdmenn\u00e9ho l\u00edstka), mo\u017enos\u0165 automatickej kontroly na po\u010detnos\u0165 v\u00fdkonov, mo\u017enos\u0165 obmedzi\u0165 pou\u017e\u00edvanie v\u00fdkonov resp. diagn\u00f3z pod\u013ea odbornost\u00ed. Pl\u00e1n v\u00fdkonov alebo proced\u00far pacientaMo\u017enos\u0165 napl\u00e1nova\u0165 viacn\u00e1sobn\u00e9 vyk\u00e1zanie ur\u010ditej skupiny v\u00fdkonov v bud\u00facom \u010dase, kontrola vykazovania vykonan\u00fdch a sledovanie po\u010dtu zost\u00e1vaj\u00facich proced\u00far\/v\u00fdkonov, vr\u00e1tane automatick\u00e9ho bodovania. Dispenzariz\u00e1ciaDispenzariz\u00e1cia pacientov, \u0161peci\u00e1lna evidencia pacientov so sledovan\u00fdmi diagn\u00f3zami, podpora v\u00fdstupov do pois\u0165ovne, sl\u00fa\u017ei ako zdroj pre automatick\u00e9 v\u00fdpo\u010dty \u0161tatistick\u00fdch v\u00fdkazov do NCZI. Objedn\u00e1vac\u00ed kalend\u00e1rJednoduch\u00e9 a intuit\u00edvne obsadzovanie term\u00ednov.&hellip;","og_url":"http:\/\/medicom.sk\/?page_id=320","og_site_name":"MediCom Software - Ambulantn\u00fd program","article_modified_time":"2022-05-20T12:02:09+00:00","og_image":[{"url":"http:\/\/medicom.sk\/wp-content\/uploads\/2022\/05\/svlz_-removebg-preview.png","type":"","width":"","height":""}],"twitter_card":"summary_large_image","twitter_misc":{"Predpokladan\u00fd \u010das \u010d\u00edtania":"2 min\u00faty"},"schema":{"@context":"https:\/\/schema.org","@graph":[{"@type":"WebPage","@id":"http:\/\/medicom.sk\/?page_id=320","url":"http:\/\/medicom.sk\/?page_id=320","name":"\u0160pecialista, SVLZ, RTG - MediCom Software - Ambulantn\u00fd program","isPartOf":{"@id":"https:\/\/medicom.sk\/#website"},"primaryImageOfPage":{"@id":"http:\/\/medicom.sk\/?page_id=320#primaryimage"},"image":{"@id":"http:\/\/medicom.sk\/?page_id=320#primaryimage"},"thumbnailUrl":"http:\/\/medicom.sk\/wp-content\/uploads\/2022\/05\/svlz_-removebg-preview.png","datePublished":"2022-05-06T10:11:17+00:00","dateModified":"2022-05-20T12:02:09+00:00","breadcrumb":{"@id":"http:\/\/medicom.sk\/?page_id=320#breadcrumb"},"inLanguage":"sk-SK","potentialAction":[{"@type":"ReadAction","target":["http:\/\/medicom.sk\/?page_id=320"]}]},{"@type":"ImageObject","inLanguage":"sk-SK","@id":"http:\/\/medicom.sk\/?page_id=320#primaryimage","url":"https:\/\/medicom.sk\/wp-content\/uploads\/2022\/05\/svlz_-removebg-preview.png","contentUrl":"https:\/\/medicom.sk\/wp-content\/uploads\/2022\/05\/svlz_-removebg-preview.png","width":261,"height":318},{"@type":"BreadcrumbList","@id":"http:\/\/medicom.sk\/?page_id=320#breadcrumb","itemListElement":[{"@type":"ListItem","position":1,"name":"Home","item":"https:\/\/medicom.sk\/"},{"@type":"ListItem","position":2,"name":"\u0160pecialista, SVLZ, RTG"}]},{"@type":"WebSite","@id":"https:\/\/medicom.sk\/#website","url":"https:\/\/medicom.sk\/","name":"MediCom Software - Ambulantn\u00fd program","description":"","publisher":{"@id":"https:\/\/medicom.sk\/#organization"},"potentialAction":[{"@type":"SearchAction","target":{"@type":"EntryPoint","urlTemplate":"https:\/\/medicom.sk\/?s={search_term_string}"},"query-input":{"@type":"PropertyValueSpecification","valueRequired":true,"valueName":"search_term_string"}}],"inLanguage":"sk-SK"},{"@type":"Organization","@id":"https:\/\/medicom.sk\/#organization","name":"MediCom Software - Ambulantn\u00fd program","url":"https:\/\/medicom.sk\/","logo":{"@type":"ImageObject","inLanguage":"sk-SK","@id":"https:\/\/medicom.sk\/#\/schema\/logo\/image\/","url":"https:\/\/medicom.sk\/wp-content\/uploads\/2022\/05\/cropped-cropped-cropped-cropped-cropped-logo-1-1.png","contentUrl":"https:\/\/medicom.sk\/wp-content\/uploads\/2022\/05\/cropped-cropped-cropped-cropped-cropped-logo-1-1.png","width":253,"height":62,"caption":"MediCom Software - Ambulantn\u00fd program "},"image":{"@id":"https:\/\/medicom.sk\/#\/schema\/logo\/image\/"}}]}},"_links":{"self":[{"href":"https:\/\/medicom.sk\/index.php?rest_route=\/wp\/v2\/pages\/320","targetHints":{"allow":["GET"]}}],"collection":[{"href":"https:\/\/medicom.sk\/index.php?rest_route=\/wp\/v2\/pages"}],"about":[{"href":"https:\/\/medicom.sk\/index.php?rest_route=\/wp\/v2\/types\/page"}],"author":[{"embeddable":true,"href":"https:\/\/medicom.sk\/index.php?rest_route=\/wp\/v2\/users\/1"}],"replies":[{"embeddable":true,"href":"https:\/\/medicom.sk\/index.php?rest_route=%2Fwp%2Fv2%2Fcomments&post=320"}],"version-history":[{"count":6,"href":"https:\/\/medicom.sk\/index.php?rest_route=\/wp\/v2\/pages\/320\/revisions"}],"predecessor-version":[{"id":1185,"href":"https:\/\/medicom.sk\/index.php?rest_route=\/wp\/v2\/pages\/320\/revisions\/1185"}],"wp:attachment":[{"href":"https:\/\/medicom.sk\/index.php?rest_route=%2Fwp%2Fv2%2Fmedia&parent=320"}],"curies":[{"name":"wp","href":"https:\/\/api.w.org\/{rel}","templated":true}]}}