{"id":318,"date":"2022-05-06T12:07:50","date_gmt":"2022-05-06T10:07:50","guid":{"rendered":"http:\/\/medicom.sk\/?page_id=318"},"modified":"2022-07-25T11:32:15","modified_gmt":"2022-07-25T09:32:15","slug":"pediater","status":"publish","type":"page","link":"https:\/\/medicom.sk\/?page_id=318","title":{"rendered":"Pediater"},"content":{"rendered":"\n<div class=\"wp-block-columns is-layout-flex wp-container-core-columns-is-layout-1 wp-block-columns-is-layout-flex\">\n<div class=\"wp-block-column is-layout-flow wp-block-column-is-layout-flow\" style=\"flex-basis:66.66%\">\n<ul class=\"wp-block-list\"><li><strong><mark style=\"background-color:rgba(0, 0, 0, 0)\" class=\"has-inline-color has-primary-color\">O\u010dkovac\u00ed kalend\u00e1r<\/mark><\/strong><br>O\u010dkovac\u00ed kalend\u00e1r nastaven\u00fd pod\u013ea aktu\u00e1lneho harmonogramu region\u00e1lneho \u00faradu je u pacienta spracovan\u00fd v preh\u013eadnej tabu\u013eke, kde je zobrazen\u00fd aj druh povinn\u00e9ho i nepovinn\u00e9ho o\u010dkovania u pacienta.<\/li><li><strong><mark style=\"background-color:rgba(0, 0, 0, 0)\" class=\"has-inline-color has-primary-color\">Mana\u017ement o\u010dkovania pacientov<\/mark><\/strong><br>Mana\u017ement o\u010dkovania pacientov zah\u0155\u0148a sledovanie povinn\u00e9ho a nepovinn\u00e9ho o\u010dkovania, program umo\u017e\u0148uje vytv\u00e1ra\u0165 preh\u013eady pl\u00e1novan\u00fdch a uskuto\u010dnen\u00fdch o\u010dkovan\u00ed a posla\u0165 pacientovi pozv\u00e1nku na o\u010dkovanie SMS spr\u00e1vou.<\/li><li><strong><mark style=\"background-color:rgba(0, 0, 0, 0)\" class=\"has-inline-color has-primary-color\">Pl\u00e1novanie prevencie<\/mark><\/strong><br>Pl\u00e1novanie prevencie a sledovanie term\u00ednov prevent\u00edvnych prehliadok. Popri automatickej kontrole term\u00ednu prevent\u00edvnej prehliadky program umo\u017en\u00ed hromadn\u00e9 zasielanie pozv\u00e1nok na prevent\u00edvne prehliadky formou SMS spr\u00e1v. <\/li><li><strong><mark style=\"background-color:rgba(0, 0, 0, 0)\" class=\"has-inline-color has-primary-color\">Rastov\u00e9 grafy na z\u00e1klade zaevidovan\u00fdch \u00fadajov<\/mark><\/strong><br>Od narodenia die\u0165a\u0165a je mo\u017en\u00e9 sledova\u0165 a evidova\u0165 rast a n\u00e1sledne zo zadan\u00fdch inform\u00e1ci\u00ed v programe zobrazi\u0165 rastov\u00e9 grafy.<\/li><li><strong><mark style=\"background-color:rgba(0, 0, 0, 0)\" class=\"has-inline-color has-primary-color\">\u0160tatistick\u00e9 v\u00fdkazy pre NCZI <\/mark><\/strong><br>\u0160tatistick\u00e9 v\u00fdkazy pre NCZI s\u00fa v\u017edy v programe aktu\u00e1lne zapracovan\u00e9 pod\u013ea pokynov NCZI. Odosielanie Ro\u010dn\u00e9ho \u0161tatistick\u00e9ho v\u00fdkazu prebieha priamo na port\u00e1l NCZI. <\/li><\/ul>\n<\/div>\n\n\n\n<div class=\"wp-block-column is-layout-flow wp-block-column-is-layout-flow\" style=\"flex-basis:33.33%\">\n<figure class=\"wp-block-image size-full\"><img loading=\"lazy\" decoding=\"async\" width=\"294\" height=\"391\" src=\"http:\/\/medicom.sk\/wp-content\/uploads\/2022\/05\/pediater.png\" alt=\"\" class=\"wp-image-569\" srcset=\"https:\/\/medicom.sk\/wp-content\/uploads\/2022\/05\/pediater.png 294w, https:\/\/medicom.sk\/wp-content\/uploads\/2022\/05\/pediater-226x300.png 226w, https:\/\/medicom.sk\/wp-content\/uploads\/2022\/05\/pediater-87x116.png 87w\" sizes=\"auto, (max-width: 294px) 100vw, 294px\" \/><\/figure>\n<\/div>\n<\/div>\n\n\n\n<hr class=\"wp-block-separator\"\/>\n\n\n\n<h2 class=\"has-text-align-center wp-block-heading\"><mark style=\"background-color:rgba(0, 0, 0, 0)\" class=\"has-inline-color has-primary-color\">Bezplatn\u00e1 in\u0161tal\u00e1cia<\/mark><\/h2>\n\n\n\n<p class=\"has-text-align-center has-x-large-font-size\"><strong>Demo verzie<\/strong><br><a href=\"?page_id=414\"><img loading=\"lazy\" decoding=\"async\" width=\"250\" height=\"60\" class=\"wp-image-1045\" style=\"width: 250px;\" src=\"http:\/\/medicom.sk\/wp-content\/uploads\/2022\/05\/viac_info-removebg-preview.png\" alt=\"\" srcset=\"https:\/\/medicom.sk\/wp-content\/uploads\/2022\/05\/viac_info-removebg-preview.png 269w, https:\/\/medicom.sk\/wp-content\/uploads\/2022\/05\/viac_info-removebg-preview-228x55.png 228w\" sizes=\"auto, (max-width: 250px) 100vw, 250px\" \/><\/a><\/p>\n","protected":false},"excerpt":{"rendered":"<p>O\u010dkovac\u00ed kalend\u00e1rO\u010dkovac\u00ed kalend\u00e1r nastaven\u00fd pod\u013ea aktu\u00e1lneho harmonogramu region\u00e1lneho \u00faradu je u pacienta spracovan\u00fd v preh\u013eadnej tabu\u013eke, kde je zobrazen\u00fd aj druh povinn\u00e9ho i nepovinn\u00e9ho o\u010dkovania u pacienta. Mana\u017ement o\u010dkovania pacientovMana\u017ement o\u010dkovania pacientov zah\u0155\u0148a sledovanie povinn\u00e9ho a nepovinn\u00e9ho o\u010dkovania, program umo\u017e\u0148uje vytv\u00e1ra\u0165 preh\u013eady pl\u00e1novan\u00fdch a uskuto\u010dnen\u00fdch o\u010dkovan\u00ed a posla\u0165 pacientovi pozv\u00e1nku na o\u010dkovanie SMS spr\u00e1vou. Pl\u00e1novanie prevenciePl\u00e1novanie prevencie a sledovanie term\u00ednov prevent\u00edvnych prehliadok. Popri automatickej kontrole term\u00ednu prevent\u00edvnej prehliadky program umo\u017en\u00ed hromadn\u00e9 zasielanie pozv\u00e1nok na prevent\u00edvne prehliadky formou SMS spr\u00e1v. Rastov\u00e9&hellip;<\/p>\n","protected":false},"author":1,"featured_media":0,"parent":0,"menu_order":0,"comment_status":"closed","ping_status":"closed","template":"","meta":{"footnotes":""},"class_list":["post-318","page","type-page","status-publish","hentry"],"yoast_head":"<!-- This site is optimized with the Yoast SEO plugin v24.3 - https:\/\/yoast.com\/wordpress\/plugins\/seo\/ -->\n<title>Pediater - MediCom Software - Ambulantn\u00fd program<\/title>\n<meta name=\"robots\" content=\"index, follow, max-snippet:-1, max-image-preview:large, max-video-preview:-1\" \/>\n<link rel=\"canonical\" href=\"http:\/\/medicom.sk\/?page_id=318\" \/>\n<meta property=\"og:locale\" content=\"sk_SK\" \/>\n<meta property=\"og:type\" content=\"article\" \/>\n<meta property=\"og:title\" content=\"Pediater - MediCom Software - Ambulantn\u00fd program\" \/>\n<meta property=\"og:description\" content=\"O\u010dkovac\u00ed kalend\u00e1rO\u010dkovac\u00ed kalend\u00e1r nastaven\u00fd pod\u013ea aktu\u00e1lneho harmonogramu region\u00e1lneho \u00faradu je u pacienta spracovan\u00fd v preh\u013eadnej tabu\u013eke, kde je zobrazen\u00fd aj druh povinn\u00e9ho i nepovinn\u00e9ho o\u010dkovania u pacienta. Mana\u017ement o\u010dkovania pacientovMana\u017ement o\u010dkovania pacientov zah\u0155\u0148a sledovanie povinn\u00e9ho a nepovinn\u00e9ho o\u010dkovania, program umo\u017e\u0148uje vytv\u00e1ra\u0165 preh\u013eady pl\u00e1novan\u00fdch a uskuto\u010dnen\u00fdch o\u010dkovan\u00ed a posla\u0165 pacientovi pozv\u00e1nku na o\u010dkovanie SMS spr\u00e1vou. Pl\u00e1novanie prevenciePl\u00e1novanie prevencie a sledovanie term\u00ednov prevent\u00edvnych prehliadok. Popri automatickej kontrole term\u00ednu prevent\u00edvnej prehliadky program umo\u017en\u00ed hromadn\u00e9 zasielanie pozv\u00e1nok na prevent\u00edvne prehliadky formou SMS spr\u00e1v. Rastov\u00e9&hellip;\" \/>\n<meta property=\"og:url\" content=\"http:\/\/medicom.sk\/?page_id=318\" \/>\n<meta property=\"og:site_name\" content=\"MediCom Software - Ambulantn\u00fd program\" \/>\n<meta property=\"article:modified_time\" content=\"2022-07-25T09:32:15+00:00\" \/>\n<meta property=\"og:image\" content=\"http:\/\/medicom.sk\/wp-content\/uploads\/2022\/05\/pediater.png\" \/>\n<meta name=\"twitter:card\" content=\"summary_large_image\" \/>\n<meta name=\"twitter:label1\" content=\"Predpokladan\u00fd \u010das \u010d\u00edtania\" \/>\n\t<meta name=\"twitter:data1\" content=\"2 min\u00faty\" \/>\n<script type=\"application\/ld+json\" class=\"yoast-schema-graph\">{\"@context\":\"https:\/\/schema.org\",\"@graph\":[{\"@type\":\"WebPage\",\"@id\":\"http:\/\/medicom.sk\/?page_id=318\",\"url\":\"http:\/\/medicom.sk\/?page_id=318\",\"name\":\"Pediater - MediCom Software - Ambulantn\u00fd program\",\"isPartOf\":{\"@id\":\"https:\/\/medicom.sk\/#website\"},\"primaryImageOfPage\":{\"@id\":\"http:\/\/medicom.sk\/?page_id=318#primaryimage\"},\"image\":{\"@id\":\"http:\/\/medicom.sk\/?page_id=318#primaryimage\"},\"thumbnailUrl\":\"http:\/\/medicom.sk\/wp-content\/uploads\/2022\/05\/pediater.png\",\"datePublished\":\"2022-05-06T10:07:50+00:00\",\"dateModified\":\"2022-07-25T09:32:15+00:00\",\"breadcrumb\":{\"@id\":\"http:\/\/medicom.sk\/?page_id=318#breadcrumb\"},\"inLanguage\":\"sk-SK\",\"potentialAction\":[{\"@type\":\"ReadAction\",\"target\":[\"http:\/\/medicom.sk\/?page_id=318\"]}]},{\"@type\":\"ImageObject\",\"inLanguage\":\"sk-SK\",\"@id\":\"http:\/\/medicom.sk\/?page_id=318#primaryimage\",\"url\":\"https:\/\/medicom.sk\/wp-content\/uploads\/2022\/05\/pediater.png\",\"contentUrl\":\"https:\/\/medicom.sk\/wp-content\/uploads\/2022\/05\/pediater.png\",\"width\":294,\"height\":391},{\"@type\":\"BreadcrumbList\",\"@id\":\"http:\/\/medicom.sk\/?page_id=318#breadcrumb\",\"itemListElement\":[{\"@type\":\"ListItem\",\"position\":1,\"name\":\"Home\",\"item\":\"https:\/\/medicom.sk\/\"},{\"@type\":\"ListItem\",\"position\":2,\"name\":\"Pediater\"}]},{\"@type\":\"WebSite\",\"@id\":\"https:\/\/medicom.sk\/#website\",\"url\":\"https:\/\/medicom.sk\/\",\"name\":\"MediCom Software - Ambulantn\u00fd program\",\"description\":\"\",\"publisher\":{\"@id\":\"https:\/\/medicom.sk\/#organization\"},\"potentialAction\":[{\"@type\":\"SearchAction\",\"target\":{\"@type\":\"EntryPoint\",\"urlTemplate\":\"https:\/\/medicom.sk\/?s={search_term_string}\"},\"query-input\":{\"@type\":\"PropertyValueSpecification\",\"valueRequired\":true,\"valueName\":\"search_term_string\"}}],\"inLanguage\":\"sk-SK\"},{\"@type\":\"Organization\",\"@id\":\"https:\/\/medicom.sk\/#organization\",\"name\":\"MediCom Software - Ambulantn\u00fd program\",\"url\":\"https:\/\/medicom.sk\/\",\"logo\":{\"@type\":\"ImageObject\",\"inLanguage\":\"sk-SK\",\"@id\":\"https:\/\/medicom.sk\/#\/schema\/logo\/image\/\",\"url\":\"https:\/\/medicom.sk\/wp-content\/uploads\/2022\/05\/cropped-cropped-cropped-cropped-cropped-logo-1-1.png\",\"contentUrl\":\"https:\/\/medicom.sk\/wp-content\/uploads\/2022\/05\/cropped-cropped-cropped-cropped-cropped-logo-1-1.png\",\"width\":253,\"height\":62,\"caption\":\"MediCom Software - Ambulantn\u00fd program \"},\"image\":{\"@id\":\"https:\/\/medicom.sk\/#\/schema\/logo\/image\/\"}}]}<\/script>\n<!-- \/ Yoast SEO plugin. -->","yoast_head_json":{"title":"Pediater - MediCom Software - Ambulantn\u00fd program","robots":{"index":"index","follow":"follow","max-snippet":"max-snippet:-1","max-image-preview":"max-image-preview:large","max-video-preview":"max-video-preview:-1"},"canonical":"http:\/\/medicom.sk\/?page_id=318","og_locale":"sk_SK","og_type":"article","og_title":"Pediater - MediCom Software - Ambulantn\u00fd program","og_description":"O\u010dkovac\u00ed kalend\u00e1rO\u010dkovac\u00ed kalend\u00e1r nastaven\u00fd pod\u013ea aktu\u00e1lneho harmonogramu region\u00e1lneho \u00faradu je u pacienta spracovan\u00fd v preh\u013eadnej tabu\u013eke, kde je zobrazen\u00fd aj druh povinn\u00e9ho i nepovinn\u00e9ho o\u010dkovania u pacienta. Mana\u017ement o\u010dkovania pacientovMana\u017ement o\u010dkovania pacientov zah\u0155\u0148a sledovanie povinn\u00e9ho a nepovinn\u00e9ho o\u010dkovania, program umo\u017e\u0148uje vytv\u00e1ra\u0165 preh\u013eady pl\u00e1novan\u00fdch a uskuto\u010dnen\u00fdch o\u010dkovan\u00ed a posla\u0165 pacientovi pozv\u00e1nku na o\u010dkovanie SMS spr\u00e1vou. Pl\u00e1novanie prevenciePl\u00e1novanie prevencie a sledovanie term\u00ednov prevent\u00edvnych prehliadok. Popri automatickej kontrole term\u00ednu prevent\u00edvnej prehliadky program umo\u017en\u00ed hromadn\u00e9 zasielanie pozv\u00e1nok na prevent\u00edvne prehliadky formou SMS spr\u00e1v. Rastov\u00e9&hellip;","og_url":"http:\/\/medicom.sk\/?page_id=318","og_site_name":"MediCom Software - Ambulantn\u00fd program","article_modified_time":"2022-07-25T09:32:15+00:00","og_image":[{"url":"http:\/\/medicom.sk\/wp-content\/uploads\/2022\/05\/pediater.png","type":"","width":"","height":""}],"twitter_card":"summary_large_image","twitter_misc":{"Predpokladan\u00fd \u010das \u010d\u00edtania":"2 min\u00faty"},"schema":{"@context":"https:\/\/schema.org","@graph":[{"@type":"WebPage","@id":"http:\/\/medicom.sk\/?page_id=318","url":"http:\/\/medicom.sk\/?page_id=318","name":"Pediater - MediCom Software - Ambulantn\u00fd program","isPartOf":{"@id":"https:\/\/medicom.sk\/#website"},"primaryImageOfPage":{"@id":"http:\/\/medicom.sk\/?page_id=318#primaryimage"},"image":{"@id":"http:\/\/medicom.sk\/?page_id=318#primaryimage"},"thumbnailUrl":"http:\/\/medicom.sk\/wp-content\/uploads\/2022\/05\/pediater.png","datePublished":"2022-05-06T10:07:50+00:00","dateModified":"2022-07-25T09:32:15+00:00","breadcrumb":{"@id":"http:\/\/medicom.sk\/?page_id=318#breadcrumb"},"inLanguage":"sk-SK","potentialAction":[{"@type":"ReadAction","target":["http:\/\/medicom.sk\/?page_id=318"]}]},{"@type":"ImageObject","inLanguage":"sk-SK","@id":"http:\/\/medicom.sk\/?page_id=318#primaryimage","url":"https:\/\/medicom.sk\/wp-content\/uploads\/2022\/05\/pediater.png","contentUrl":"https:\/\/medicom.sk\/wp-content\/uploads\/2022\/05\/pediater.png","width":294,"height":391},{"@type":"BreadcrumbList","@id":"http:\/\/medicom.sk\/?page_id=318#breadcrumb","itemListElement":[{"@type":"ListItem","position":1,"name":"Home","item":"https:\/\/medicom.sk\/"},{"@type":"ListItem","position":2,"name":"Pediater"}]},{"@type":"WebSite","@id":"https:\/\/medicom.sk\/#website","url":"https:\/\/medicom.sk\/","name":"MediCom Software - Ambulantn\u00fd program","description":"","publisher":{"@id":"https:\/\/medicom.sk\/#organization"},"potentialAction":[{"@type":"SearchAction","target":{"@type":"EntryPoint","urlTemplate":"https:\/\/medicom.sk\/?s={search_term_string}"},"query-input":{"@type":"PropertyValueSpecification","valueRequired":true,"valueName":"search_term_string"}}],"inLanguage":"sk-SK"},{"@type":"Organization","@id":"https:\/\/medicom.sk\/#organization","name":"MediCom Software - Ambulantn\u00fd program","url":"https:\/\/medicom.sk\/","logo":{"@type":"ImageObject","inLanguage":"sk-SK","@id":"https:\/\/medicom.sk\/#\/schema\/logo\/image\/","url":"https:\/\/medicom.sk\/wp-content\/uploads\/2022\/05\/cropped-cropped-cropped-cropped-cropped-logo-1-1.png","contentUrl":"https:\/\/medicom.sk\/wp-content\/uploads\/2022\/05\/cropped-cropped-cropped-cropped-cropped-logo-1-1.png","width":253,"height":62,"caption":"MediCom Software - Ambulantn\u00fd program "},"image":{"@id":"https:\/\/medicom.sk\/#\/schema\/logo\/image\/"}}]}},"_links":{"self":[{"href":"https:\/\/medicom.sk\/index.php?rest_route=\/wp\/v2\/pages\/318","targetHints":{"allow":["GET"]}}],"collection":[{"href":"https:\/\/medicom.sk\/index.php?rest_route=\/wp\/v2\/pages"}],"about":[{"href":"https:\/\/medicom.sk\/index.php?rest_route=\/wp\/v2\/types\/page"}],"author":[{"embeddable":true,"href":"https:\/\/medicom.sk\/index.php?rest_route=\/wp\/v2\/users\/1"}],"replies":[{"embeddable":true,"href":"https:\/\/medicom.sk\/index.php?rest_route=%2Fwp%2Fv2%2Fcomments&post=318"}],"version-history":[{"count":6,"href":"https:\/\/medicom.sk\/index.php?rest_route=\/wp\/v2\/pages\/318\/revisions"}],"predecessor-version":[{"id":1226,"href":"https:\/\/medicom.sk\/index.php?rest_route=\/wp\/v2\/pages\/318\/revisions\/1226"}],"wp:attachment":[{"href":"https:\/\/medicom.sk\/index.php?rest_route=%2Fwp%2Fv2%2Fmedia&parent=318"}],"curies":[{"name":"wp","href":"https:\/\/api.w.org\/{rel}","templated":true}]}}