{"id":310,"date":"2022-05-06T12:05:54","date_gmt":"2022-05-06T10:05:54","guid":{"rendered":"http:\/\/medicom.sk\/?page_id=310"},"modified":"2022-05-12T12:42:16","modified_gmt":"2022-05-12T10:42:16","slug":"klientska-zona","status":"publish","type":"page","link":"https:\/\/medicom.sk\/?page_id=310","title":{"rendered":"Klientsk\u00e1 z\u00f3na"},"content":{"rendered":"\n<div class=\"wp-block-columns is-layout-flex wp-container-core-columns-is-layout-1 wp-block-columns-is-layout-flex\">\n<div class=\"wp-block-column is-layout-flow wp-block-column-is-layout-flow\">\n<div class=\"wp-block-image\"><figure class=\"aligncenter size-full is-resized\"><img loading=\"lazy\" decoding=\"async\" src=\"http:\/\/medicom.sk\/wp-content\/uploads\/2022\/05\/huge.png\" alt=\"\" class=\"wp-image-1037\" width=\"332\" height=\"332\" srcset=\"https:\/\/medicom.sk\/wp-content\/uploads\/2022\/05\/huge.png 512w, https:\/\/medicom.sk\/wp-content\/uploads\/2022\/05\/huge-300x300.png 300w, https:\/\/medicom.sk\/wp-content\/uploads\/2022\/05\/huge-150x150.png 150w, https:\/\/medicom.sk\/wp-content\/uploads\/2022\/05\/huge-116x116.png 116w\" sizes=\"auto, (max-width: 332px) 100vw, 332px\" \/><\/figure><\/div>\n<\/div>\n<\/div>\n\n\n\n<div class=\"wp-block-columns is-layout-flex wp-container-core-columns-is-layout-2 wp-block-columns-is-layout-flex\">\n<div class=\"wp-block-column is-layout-flow wp-block-column-is-layout-flow\">\n<div class=\"wp-block-image\"><figure class=\"aligncenter size-full\"><img loading=\"lazy\" decoding=\"async\" width=\"545\" height=\"384\" src=\"http:\/\/medicom.sk\/wp-content\/uploads\/2022\/05\/klientska-zona.png\" alt=\"\" class=\"wp-image-1079\" srcset=\"https:\/\/medicom.sk\/wp-content\/uploads\/2022\/05\/klientska-zona.png 545w, https:\/\/medicom.sk\/wp-content\/uploads\/2022\/05\/klientska-zona-300x211.png 300w, https:\/\/medicom.sk\/wp-content\/uploads\/2022\/05\/klientska-zona-165x116.png 165w\" sizes=\"auto, (max-width: 545px) 100vw, 545px\" \/><\/figure><\/div>\n<\/div>\n\n\n\n<div class=\"wp-block-column is-layout-flow wp-block-column-is-layout-flow\">\n<h2 class=\"has-medium-font-size wp-block-heading\">Klientska z\u00f3na je online n\u00e1stroj ur\u010den\u00fd pre na\u0161ich z\u00e1kazn\u00edkov, ktor\u00fd poskytuje:<\/h2>\n\n\n\n<ul class=\"wp-block-list\"><li>In\u0161tala\u010dn\u00e9 bal\u00ed\u010dky programu spolu s n\u00e1vodmi na obsluhu<\/li><li>\u010casto kladen\u00e9 ot\u00e1zky<\/li><li>Aktuality v programe<\/li><li>Cenn\u00edk servisn\u00fdch slu\u017eieb<\/li><li>Cenn\u00edk programov\u00e9ho vybavenia a aktualiz\u00e1ci\u00ed<\/li><\/ul>\n<\/div>\n<\/div>\n","protected":false},"excerpt":{"rendered":"<p>Klientska z\u00f3na je online n\u00e1stroj ur\u010den\u00fd pre na\u0161ich z\u00e1kazn\u00edkov, ktor\u00fd poskytuje: In\u0161tala\u010dn\u00e9 bal\u00ed\u010dky programu spolu s n\u00e1vodmi na obsluhu \u010casto kladen\u00e9 ot\u00e1zky Aktuality v programe Cenn\u00edk servisn\u00fdch slu\u017eieb Cenn\u00edk programov\u00e9ho vybavenia a aktualiz\u00e1ci\u00ed<\/p>\n","protected":false},"author":1,"featured_media":0,"parent":0,"menu_order":0,"comment_status":"closed","ping_status":"closed","template":"","meta":{"footnotes":""},"class_list":["post-310","page","type-page","status-publish","hentry"],"yoast_head":"<!-- This site is optimized with the Yoast SEO plugin v24.3 - https:\/\/yoast.com\/wordpress\/plugins\/seo\/ -->\n<title>Klientsk\u00e1 z\u00f3na - MediCom Software - Ambulantn\u00fd program<\/title>\n<meta name=\"robots\" content=\"index, follow, max-snippet:-1, max-image-preview:large, max-video-preview:-1\" \/>\n<link rel=\"canonical\" href=\"https:\/\/medicom.sk\/?page_id=310\" \/>\n<meta property=\"og:locale\" content=\"sk_SK\" \/>\n<meta property=\"og:type\" content=\"article\" \/>\n<meta property=\"og:title\" content=\"Klientsk\u00e1 z\u00f3na - MediCom Software - Ambulantn\u00fd program\" \/>\n<meta property=\"og:description\" content=\"Klientska z\u00f3na je online n\u00e1stroj ur\u010den\u00fd pre na\u0161ich z\u00e1kazn\u00edkov, ktor\u00fd poskytuje: In\u0161tala\u010dn\u00e9 bal\u00ed\u010dky programu spolu s n\u00e1vodmi na obsluhu \u010casto kladen\u00e9 ot\u00e1zky Aktuality v programe Cenn\u00edk servisn\u00fdch slu\u017eieb Cenn\u00edk programov\u00e9ho vybavenia a aktualiz\u00e1ci\u00ed\" \/>\n<meta property=\"og:url\" content=\"https:\/\/medicom.sk\/?page_id=310\" \/>\n<meta property=\"og:site_name\" content=\"MediCom Software - Ambulantn\u00fd program\" \/>\n<meta property=\"article:modified_time\" content=\"2022-05-12T10:42:16+00:00\" \/>\n<meta property=\"og:image\" content=\"http:\/\/medicom.sk\/wp-content\/uploads\/2022\/05\/huge.png\" \/>\n<meta name=\"twitter:card\" content=\"summary_large_image\" \/>\n<meta name=\"twitter:label1\" content=\"Predpokladan\u00fd \u010das \u010d\u00edtania\" \/>\n\t<meta name=\"twitter:data1\" content=\"1 min\u00fata\" \/>\n<script type=\"application\/ld+json\" class=\"yoast-schema-graph\">{\"@context\":\"https:\/\/schema.org\",\"@graph\":[{\"@type\":\"WebPage\",\"@id\":\"https:\/\/medicom.sk\/?page_id=310\",\"url\":\"https:\/\/medicom.sk\/?page_id=310\",\"name\":\"Klientsk\u00e1 z\u00f3na - MediCom Software - Ambulantn\u00fd program\",\"isPartOf\":{\"@id\":\"https:\/\/medicom.sk\/#website\"},\"primaryImageOfPage\":{\"@id\":\"https:\/\/medicom.sk\/?page_id=310#primaryimage\"},\"image\":{\"@id\":\"https:\/\/medicom.sk\/?page_id=310#primaryimage\"},\"thumbnailUrl\":\"http:\/\/medicom.sk\/wp-content\/uploads\/2022\/05\/huge.png\",\"datePublished\":\"2022-05-06T10:05:54+00:00\",\"dateModified\":\"2022-05-12T10:42:16+00:00\",\"breadcrumb\":{\"@id\":\"https:\/\/medicom.sk\/?page_id=310#breadcrumb\"},\"inLanguage\":\"sk-SK\",\"potentialAction\":[{\"@type\":\"ReadAction\",\"target\":[\"https:\/\/medicom.sk\/?page_id=310\"]}]},{\"@type\":\"ImageObject\",\"inLanguage\":\"sk-SK\",\"@id\":\"https:\/\/medicom.sk\/?page_id=310#primaryimage\",\"url\":\"https:\/\/medicom.sk\/wp-content\/uploads\/2022\/05\/huge.png\",\"contentUrl\":\"https:\/\/medicom.sk\/wp-content\/uploads\/2022\/05\/huge.png\",\"width\":512,\"height\":512},{\"@type\":\"BreadcrumbList\",\"@id\":\"https:\/\/medicom.sk\/?page_id=310#breadcrumb\",\"itemListElement\":[{\"@type\":\"ListItem\",\"position\":1,\"name\":\"Home\",\"item\":\"https:\/\/medicom.sk\/\"},{\"@type\":\"ListItem\",\"position\":2,\"name\":\"Klientsk\u00e1 z\u00f3na\"}]},{\"@type\":\"WebSite\",\"@id\":\"https:\/\/medicom.sk\/#website\",\"url\":\"https:\/\/medicom.sk\/\",\"name\":\"MediCom Software - Ambulantn\u00fd program\",\"description\":\"\",\"publisher\":{\"@id\":\"https:\/\/medicom.sk\/#organization\"},\"potentialAction\":[{\"@type\":\"SearchAction\",\"target\":{\"@type\":\"EntryPoint\",\"urlTemplate\":\"https:\/\/medicom.sk\/?s={search_term_string}\"},\"query-input\":{\"@type\":\"PropertyValueSpecification\",\"valueRequired\":true,\"valueName\":\"search_term_string\"}}],\"inLanguage\":\"sk-SK\"},{\"@type\":\"Organization\",\"@id\":\"https:\/\/medicom.sk\/#organization\",\"name\":\"MediCom Software - Ambulantn\u00fd program\",\"url\":\"https:\/\/medicom.sk\/\",\"logo\":{\"@type\":\"ImageObject\",\"inLanguage\":\"sk-SK\",\"@id\":\"https:\/\/medicom.sk\/#\/schema\/logo\/image\/\",\"url\":\"https:\/\/medicom.sk\/wp-content\/uploads\/2022\/05\/cropped-cropped-cropped-cropped-cropped-logo-1-1.png\",\"contentUrl\":\"https:\/\/medicom.sk\/wp-content\/uploads\/2022\/05\/cropped-cropped-cropped-cropped-cropped-logo-1-1.png\",\"width\":253,\"height\":62,\"caption\":\"MediCom Software - Ambulantn\u00fd program \"},\"image\":{\"@id\":\"https:\/\/medicom.sk\/#\/schema\/logo\/image\/\"}}]}<\/script>\n<!-- \/ Yoast SEO plugin. -->","yoast_head_json":{"title":"Klientsk\u00e1 z\u00f3na - MediCom Software - Ambulantn\u00fd program","robots":{"index":"index","follow":"follow","max-snippet":"max-snippet:-1","max-image-preview":"max-image-preview:large","max-video-preview":"max-video-preview:-1"},"canonical":"https:\/\/medicom.sk\/?page_id=310","og_locale":"sk_SK","og_type":"article","og_title":"Klientsk\u00e1 z\u00f3na - MediCom Software - Ambulantn\u00fd program","og_description":"Klientska z\u00f3na je online n\u00e1stroj ur\u010den\u00fd pre na\u0161ich z\u00e1kazn\u00edkov, ktor\u00fd poskytuje: In\u0161tala\u010dn\u00e9 bal\u00ed\u010dky programu spolu s n\u00e1vodmi na obsluhu \u010casto kladen\u00e9 ot\u00e1zky Aktuality v programe Cenn\u00edk servisn\u00fdch slu\u017eieb Cenn\u00edk programov\u00e9ho vybavenia a aktualiz\u00e1ci\u00ed","og_url":"https:\/\/medicom.sk\/?page_id=310","og_site_name":"MediCom Software - Ambulantn\u00fd program","article_modified_time":"2022-05-12T10:42:16+00:00","og_image":[{"url":"http:\/\/medicom.sk\/wp-content\/uploads\/2022\/05\/huge.png","type":"","width":"","height":""}],"twitter_card":"summary_large_image","twitter_misc":{"Predpokladan\u00fd \u010das \u010d\u00edtania":"1 min\u00fata"},"schema":{"@context":"https:\/\/schema.org","@graph":[{"@type":"WebPage","@id":"https:\/\/medicom.sk\/?page_id=310","url":"https:\/\/medicom.sk\/?page_id=310","name":"Klientsk\u00e1 z\u00f3na - MediCom Software - Ambulantn\u00fd program","isPartOf":{"@id":"https:\/\/medicom.sk\/#website"},"primaryImageOfPage":{"@id":"https:\/\/medicom.sk\/?page_id=310#primaryimage"},"image":{"@id":"https:\/\/medicom.sk\/?page_id=310#primaryimage"},"thumbnailUrl":"http:\/\/medicom.sk\/wp-content\/uploads\/2022\/05\/huge.png","datePublished":"2022-05-06T10:05:54+00:00","dateModified":"2022-05-12T10:42:16+00:00","breadcrumb":{"@id":"https:\/\/medicom.sk\/?page_id=310#breadcrumb"},"inLanguage":"sk-SK","potentialAction":[{"@type":"ReadAction","target":["https:\/\/medicom.sk\/?page_id=310"]}]},{"@type":"ImageObject","inLanguage":"sk-SK","@id":"https:\/\/medicom.sk\/?page_id=310#primaryimage","url":"https:\/\/medicom.sk\/wp-content\/uploads\/2022\/05\/huge.png","contentUrl":"https:\/\/medicom.sk\/wp-content\/uploads\/2022\/05\/huge.png","width":512,"height":512},{"@type":"BreadcrumbList","@id":"https:\/\/medicom.sk\/?page_id=310#breadcrumb","itemListElement":[{"@type":"ListItem","position":1,"name":"Home","item":"https:\/\/medicom.sk\/"},{"@type":"ListItem","position":2,"name":"Klientsk\u00e1 z\u00f3na"}]},{"@type":"WebSite","@id":"https:\/\/medicom.sk\/#website","url":"https:\/\/medicom.sk\/","name":"MediCom Software - Ambulantn\u00fd program","description":"","publisher":{"@id":"https:\/\/medicom.sk\/#organization"},"potentialAction":[{"@type":"SearchAction","target":{"@type":"EntryPoint","urlTemplate":"https:\/\/medicom.sk\/?s={search_term_string}"},"query-input":{"@type":"PropertyValueSpecification","valueRequired":true,"valueName":"search_term_string"}}],"inLanguage":"sk-SK"},{"@type":"Organization","@id":"https:\/\/medicom.sk\/#organization","name":"MediCom Software - Ambulantn\u00fd program","url":"https:\/\/medicom.sk\/","logo":{"@type":"ImageObject","inLanguage":"sk-SK","@id":"https:\/\/medicom.sk\/#\/schema\/logo\/image\/","url":"https:\/\/medicom.sk\/wp-content\/uploads\/2022\/05\/cropped-cropped-cropped-cropped-cropped-logo-1-1.png","contentUrl":"https:\/\/medicom.sk\/wp-content\/uploads\/2022\/05\/cropped-cropped-cropped-cropped-cropped-logo-1-1.png","width":253,"height":62,"caption":"MediCom Software - Ambulantn\u00fd program "},"image":{"@id":"https:\/\/medicom.sk\/#\/schema\/logo\/image\/"}}]}},"_links":{"self":[{"href":"https:\/\/medicom.sk\/index.php?rest_route=\/wp\/v2\/pages\/310","targetHints":{"allow":["GET"]}}],"collection":[{"href":"https:\/\/medicom.sk\/index.php?rest_route=\/wp\/v2\/pages"}],"about":[{"href":"https:\/\/medicom.sk\/index.php?rest_route=\/wp\/v2\/types\/page"}],"author":[{"embeddable":true,"href":"https:\/\/medicom.sk\/index.php?rest_route=\/wp\/v2\/users\/1"}],"replies":[{"embeddable":true,"href":"https:\/\/medicom.sk\/index.php?rest_route=%2Fwp%2Fv2%2Fcomments&post=310"}],"version-history":[{"count":7,"href":"https:\/\/medicom.sk\/index.php?rest_route=\/wp\/v2\/pages\/310\/revisions"}],"predecessor-version":[{"id":1091,"href":"https:\/\/medicom.sk\/index.php?rest_route=\/wp\/v2\/pages\/310\/revisions\/1091"}],"wp:attachment":[{"href":"https:\/\/medicom.sk\/index.php?rest_route=%2Fwp%2Fv2%2Fmedia&parent=310"}],"curies":[{"name":"wp","href":"https:\/\/api.w.org\/{rel}","templated":true}]}}