{"id":308,"date":"2022-05-06T12:05:09","date_gmt":"2022-05-06T10:05:09","guid":{"rendered":"http:\/\/medicom.sk\/?page_id=308"},"modified":"2023-02-03T16:22:41","modified_gmt":"2023-02-03T15:22:41","slug":"podpora-kontakt","status":"publish","type":"page","link":"https:\/\/medicom.sk\/?page_id=308","title":{"rendered":"Podpora &#038; kontakt"},"content":{"rendered":"\n<p class=\"has-text-align-center has-primary-color has-text-color has-large-font-size\"><strong>Call centrum<\/strong><\/p>\n\n\n\n<p class=\"has-text-align-center\" style=\"font-size:21px\">M\u00e1te ot\u00e1zky oh\u013eadom produktov MediCom alebo potrebujete poradi\u0165? Sme tu pre V\u00e1s.<br><strong><mark style=\"background-color:rgba(0, 0, 0, 0)\" class=\"has-inline-color has-primary-color\">Pondelok &#8211; \u0160tvrtok:<\/mark><\/strong> 7:15 &#8211; 17:00, <strong><mark style=\"background-color:rgba(0, 0, 0, 0)\" class=\"has-inline-color has-primary-color\">Piatok:<\/mark><\/strong> 7:15 &#8211; 15:45<\/p>\n\n\n\n<div class=\"wp-block-columns is-layout-flex wp-container-core-columns-is-layout-1 wp-block-columns-is-layout-flex\">\n<div class=\"wp-block-column is-layout-flow wp-block-column-is-layout-flow\">\n<p class=\"has-text-align-center has-large-font-size\"><img loading=\"lazy\" decoding=\"async\" width=\"35\" height=\"35\" class=\"wp-image-1030\" style=\"width: 35px;\" src=\"http:\/\/medicom.sk\/wp-content\/uploads\/2022\/05\/telephone.png\" alt=\"\" srcset=\"https:\/\/medicom.sk\/wp-content\/uploads\/2022\/05\/telephone.png 512w, https:\/\/medicom.sk\/wp-content\/uploads\/2022\/05\/telephone-300x300.png 300w, https:\/\/medicom.sk\/wp-content\/uploads\/2022\/05\/telephone-150x150.png 150w, https:\/\/medicom.sk\/wp-content\/uploads\/2022\/05\/telephone-116x116.png 116w\" sizes=\"auto, (max-width: 35px) 100vw, 35px\" \/>  <strong><a href=\"tel:+421424710170\">042\/47 10 170<\/a><br><\/strong><img loading=\"lazy\" decoding=\"async\" width=\"35\" height=\"35\" class=\"wp-image-1030\" style=\"width: 35px;\" src=\"http:\/\/medicom.sk\/wp-content\/uploads\/2022\/05\/telephone.png\" alt=\"\" srcset=\"https:\/\/medicom.sk\/wp-content\/uploads\/2022\/05\/telephone.png 512w, https:\/\/medicom.sk\/wp-content\/uploads\/2022\/05\/telephone-300x300.png 300w, https:\/\/medicom.sk\/wp-content\/uploads\/2022\/05\/telephone-150x150.png 150w, https:\/\/medicom.sk\/wp-content\/uploads\/2022\/05\/telephone-116x116.png 116w\" sizes=\"auto, (max-width: 35px) 100vw, 35px\" \/><strong>  <a href=\"tel:+421424710171\">042\/47 10 171<\/a><\/strong><\/p>\n<\/div>\n\n\n\n<div class=\"wp-block-column is-layout-flow wp-block-column-is-layout-flow\">\n<p class=\"has-text-align-center has-large-font-size\"><img loading=\"lazy\" decoding=\"async\" width=\"35\" height=\"35\" class=\"wp-image-1030\" style=\"width: 35px;\" src=\"http:\/\/medicom.sk\/wp-content\/uploads\/2022\/05\/telephone.png\" alt=\"\" srcset=\"https:\/\/medicom.sk\/wp-content\/uploads\/2022\/05\/telephone.png 512w, https:\/\/medicom.sk\/wp-content\/uploads\/2022\/05\/telephone-300x300.png 300w, https:\/\/medicom.sk\/wp-content\/uploads\/2022\/05\/telephone-150x150.png 150w, https:\/\/medicom.sk\/wp-content\/uploads\/2022\/05\/telephone-116x116.png 116w\" sizes=\"auto, (max-width: 35px) 100vw, 35px\" \/>  <strong><a href=\"tel:+421424635166\">042\/ 46 35 166<\/a><br><\/strong><img loading=\"lazy\" decoding=\"async\" width=\"36\" height=\"36\" class=\"wp-image-1030\" style=\"width: 36px;\" src=\"http:\/\/medicom.sk\/wp-content\/uploads\/2022\/05\/telephone.png\" alt=\"\" srcset=\"https:\/\/medicom.sk\/wp-content\/uploads\/2022\/05\/telephone.png 512w, https:\/\/medicom.sk\/wp-content\/uploads\/2022\/05\/telephone-300x300.png 300w, https:\/\/medicom.sk\/wp-content\/uploads\/2022\/05\/telephone-150x150.png 150w, https:\/\/medicom.sk\/wp-content\/uploads\/2022\/05\/telephone-116x116.png 116w\" sizes=\"auto, (max-width: 36px) 100vw, 36px\" \/>  <strong><a href=\"tel:+421424642556\">042\/ 46 42 556<\/a><\/strong><\/p>\n<\/div>\n<\/div>\n\n\n\n<div class=\"wp-block-columns is-layout-flex wp-container-core-columns-is-layout-2 wp-block-columns-is-layout-flex\">\n<div class=\"wp-block-column is-layout-flow wp-block-column-is-layout-flow\"><\/div>\n\n\n\n<div class=\"wp-block-column is-layout-flow wp-block-column-is-layout-flow\"><\/div>\n<\/div>\n\n\n\n<div class=\"wp-block-group\"><div class=\"wp-block-group__inner-container is-layout-flow wp-block-group-is-layout-flow\">\n<p class=\"has-text-align-center has-primary-color has-text-color has-large-font-size\"><strong>Ekonomick\u00e9 oddelenie<\/strong><\/p>\n\n\n\n<p class=\"has-text-align-center has-large-font-size\"><img loading=\"lazy\" decoding=\"async\" width=\"35\" height=\"35\" class=\"wp-image-1030\" style=\"width: 35px;\" src=\"http:\/\/medicom.sk\/wp-content\/uploads\/2022\/05\/telephone.png\" alt=\"\" srcset=\"https:\/\/medicom.sk\/wp-content\/uploads\/2022\/05\/telephone.png 512w, https:\/\/medicom.sk\/wp-content\/uploads\/2022\/05\/telephone-300x300.png 300w, https:\/\/medicom.sk\/wp-content\/uploads\/2022\/05\/telephone-150x150.png 150w, https:\/\/medicom.sk\/wp-content\/uploads\/2022\/05\/telephone-116x116.png 116w\" sizes=\"auto, (max-width: 35px) 100vw, 35px\" \/>  <strong><a href=\"tel:+421905881775\">0905 881 775<\/a><\/strong><br><img loading=\"lazy\" decoding=\"async\" width=\"35\" height=\"35\" class=\"wp-image-1098\" style=\"width: 35px;\" src=\"http:\/\/medicom.sk\/wp-content\/uploads\/2022\/05\/mail.png\" alt=\"\" srcset=\"https:\/\/medicom.sk\/wp-content\/uploads\/2022\/05\/mail.png 512w, https:\/\/medicom.sk\/wp-content\/uploads\/2022\/05\/mail-300x300.png 300w, https:\/\/medicom.sk\/wp-content\/uploads\/2022\/05\/mail-150x150.png 150w, https:\/\/medicom.sk\/wp-content\/uploads\/2022\/05\/mail-116x116.png 116w\" sizes=\"auto, (max-width: 35px) 100vw, 35px\" \/><strong>  <a href=\"mailto:septakova@medicom.sk\">septakova@medicom.sk<\/a><\/strong><br><\/p>\n<\/div><\/div>\n\n\n\n<div class=\"wp-block-columns is-layout-flex wp-container-core-columns-is-layout-3 wp-block-columns-is-layout-flex\">\n<div class=\"wp-block-column is-layout-flow wp-block-column-is-layout-flow\">\n<div class=\"wp-block-image\"><figure class=\"aligncenter size-full\"><a href=\"http:\/\/medicom.sk\/download\/TeamViewerQS_13.exe\" target=\"_blank\" rel=\"noopener\"><img loading=\"lazy\" decoding=\"async\" width=\"338\" height=\"130\" src=\"http:\/\/medicom.sk\/wp-content\/uploads\/2022\/05\/tv-removebg-preview.png\" alt=\"\" class=\"wp-image-998\" srcset=\"https:\/\/medicom.sk\/wp-content\/uploads\/2022\/05\/tv-removebg-preview.png 338w, https:\/\/medicom.sk\/wp-content\/uploads\/2022\/05\/tv-removebg-preview-300x115.png 300w, https:\/\/medicom.sk\/wp-content\/uploads\/2022\/05\/tv-removebg-preview-228x88.png 228w\" sizes=\"auto, (max-width: 338px) 100vw, 338px\" \/><\/a><\/figure><\/div>\n<\/div>\n\n\n\n<div class=\"wp-block-column is-layout-flow wp-block-column-is-layout-flow\">\n<div class=\"wp-block-image\"><figure class=\"aligncenter size-full\"><a href=\"http:\/\/medicom.sk\/download\/AnyDesk_Custom_Client.exe\"><img loading=\"lazy\" decoding=\"async\" width=\"335\" height=\"129\" src=\"http:\/\/medicom.sk\/wp-content\/uploads\/2022\/05\/anydesk-removebg-preview-1.png\" alt=\"\" class=\"wp-image-1005\" srcset=\"https:\/\/medicom.sk\/wp-content\/uploads\/2022\/05\/anydesk-removebg-preview-1.png 335w, https:\/\/medicom.sk\/wp-content\/uploads\/2022\/05\/anydesk-removebg-preview-1-300x116.png 300w, https:\/\/medicom.sk\/wp-content\/uploads\/2022\/05\/anydesk-removebg-preview-1-228x88.png 228w\" sizes=\"auto, (max-width: 335px) 100vw, 335px\" \/><\/a><\/figure><\/div>\n<\/div>\n<\/div>\n\n\n\n<div class=\"wp-block-columns is-layout-flex wp-container-core-columns-is-layout-4 wp-block-columns-is-layout-flex\">\n<div class=\"wp-block-column is-vertically-aligned-center is-layout-flow wp-block-column-is-layout-flow\">\n<div class=\"wp-block-image\"><figure class=\"aligncenter size-full\"><img loading=\"lazy\" decoding=\"async\" width=\"240\" height=\"258\" src=\"http:\/\/medicom.sk\/wp-content\/uploads\/2022\/05\/ako1.png\" alt=\"\" class=\"wp-image-546\" srcset=\"https:\/\/medicom.sk\/wp-content\/uploads\/2022\/05\/ako1.png 240w, https:\/\/medicom.sk\/wp-content\/uploads\/2022\/05\/ako1-108x116.png 108w\" sizes=\"auto, (max-width: 240px) 100vw, 240px\" \/><\/figure><\/div>\n<\/div>\n\n\n\n<div class=\"wp-block-column is-vertically-aligned-center is-layout-flow wp-block-column-is-layout-flow\">\n<div class=\"wp-block-image\"><figure class=\"aligncenter size-full\"><img loading=\"lazy\" decoding=\"async\" width=\"240\" height=\"258\" src=\"http:\/\/medicom.sk\/wp-content\/uploads\/2022\/05\/ako2.png\" alt=\"\" class=\"wp-image-547\" srcset=\"https:\/\/medicom.sk\/wp-content\/uploads\/2022\/05\/ako2.png 240w, https:\/\/medicom.sk\/wp-content\/uploads\/2022\/05\/ako2-108x116.png 108w\" sizes=\"auto, (max-width: 240px) 100vw, 240px\" \/><\/figure><\/div>\n<\/div>\n\n\n\n<div class=\"wp-block-column is-vertically-aligned-center is-layout-flow wp-block-column-is-layout-flow\">\n<div class=\"wp-block-image\"><figure class=\"aligncenter size-full\"><img loading=\"lazy\" decoding=\"async\" width=\"250\" height=\"258\" src=\"http:\/\/medicom.sk\/wp-content\/uploads\/2022\/05\/ako3.png\" alt=\"\" class=\"wp-image-548\" srcset=\"https:\/\/medicom.sk\/wp-content\/uploads\/2022\/05\/ako3.png 250w, https:\/\/medicom.sk\/wp-content\/uploads\/2022\/05\/ako3-112x116.png 112w\" sizes=\"auto, (max-width: 250px) 100vw, 250px\" \/><\/figure><\/div>\n<\/div>\n<\/div>\n\n\n\n<div class=\"wp-block-columns is-layout-flex wp-container-core-columns-is-layout-5 wp-block-columns-is-layout-flex\">\n<div class=\"wp-block-column is-layout-flow wp-block-column-is-layout-flow\" style=\"flex-basis:33.33%\">\n<p class=\"has-text-align-right\"><strong><mark style=\"background-color:rgba(0, 0, 0, 0)\" class=\"has-inline-color has-primary-color\">MediCom Software s.r.o<\/mark><\/strong><br>Pod Z\u00e1brehom 1585\/63<br>020 01 P\u00fachov<br><br>I\u010cO: 36314005<br>I\u010c DPH: SK 2021535087<br><br><a href=\"mailto:medicom@medicom.sk\">medicom@medicom.sk<\/a><\/p>\n<\/div>\n\n\n\n<div class=\"wp-block-column is-layout-flow wp-block-column-is-layout-flow\" style=\"flex-basis:66.66%\">\n<iframe src=\"https:\/\/www.google.com\/maps\/embed?pb=!1m18!1m12!1m3!1d2610.467864870577!2d18.32861261591!3d49.13474068916227!2m3!1f0!2f0!3f0!3m2!1i1024!2i768!4f13.1!3m3!1m2!1s0x471488a8450ec8eb%3A0x9d104e37f3704062!2sPod%20Z%C3%A1brehom%201585%2F63%2C%20020%2001%20P%C3%BAchov!5e0!3m2!1ssk!2ssk!4v1652338839690!5m2!1ssk!2ssk\" style=\"border:0;\" allowfullscreen=\"\" loading=\"lazy\" referrerpolicy=\"no-referrer-when-downgrade\" width=\"600\" height=\"450\"><\/iframe>\n<\/div>\n<\/div>\n","protected":false},"excerpt":{"rendered":"<p>Call centrum M\u00e1te ot\u00e1zky oh\u013eadom produktov MediCom alebo potrebujete poradi\u0165? Sme tu pre V\u00e1s.Pondelok &#8211; \u0160tvrtok: 7:15 &#8211; 17:00, Piatok: 7:15 &#8211; 15:45 042\/47 10 170 042\/47 10 171 042\/ 46 35 166 042\/ 46 42 556 Ekonomick\u00e9 oddelenie 0905 881 775 septakova@medicom.sk MediCom Software s.r.oPod Z\u00e1brehom 1585\/63020 01 P\u00fachov I\u010cO: 36314005I\u010c DPH: SK 2021535087 medicom@medicom.sk<\/p>\n","protected":false},"author":1,"featured_media":0,"parent":0,"menu_order":0,"comment_status":"closed","ping_status":"closed","template":"","meta":{"footnotes":""},"class_list":["post-308","page","type-page","status-publish","hentry"],"yoast_head":"<!-- This site is optimized with the Yoast SEO plugin v24.3 - https:\/\/yoast.com\/wordpress\/plugins\/seo\/ -->\n<title>Podpora &amp; kontakt - MediCom Software - Ambulantn\u00fd program<\/title>\n<meta name=\"robots\" content=\"index, follow, max-snippet:-1, max-image-preview:large, max-video-preview:-1\" \/>\n<link rel=\"canonical\" href=\"https:\/\/medicom.sk\/?page_id=308\" \/>\n<meta property=\"og:locale\" content=\"sk_SK\" \/>\n<meta property=\"og:type\" content=\"article\" \/>\n<meta property=\"og:title\" content=\"Podpora &amp; kontakt - MediCom Software - Ambulantn\u00fd program\" \/>\n<meta property=\"og:description\" content=\"Call centrum M\u00e1te ot\u00e1zky oh\u013eadom produktov MediCom alebo potrebujete poradi\u0165? Sme tu pre V\u00e1s.Pondelok &#8211; \u0160tvrtok: 7:15 &#8211; 17:00, Piatok: 7:15 &#8211; 15:45 042\/47 10 170 042\/47 10 171 042\/ 46 35 166 042\/ 46 42 556 Ekonomick\u00e9 oddelenie 0905 881 775 septakova@medicom.sk MediCom Software s.r.oPod Z\u00e1brehom 1585\/63020 01 P\u00fachov I\u010cO: 36314005I\u010c DPH: SK 2021535087 medicom@medicom.sk\" \/>\n<meta property=\"og:url\" content=\"https:\/\/medicom.sk\/?page_id=308\" \/>\n<meta property=\"og:site_name\" content=\"MediCom Software - Ambulantn\u00fd program\" \/>\n<meta property=\"article:modified_time\" content=\"2023-02-03T15:22:41+00:00\" \/>\n<meta property=\"og:image\" content=\"http:\/\/medicom.sk\/wp-content\/uploads\/2022\/05\/telephone.png\" \/>\n<meta name=\"twitter:card\" content=\"summary_large_image\" \/>\n<meta name=\"twitter:label1\" content=\"Predpokladan\u00fd \u010das \u010d\u00edtania\" \/>\n\t<meta name=\"twitter:data1\" content=\"3 min\u00faty\" \/>\n<script type=\"application\/ld+json\" class=\"yoast-schema-graph\">{\"@context\":\"https:\/\/schema.org\",\"@graph\":[{\"@type\":\"WebPage\",\"@id\":\"https:\/\/medicom.sk\/?page_id=308\",\"url\":\"https:\/\/medicom.sk\/?page_id=308\",\"name\":\"Podpora & kontakt - MediCom Software - Ambulantn\u00fd program\",\"isPartOf\":{\"@id\":\"https:\/\/medicom.sk\/#website\"},\"primaryImageOfPage\":{\"@id\":\"https:\/\/medicom.sk\/?page_id=308#primaryimage\"},\"image\":{\"@id\":\"https:\/\/medicom.sk\/?page_id=308#primaryimage\"},\"thumbnailUrl\":\"http:\/\/medicom.sk\/wp-content\/uploads\/2022\/05\/telephone.png\",\"datePublished\":\"2022-05-06T10:05:09+00:00\",\"dateModified\":\"2023-02-03T15:22:41+00:00\",\"breadcrumb\":{\"@id\":\"https:\/\/medicom.sk\/?page_id=308#breadcrumb\"},\"inLanguage\":\"sk-SK\",\"potentialAction\":[{\"@type\":\"ReadAction\",\"target\":[\"https:\/\/medicom.sk\/?page_id=308\"]}]},{\"@type\":\"ImageObject\",\"inLanguage\":\"sk-SK\",\"@id\":\"https:\/\/medicom.sk\/?page_id=308#primaryimage\",\"url\":\"https:\/\/medicom.sk\/wp-content\/uploads\/2022\/05\/telephone.png\",\"contentUrl\":\"https:\/\/medicom.sk\/wp-content\/uploads\/2022\/05\/telephone.png\",\"width\":512,\"height\":512},{\"@type\":\"BreadcrumbList\",\"@id\":\"https:\/\/medicom.sk\/?page_id=308#breadcrumb\",\"itemListElement\":[{\"@type\":\"ListItem\",\"position\":1,\"name\":\"Home\",\"item\":\"https:\/\/medicom.sk\/\"},{\"@type\":\"ListItem\",\"position\":2,\"name\":\"Podpora &#038; kontakt\"}]},{\"@type\":\"WebSite\",\"@id\":\"https:\/\/medicom.sk\/#website\",\"url\":\"https:\/\/medicom.sk\/\",\"name\":\"MediCom Software - Ambulantn\u00fd program\",\"description\":\"\",\"publisher\":{\"@id\":\"https:\/\/medicom.sk\/#organization\"},\"potentialAction\":[{\"@type\":\"SearchAction\",\"target\":{\"@type\":\"EntryPoint\",\"urlTemplate\":\"https:\/\/medicom.sk\/?s={search_term_string}\"},\"query-input\":{\"@type\":\"PropertyValueSpecification\",\"valueRequired\":true,\"valueName\":\"search_term_string\"}}],\"inLanguage\":\"sk-SK\"},{\"@type\":\"Organization\",\"@id\":\"https:\/\/medicom.sk\/#organization\",\"name\":\"MediCom Software - Ambulantn\u00fd program\",\"url\":\"https:\/\/medicom.sk\/\",\"logo\":{\"@type\":\"ImageObject\",\"inLanguage\":\"sk-SK\",\"@id\":\"https:\/\/medicom.sk\/#\/schema\/logo\/image\/\",\"url\":\"https:\/\/medicom.sk\/wp-content\/uploads\/2022\/05\/cropped-cropped-cropped-cropped-cropped-logo-1-1.png\",\"contentUrl\":\"https:\/\/medicom.sk\/wp-content\/uploads\/2022\/05\/cropped-cropped-cropped-cropped-cropped-logo-1-1.png\",\"width\":253,\"height\":62,\"caption\":\"MediCom Software - Ambulantn\u00fd program \"},\"image\":{\"@id\":\"https:\/\/medicom.sk\/#\/schema\/logo\/image\/\"}}]}<\/script>\n<!-- \/ Yoast SEO plugin. -->","yoast_head_json":{"title":"Podpora & kontakt - MediCom Software - Ambulantn\u00fd program","robots":{"index":"index","follow":"follow","max-snippet":"max-snippet:-1","max-image-preview":"max-image-preview:large","max-video-preview":"max-video-preview:-1"},"canonical":"https:\/\/medicom.sk\/?page_id=308","og_locale":"sk_SK","og_type":"article","og_title":"Podpora & kontakt - MediCom Software - Ambulantn\u00fd program","og_description":"Call centrum M\u00e1te ot\u00e1zky oh\u013eadom produktov MediCom alebo potrebujete poradi\u0165? Sme tu pre V\u00e1s.Pondelok &#8211; \u0160tvrtok: 7:15 &#8211; 17:00, Piatok: 7:15 &#8211; 15:45 042\/47 10 170 042\/47 10 171 042\/ 46 35 166 042\/ 46 42 556 Ekonomick\u00e9 oddelenie 0905 881 775 septakova@medicom.sk MediCom Software s.r.oPod Z\u00e1brehom 1585\/63020 01 P\u00fachov I\u010cO: 36314005I\u010c DPH: SK 2021535087 medicom@medicom.sk","og_url":"https:\/\/medicom.sk\/?page_id=308","og_site_name":"MediCom Software - Ambulantn\u00fd program","article_modified_time":"2023-02-03T15:22:41+00:00","og_image":[{"url":"http:\/\/medicom.sk\/wp-content\/uploads\/2022\/05\/telephone.png","type":"","width":"","height":""}],"twitter_card":"summary_large_image","twitter_misc":{"Predpokladan\u00fd \u010das \u010d\u00edtania":"3 min\u00faty"},"schema":{"@context":"https:\/\/schema.org","@graph":[{"@type":"WebPage","@id":"https:\/\/medicom.sk\/?page_id=308","url":"https:\/\/medicom.sk\/?page_id=308","name":"Podpora & kontakt - MediCom Software - Ambulantn\u00fd program","isPartOf":{"@id":"https:\/\/medicom.sk\/#website"},"primaryImageOfPage":{"@id":"https:\/\/medicom.sk\/?page_id=308#primaryimage"},"image":{"@id":"https:\/\/medicom.sk\/?page_id=308#primaryimage"},"thumbnailUrl":"http:\/\/medicom.sk\/wp-content\/uploads\/2022\/05\/telephone.png","datePublished":"2022-05-06T10:05:09+00:00","dateModified":"2023-02-03T15:22:41+00:00","breadcrumb":{"@id":"https:\/\/medicom.sk\/?page_id=308#breadcrumb"},"inLanguage":"sk-SK","potentialAction":[{"@type":"ReadAction","target":["https:\/\/medicom.sk\/?page_id=308"]}]},{"@type":"ImageObject","inLanguage":"sk-SK","@id":"https:\/\/medicom.sk\/?page_id=308#primaryimage","url":"https:\/\/medicom.sk\/wp-content\/uploads\/2022\/05\/telephone.png","contentUrl":"https:\/\/medicom.sk\/wp-content\/uploads\/2022\/05\/telephone.png","width":512,"height":512},{"@type":"BreadcrumbList","@id":"https:\/\/medicom.sk\/?page_id=308#breadcrumb","itemListElement":[{"@type":"ListItem","position":1,"name":"Home","item":"https:\/\/medicom.sk\/"},{"@type":"ListItem","position":2,"name":"Podpora &#038; kontakt"}]},{"@type":"WebSite","@id":"https:\/\/medicom.sk\/#website","url":"https:\/\/medicom.sk\/","name":"MediCom Software - Ambulantn\u00fd program","description":"","publisher":{"@id":"https:\/\/medicom.sk\/#organization"},"potentialAction":[{"@type":"SearchAction","target":{"@type":"EntryPoint","urlTemplate":"https:\/\/medicom.sk\/?s={search_term_string}"},"query-input":{"@type":"PropertyValueSpecification","valueRequired":true,"valueName":"search_term_string"}}],"inLanguage":"sk-SK"},{"@type":"Organization","@id":"https:\/\/medicom.sk\/#organization","name":"MediCom Software - Ambulantn\u00fd program","url":"https:\/\/medicom.sk\/","logo":{"@type":"ImageObject","inLanguage":"sk-SK","@id":"https:\/\/medicom.sk\/#\/schema\/logo\/image\/","url":"https:\/\/medicom.sk\/wp-content\/uploads\/2022\/05\/cropped-cropped-cropped-cropped-cropped-logo-1-1.png","contentUrl":"https:\/\/medicom.sk\/wp-content\/uploads\/2022\/05\/cropped-cropped-cropped-cropped-cropped-logo-1-1.png","width":253,"height":62,"caption":"MediCom Software - Ambulantn\u00fd program "},"image":{"@id":"https:\/\/medicom.sk\/#\/schema\/logo\/image\/"}}]}},"_links":{"self":[{"href":"https:\/\/medicom.sk\/index.php?rest_route=\/wp\/v2\/pages\/308","targetHints":{"allow":["GET"]}}],"collection":[{"href":"https:\/\/medicom.sk\/index.php?rest_route=\/wp\/v2\/pages"}],"about":[{"href":"https:\/\/medicom.sk\/index.php?rest_route=\/wp\/v2\/types\/page"}],"author":[{"embeddable":true,"href":"https:\/\/medicom.sk\/index.php?rest_route=\/wp\/v2\/users\/1"}],"replies":[{"embeddable":true,"href":"https:\/\/medicom.sk\/index.php?rest_route=%2Fwp%2Fv2%2Fcomments&post=308"}],"version-history":[{"count":5,"href":"https:\/\/medicom.sk\/index.php?rest_route=\/wp\/v2\/pages\/308\/revisions"}],"predecessor-version":[{"id":1239,"href":"https:\/\/medicom.sk\/index.php?rest_route=\/wp\/v2\/pages\/308\/revisions\/1239"}],"wp:attachment":[{"href":"https:\/\/medicom.sk\/index.php?rest_route=%2Fwp%2Fv2%2Fmedia&parent=308"}],"curies":[{"name":"wp","href":"https:\/\/api.w.org\/{rel}","templated":true}]}}