{"id":303,"date":"2022-05-06T12:04:22","date_gmt":"2022-05-06T10:04:22","guid":{"rendered":"http:\/\/medicom.sk\/?page_id=303"},"modified":"2022-06-01T09:12:00","modified_gmt":"2022-06-01T07:12:00","slug":"produkty","status":"publish","type":"page","link":"https:\/\/medicom.sk\/?page_id=303","title":{"rendered":"MediCom program pre zdravotn\u00edcke zariadenia"},"content":{"rendered":"\n<p><strong>MediCom predstavuje komplexn\u00fd program pre vedenie dokument\u00e1cie a agendy v ambulanci\u00e1ch a zdravotn\u00edckych zariadeniach. Pr\u00e1ca s programom je jednoduch\u00e1 a preh\u013eadn\u00e1. Program sp\u013a\u0148a v\u0161etky legislat\u00edvne po\u017eiadavky a neust\u00e1le sa vyv\u00edja, aby bol v\u017edy aktu\u00e1lny a pr\u00edjemn\u00fd na pou\u017e\u00edvanie. <\/strong><\/p>\n\n\n\n<div class=\"wp-block-columns is-layout-flex wp-container-core-columns-is-layout-1 wp-block-columns-is-layout-flex\">\n<div class=\"wp-block-column is-layout-flow wp-block-column-is-layout-flow\" style=\"flex-basis:33.33%\">\n<div class=\"wp-block-image\"><figure class=\"aligncenter size-full\"><img loading=\"lazy\" decoding=\"async\" width=\"215\" height=\"202\" src=\"http:\/\/medicom.sk\/wp-content\/uploads\/2022\/05\/lekari-removebg-preview.png\" alt=\"\" class=\"wp-image-985\" srcset=\"https:\/\/medicom.sk\/wp-content\/uploads\/2022\/05\/lekari-removebg-preview.png 215w, https:\/\/medicom.sk\/wp-content\/uploads\/2022\/05\/lekari-removebg-preview-123x116.png 123w\" sizes=\"auto, (max-width: 215px) 100vw, 215px\" \/><\/figure><\/div>\n<\/div>\n\n\n\n<div class=\"wp-block-column is-layout-flow wp-block-column-is-layout-flow\" style=\"flex-basis:66.66%\">\n<h2 class=\"has-primary-color has-text-color wp-block-heading\">Program pre r\u00f4zne \u0161pecializ\u00e1cie<\/h2>\n\n\n\n<p>Prisp\u00f4sobenie funkci\u00ed a nastaven\u00ed programu pod\u013ea jednotliv\u00fdch typov \u0161pecializ\u00e1ci\u00ed (v\u0161eobecn\u00fd lek\u00e1r, pediater, stomatol\u00f3g, gynekol\u00f3g, v\u0161etky typy odborn\u00fdch ambulanci\u00ed&#8230;)<\/p>\n<\/div>\n<\/div>\n\n\n\n<div class=\"wp-block-columns is-layout-flex wp-container-core-columns-is-layout-2 wp-block-columns-is-layout-flex\">\n<div class=\"wp-block-column is-vertically-aligned-center is-layout-flow wp-block-column-is-layout-flow\" style=\"flex-basis:33.33%\">\n<div class=\"wp-block-image\"><figure class=\"aligncenter size-full\"><img loading=\"lazy\" decoding=\"async\" width=\"213\" height=\"139\" src=\"http:\/\/medicom.sk\/wp-content\/uploads\/2022\/05\/zdravotna_karta-removebg-preview.png\" alt=\"\" class=\"wp-image-857\" srcset=\"https:\/\/medicom.sk\/wp-content\/uploads\/2022\/05\/zdravotna_karta-removebg-preview.png 213w, https:\/\/medicom.sk\/wp-content\/uploads\/2022\/05\/zdravotna_karta-removebg-preview-178x116.png 178w\" sizes=\"auto, (max-width: 213px) 100vw, 213px\" \/><\/figure><\/div>\n<\/div>\n\n\n\n<div class=\"wp-block-column is-layout-flow wp-block-column-is-layout-flow\" style=\"flex-basis:66.66%\">\n<h2 class=\"has-primary-color has-text-color wp-block-heading\">Kompletn\u00e1 evidencia pacientov<br>a ich jednotliv\u00fdch vy\u0161etren\u00ed<\/h2>\n\n\n\n<p>Preh\u013eadn\u00fd princ\u00edp kartot\u00e9ky, pri\u010dom ka\u017ed\u00fd pacient m\u00e1 vytvoren\u00fa elektronick\u00fa zdravotn\u00fa kartu, v ktorej sa ukladaj\u00fa v\u0161etky jeho z\u00e1znamy.<\/p>\n<\/div>\n<\/div>\n\n\n\n<div class=\"wp-block-columns is-layout-flex wp-container-core-columns-is-layout-3 wp-block-columns-is-layout-flex\">\n<div class=\"wp-block-column is-vertically-aligned-center is-layout-flow wp-block-column-is-layout-flow\" style=\"flex-basis:33.33%\">\n<div class=\"wp-block-image\"><figure class=\"aligncenter size-full\"><img loading=\"lazy\" decoding=\"async\" width=\"229\" height=\"191\" src=\"http:\/\/medicom.sk\/wp-content\/uploads\/2022\/05\/ezdravie-removebg-preview-1.png\" alt=\"\" class=\"wp-image-987\" srcset=\"https:\/\/medicom.sk\/wp-content\/uploads\/2022\/05\/ezdravie-removebg-preview-1.png 229w, https:\/\/medicom.sk\/wp-content\/uploads\/2022\/05\/ezdravie-removebg-preview-1-139x116.png 139w\" sizes=\"auto, (max-width: 229px) 100vw, 229px\" \/><\/figure><\/div>\n<\/div>\n\n\n\n<div class=\"wp-block-column is-layout-flow wp-block-column-is-layout-flow\" style=\"flex-basis:66.66%\">\n<h2 class=\"has-primary-color has-text-color wp-block-heading\">Komunik\u00e1cia s pois\u0165ov\u0148ami a syst\u00e9mom eZdravie<\/h2>\n\n\n\n<p>Plnohodnotn\u00e1 komunik\u00e1cia so zdravotn\u00fdmi pois\u0165ov\u0148ami, NCZI, Soci\u00e1lnou pois\u0165ov\u0148ou. Ro\u010dn\u00e9 \u0161tatistick\u00e9 v\u00fdkazy, odosielanie koncomesa\u010dn\u00fdch hl\u00e1sen\u00ed do pois\u0165ovn\u00ed z programu, UPSVaR a in\u00e9.<\/p>\n<\/div>\n<\/div>\n\n\n\n<div class=\"wp-block-columns is-layout-flex wp-container-core-columns-is-layout-4 wp-block-columns-is-layout-flex\">\n<div class=\"wp-block-column is-vertically-aligned-center is-layout-flow wp-block-column-is-layout-flow\" style=\"flex-basis:33.33%\">\n<div class=\"wp-block-image\"><figure class=\"aligncenter size-full\"><img loading=\"lazy\" decoding=\"async\" width=\"229\" height=\"202\" src=\"http:\/\/medicom.sk\/wp-content\/uploads\/2022\/05\/labo-removebg-preview.png\" alt=\"\" class=\"wp-image-988\" srcset=\"https:\/\/medicom.sk\/wp-content\/uploads\/2022\/05\/labo-removebg-preview.png 229w, https:\/\/medicom.sk\/wp-content\/uploads\/2022\/05\/labo-removebg-preview-132x116.png 132w\" sizes=\"auto, (max-width: 229px) 100vw, 229px\" \/><\/figure><\/div>\n<\/div>\n\n\n\n<div class=\"wp-block-column is-layout-flow wp-block-column-is-layout-flow\" style=\"flex-basis:66.66%\">\n<h2 class=\"has-primary-color has-text-color wp-block-heading\">Laborat\u00f3ri\u00e1<\/h2>\n\n\n\n<p>S\u0165ahovanie, prezeranie a vyhodnocovanie laborat\u00f3rnych v\u00fdsledkov v elektronickej forme priamo v karte pacienta (cca 50 laborat\u00f3ri\u00ed). Elektronick\u00e9 odosielanie laborat\u00f3rnych \u017eiadaniek.<\/p>\n<\/div>\n<\/div>\n\n\n\n<div class=\"wp-block-columns is-layout-flex wp-container-core-columns-is-layout-5 wp-block-columns-is-layout-flex\">\n<div class=\"wp-block-column is-vertically-aligned-center is-layout-flow wp-block-column-is-layout-flow\" style=\"flex-basis:33.33%\">\n<div class=\"wp-block-image\"><figure class=\"aligncenter size-full\"><img loading=\"lazy\" decoding=\"async\" width=\"227\" height=\"178\" src=\"http:\/\/medicom.sk\/wp-content\/uploads\/2022\/05\/diagno-removebg-preview.png\" alt=\"\" class=\"wp-image-991\" srcset=\"https:\/\/medicom.sk\/wp-content\/uploads\/2022\/05\/diagno-removebg-preview.png 227w, https:\/\/medicom.sk\/wp-content\/uploads\/2022\/05\/diagno-removebg-preview-148x116.png 148w\" sizes=\"auto, (max-width: 227px) 100vw, 227px\" \/><\/figure><\/div>\n<\/div>\n\n\n\n<div class=\"wp-block-column is-layout-flow wp-block-column-is-layout-flow\" style=\"flex-basis:66.66%\">\n<h2 class=\"has-primary-color has-text-color wp-block-heading\">Prepojenie s diagnostick\u00fdmi pr\u00edstrojmi<\/h2>\n\n\n\n<p>Komunik\u00e1cia s ur\u010dit\u00fdmi modelmi diagnostick\u00fdch pr\u00edstrojov (EKG, tlakov\u00fd holter, pr\u00edstroj na meranie ABI a in\u00e9.)<\/p>\n<\/div>\n<\/div>\n\n\n\n<div class=\"wp-block-columns is-layout-flex wp-container-core-columns-is-layout-6 wp-block-columns-is-layout-flex\">\n<div class=\"wp-block-column is-vertically-aligned-center is-layout-flow wp-block-column-is-layout-flow\" style=\"flex-basis:33.33%\">\n<div class=\"wp-block-image\"><figure class=\"aligncenter size-full\"><img loading=\"lazy\" decoding=\"async\" width=\"229\" height=\"181\" src=\"http:\/\/medicom.sk\/wp-content\/uploads\/2022\/05\/online_komu-removebg-preview.png\" alt=\"\" class=\"wp-image-992\" srcset=\"https:\/\/medicom.sk\/wp-content\/uploads\/2022\/05\/online_komu-removebg-preview.png 229w, https:\/\/medicom.sk\/wp-content\/uploads\/2022\/05\/online_komu-removebg-preview-147x116.png 147w\" sizes=\"auto, (max-width: 229px) 100vw, 229px\" \/><\/figure><\/div>\n<\/div>\n\n\n\n<div class=\"wp-block-column is-layout-flow wp-block-column-is-layout-flow\" style=\"flex-basis:66.66%\">\n<h2 class=\"has-primary-color has-text-color wp-block-heading\">Online komunik\u00e1cia s pacientami<\/h2>\n\n\n\n<p>Konverz\u00e1cia s pacientom priamo z programu, internetov\u00e9 rezervovanie term\u00ednu vy\u0161etrenia, spracovanie po\u017eiadaviek na predpis liekov.<\/p>\n<\/div>\n<\/div>\n\n\n\n<div class=\"wp-block-columns is-layout-flex wp-container-core-columns-is-layout-7 wp-block-columns-is-layout-flex\">\n<div class=\"wp-block-column is-vertically-aligned-center is-layout-flow wp-block-column-is-layout-flow\" style=\"flex-basis:33.33%\">\n<div class=\"wp-block-image\"><figure class=\"aligncenter size-full\"><img loading=\"lazy\" decoding=\"async\" width=\"235\" height=\"184\" src=\"http:\/\/medicom.sk\/wp-content\/uploads\/2022\/05\/graf_mod-removebg-preview.png\" alt=\"\" class=\"wp-image-993\" srcset=\"https:\/\/medicom.sk\/wp-content\/uploads\/2022\/05\/graf_mod-removebg-preview.png 235w, https:\/\/medicom.sk\/wp-content\/uploads\/2022\/05\/graf_mod-removebg-preview-148x116.png 148w\" sizes=\"auto, (max-width: 235px) 100vw, 235px\" \/><\/figure><\/div>\n<\/div>\n\n\n\n<div class=\"wp-block-column is-layout-flow wp-block-column-is-layout-flow\" style=\"flex-basis:66.66%\">\n<h2 class=\"has-primary-color has-text-color wp-block-heading\">Grafick\u00fd modul<\/h2>\n\n\n\n<p>Preh\u013eadn\u00e1 evidencia a import obrazovej dokument\u00e1cie a in\u00fdch s\u00faborov z disku PC, z fotoapar\u00e1tu, pripojen\u00fdch zariaden\u00ed, v\u00fdstupy z DICOM syst\u00e9mu, zubn\u00fdch RTG, prid\u00e1vanie videosekvencie a naskenovan\u00e9 dokumenty priamo z pripojen\u00e9ho skenera a pod.<\/p>\n<\/div>\n<\/div>\n\n\n\n<div class=\"wp-block-columns is-layout-flex wp-container-core-columns-is-layout-8 wp-block-columns-is-layout-flex\">\n<div class=\"wp-block-column is-vertically-aligned-center is-layout-flow wp-block-column-is-layout-flow\" style=\"flex-basis:33.33%\">\n<div class=\"wp-block-image\"><figure class=\"aligncenter size-full\"><img loading=\"lazy\" decoding=\"async\" width=\"226\" height=\"239\" src=\"http:\/\/medicom.sk\/wp-content\/uploads\/2022\/05\/zaznamy-pacienta-1.png\" alt=\"\" class=\"wp-image-788\" srcset=\"https:\/\/medicom.sk\/wp-content\/uploads\/2022\/05\/zaznamy-pacienta-1.png 226w, https:\/\/medicom.sk\/wp-content\/uploads\/2022\/05\/zaznamy-pacienta-1-110x116.png 110w\" sizes=\"auto, (max-width: 226px) 100vw, 226px\" \/><\/figure><\/div>\n<\/div>\n\n\n\n<div class=\"wp-block-column is-layout-flow wp-block-column-is-layout-flow\" style=\"flex-basis:66.66%\">\n<h2 class=\"has-primary-color has-text-color wp-block-heading\">Vhodn\u00fd pre samostatn\u00e9 ambulancie, aj pre v\u00e4\u010d\u0161ie zdravotn\u00edcke zariadenia<\/h2>\n\n\n\n<p>Program umo\u017e\u0148uje efekt\u00edvnu \u010dinnos\u0165 zdravotn\u00edckeho zariadenia ako jedn\u00e9ho celku s r\u00f4znymi typmi ambulanci\u00ed. Centr\u00e1lna kartot\u00e9ka umo\u017e\u0148uje zdie\u013ea\u0165 vybran\u00e9 \u00fadaje pacientov pre v\u0161etky typy ambulanci\u00ed a oddelen\u00ed. <\/p>\n<\/div>\n<\/div>\n\n\n\n<div class=\"wp-block-columns is-layout-flex wp-container-core-columns-is-layout-9 wp-block-columns-is-layout-flex\">\n<div class=\"wp-block-column is-vertically-aligned-center is-layout-flow wp-block-column-is-layout-flow\" style=\"flex-basis:33.33%\">\n<div class=\"wp-block-image\"><figure class=\"aligncenter size-full\"><img loading=\"lazy\" decoding=\"async\" width=\"228\" height=\"194\" src=\"http:\/\/medicom.sk\/wp-content\/uploads\/2022\/05\/tech_pod-removebg-preview.png\" alt=\"\" class=\"wp-image-994\" srcset=\"https:\/\/medicom.sk\/wp-content\/uploads\/2022\/05\/tech_pod-removebg-preview.png 228w, https:\/\/medicom.sk\/wp-content\/uploads\/2022\/05\/tech_pod-removebg-preview-136x116.png 136w\" sizes=\"auto, (max-width: 228px) 100vw, 228px\" \/><\/figure><\/div>\n<\/div>\n\n\n\n<div class=\"wp-block-column is-layout-flow wp-block-column-is-layout-flow\" style=\"flex-basis:66.66%\">\n<h2 class=\"has-primary-color has-text-color wp-block-heading\">Technick\u00e1 podpora<\/h2>\n\n\n\n<p>In\u0161tal\u00e1ciu a nastavenie programu vykon\u00e1me osobne na Va\u0161ej ambulancii. K dispoz\u00edcii je taktie\u017e servisn\u00e1 podpora \u0161tandardne vykon\u00e1van\u00e1 prostredn\u00edctvom internetov\u00e9ho pripojenia (TeamViewer, ShowMyPC, AnyDesk).<\/p>\n<\/div>\n<\/div>\n","protected":false},"excerpt":{"rendered":"<p>MediCom predstavuje komplexn\u00fd program pre vedenie dokument\u00e1cie a agendy v ambulanci\u00e1ch a zdravotn\u00edckych zariadeniach. Pr\u00e1ca s programom je jednoduch\u00e1 a preh\u013eadn\u00e1. Program sp\u013a\u0148a v\u0161etky legislat\u00edvne po\u017eiadavky a neust\u00e1le sa vyv\u00edja, aby bol v\u017edy aktu\u00e1lny a pr\u00edjemn\u00fd na pou\u017e\u00edvanie. Program pre r\u00f4zne \u0161pecializ\u00e1cie Prisp\u00f4sobenie funkci\u00ed a nastaven\u00ed programu pod\u013ea jednotliv\u00fdch typov \u0161pecializ\u00e1ci\u00ed (v\u0161eobecn\u00fd lek\u00e1r, pediater, stomatol\u00f3g, gynekol\u00f3g, v\u0161etky typy odborn\u00fdch ambulanci\u00ed&#8230;) Kompletn\u00e1 evidencia pacientova ich jednotliv\u00fdch vy\u0161etren\u00ed Preh\u013eadn\u00fd princ\u00edp kartot\u00e9ky, pri\u010dom ka\u017ed\u00fd pacient m\u00e1 vytvoren\u00fa elektronick\u00fa zdravotn\u00fa kartu, v ktorej sa&hellip;<\/p>\n","protected":false},"author":1,"featured_media":0,"parent":0,"menu_order":0,"comment_status":"closed","ping_status":"closed","template":"","meta":{"footnotes":""},"class_list":["post-303","page","type-page","status-publish","hentry"],"yoast_head":"<!-- This site is optimized with the Yoast SEO plugin v24.3 - https:\/\/yoast.com\/wordpress\/plugins\/seo\/ -->\n<title>MediCom program pre zdravotn\u00edcke zariadenia - MediCom Software - Ambulantn\u00fd program<\/title>\n<meta name=\"robots\" content=\"index, follow, max-snippet:-1, max-image-preview:large, max-video-preview:-1\" \/>\n<link rel=\"canonical\" href=\"http:\/\/medicom.sk\/?page_id=303\" \/>\n<meta property=\"og:locale\" content=\"sk_SK\" \/>\n<meta property=\"og:type\" content=\"article\" \/>\n<meta property=\"og:title\" content=\"MediCom program pre zdravotn\u00edcke zariadenia - MediCom Software - Ambulantn\u00fd program\" \/>\n<meta property=\"og:description\" content=\"MediCom predstavuje komplexn\u00fd program pre vedenie dokument\u00e1cie a agendy v ambulanci\u00e1ch a zdravotn\u00edckych zariadeniach. Pr\u00e1ca s programom je jednoduch\u00e1 a preh\u013eadn\u00e1. Program sp\u013a\u0148a v\u0161etky legislat\u00edvne po\u017eiadavky a neust\u00e1le sa vyv\u00edja, aby bol v\u017edy aktu\u00e1lny a pr\u00edjemn\u00fd na pou\u017e\u00edvanie. Program pre r\u00f4zne \u0161pecializ\u00e1cie Prisp\u00f4sobenie funkci\u00ed a nastaven\u00ed programu pod\u013ea jednotliv\u00fdch typov \u0161pecializ\u00e1ci\u00ed (v\u0161eobecn\u00fd lek\u00e1r, pediater, stomatol\u00f3g, gynekol\u00f3g, v\u0161etky typy odborn\u00fdch ambulanci\u00ed&#8230;) Kompletn\u00e1 evidencia pacientova ich jednotliv\u00fdch vy\u0161etren\u00ed Preh\u013eadn\u00fd princ\u00edp kartot\u00e9ky, pri\u010dom ka\u017ed\u00fd pacient m\u00e1 vytvoren\u00fa elektronick\u00fa zdravotn\u00fa kartu, v ktorej sa&hellip;\" \/>\n<meta property=\"og:url\" content=\"http:\/\/medicom.sk\/?page_id=303\" \/>\n<meta property=\"og:site_name\" content=\"MediCom Software - Ambulantn\u00fd program\" \/>\n<meta property=\"article:modified_time\" content=\"2022-06-01T07:12:00+00:00\" \/>\n<meta property=\"og:image\" content=\"http:\/\/medicom.sk\/wp-content\/uploads\/2022\/05\/lekari-removebg-preview.png\" \/>\n<meta name=\"twitter:card\" content=\"summary_large_image\" \/>\n<meta name=\"twitter:label1\" content=\"Predpokladan\u00fd \u010das \u010d\u00edtania\" \/>\n\t<meta name=\"twitter:data1\" content=\"4 min\u00faty\" \/>\n<script type=\"application\/ld+json\" class=\"yoast-schema-graph\">{\"@context\":\"https:\/\/schema.org\",\"@graph\":[{\"@type\":\"WebPage\",\"@id\":\"http:\/\/medicom.sk\/?page_id=303\",\"url\":\"http:\/\/medicom.sk\/?page_id=303\",\"name\":\"MediCom program pre zdravotn\u00edcke zariadenia - MediCom Software - Ambulantn\u00fd program\",\"isPartOf\":{\"@id\":\"https:\/\/medicom.sk\/#website\"},\"primaryImageOfPage\":{\"@id\":\"http:\/\/medicom.sk\/?page_id=303#primaryimage\"},\"image\":{\"@id\":\"http:\/\/medicom.sk\/?page_id=303#primaryimage\"},\"thumbnailUrl\":\"http:\/\/medicom.sk\/wp-content\/uploads\/2022\/05\/lekari-removebg-preview.png\",\"datePublished\":\"2022-05-06T10:04:22+00:00\",\"dateModified\":\"2022-06-01T07:12:00+00:00\",\"breadcrumb\":{\"@id\":\"http:\/\/medicom.sk\/?page_id=303#breadcrumb\"},\"inLanguage\":\"sk-SK\",\"potentialAction\":[{\"@type\":\"ReadAction\",\"target\":[\"http:\/\/medicom.sk\/?page_id=303\"]}]},{\"@type\":\"ImageObject\",\"inLanguage\":\"sk-SK\",\"@id\":\"http:\/\/medicom.sk\/?page_id=303#primaryimage\",\"url\":\"https:\/\/medicom.sk\/wp-content\/uploads\/2022\/05\/lekari-removebg-preview.png\",\"contentUrl\":\"https:\/\/medicom.sk\/wp-content\/uploads\/2022\/05\/lekari-removebg-preview.png\",\"width\":215,\"height\":202},{\"@type\":\"BreadcrumbList\",\"@id\":\"http:\/\/medicom.sk\/?page_id=303#breadcrumb\",\"itemListElement\":[{\"@type\":\"ListItem\",\"position\":1,\"name\":\"Home\",\"item\":\"https:\/\/medicom.sk\/\"},{\"@type\":\"ListItem\",\"position\":2,\"name\":\"MediCom program pre zdravotn\u00edcke zariadenia\"}]},{\"@type\":\"WebSite\",\"@id\":\"https:\/\/medicom.sk\/#website\",\"url\":\"https:\/\/medicom.sk\/\",\"name\":\"MediCom Software - Ambulantn\u00fd program\",\"description\":\"\",\"publisher\":{\"@id\":\"https:\/\/medicom.sk\/#organization\"},\"potentialAction\":[{\"@type\":\"SearchAction\",\"target\":{\"@type\":\"EntryPoint\",\"urlTemplate\":\"https:\/\/medicom.sk\/?s={search_term_string}\"},\"query-input\":{\"@type\":\"PropertyValueSpecification\",\"valueRequired\":true,\"valueName\":\"search_term_string\"}}],\"inLanguage\":\"sk-SK\"},{\"@type\":\"Organization\",\"@id\":\"https:\/\/medicom.sk\/#organization\",\"name\":\"MediCom Software - Ambulantn\u00fd program\",\"url\":\"https:\/\/medicom.sk\/\",\"logo\":{\"@type\":\"ImageObject\",\"inLanguage\":\"sk-SK\",\"@id\":\"https:\/\/medicom.sk\/#\/schema\/logo\/image\/\",\"url\":\"https:\/\/medicom.sk\/wp-content\/uploads\/2022\/05\/cropped-cropped-cropped-cropped-cropped-logo-1-1.png\",\"contentUrl\":\"https:\/\/medicom.sk\/wp-content\/uploads\/2022\/05\/cropped-cropped-cropped-cropped-cropped-logo-1-1.png\",\"width\":253,\"height\":62,\"caption\":\"MediCom Software - Ambulantn\u00fd program \"},\"image\":{\"@id\":\"https:\/\/medicom.sk\/#\/schema\/logo\/image\/\"}}]}<\/script>\n<!-- \/ Yoast SEO plugin. -->","yoast_head_json":{"title":"MediCom program pre zdravotn\u00edcke zariadenia - MediCom Software - Ambulantn\u00fd program","robots":{"index":"index","follow":"follow","max-snippet":"max-snippet:-1","max-image-preview":"max-image-preview:large","max-video-preview":"max-video-preview:-1"},"canonical":"http:\/\/medicom.sk\/?page_id=303","og_locale":"sk_SK","og_type":"article","og_title":"MediCom program pre zdravotn\u00edcke zariadenia - MediCom Software - Ambulantn\u00fd program","og_description":"MediCom predstavuje komplexn\u00fd program pre vedenie dokument\u00e1cie a agendy v ambulanci\u00e1ch a zdravotn\u00edckych zariadeniach. Pr\u00e1ca s programom je jednoduch\u00e1 a preh\u013eadn\u00e1. Program sp\u013a\u0148a v\u0161etky legislat\u00edvne po\u017eiadavky a neust\u00e1le sa vyv\u00edja, aby bol v\u017edy aktu\u00e1lny a pr\u00edjemn\u00fd na pou\u017e\u00edvanie. Program pre r\u00f4zne \u0161pecializ\u00e1cie Prisp\u00f4sobenie funkci\u00ed a nastaven\u00ed programu pod\u013ea jednotliv\u00fdch typov \u0161pecializ\u00e1ci\u00ed (v\u0161eobecn\u00fd lek\u00e1r, pediater, stomatol\u00f3g, gynekol\u00f3g, v\u0161etky typy odborn\u00fdch ambulanci\u00ed&#8230;) Kompletn\u00e1 evidencia pacientova ich jednotliv\u00fdch vy\u0161etren\u00ed Preh\u013eadn\u00fd princ\u00edp kartot\u00e9ky, pri\u010dom ka\u017ed\u00fd pacient m\u00e1 vytvoren\u00fa elektronick\u00fa zdravotn\u00fa kartu, v ktorej sa&hellip;","og_url":"http:\/\/medicom.sk\/?page_id=303","og_site_name":"MediCom Software - Ambulantn\u00fd program","article_modified_time":"2022-06-01T07:12:00+00:00","og_image":[{"url":"http:\/\/medicom.sk\/wp-content\/uploads\/2022\/05\/lekari-removebg-preview.png","type":"","width":"","height":""}],"twitter_card":"summary_large_image","twitter_misc":{"Predpokladan\u00fd \u010das \u010d\u00edtania":"4 min\u00faty"},"schema":{"@context":"https:\/\/schema.org","@graph":[{"@type":"WebPage","@id":"http:\/\/medicom.sk\/?page_id=303","url":"http:\/\/medicom.sk\/?page_id=303","name":"MediCom program pre zdravotn\u00edcke zariadenia - MediCom Software - Ambulantn\u00fd program","isPartOf":{"@id":"https:\/\/medicom.sk\/#website"},"primaryImageOfPage":{"@id":"http:\/\/medicom.sk\/?page_id=303#primaryimage"},"image":{"@id":"http:\/\/medicom.sk\/?page_id=303#primaryimage"},"thumbnailUrl":"http:\/\/medicom.sk\/wp-content\/uploads\/2022\/05\/lekari-removebg-preview.png","datePublished":"2022-05-06T10:04:22+00:00","dateModified":"2022-06-01T07:12:00+00:00","breadcrumb":{"@id":"http:\/\/medicom.sk\/?page_id=303#breadcrumb"},"inLanguage":"sk-SK","potentialAction":[{"@type":"ReadAction","target":["http:\/\/medicom.sk\/?page_id=303"]}]},{"@type":"ImageObject","inLanguage":"sk-SK","@id":"http:\/\/medicom.sk\/?page_id=303#primaryimage","url":"https:\/\/medicom.sk\/wp-content\/uploads\/2022\/05\/lekari-removebg-preview.png","contentUrl":"https:\/\/medicom.sk\/wp-content\/uploads\/2022\/05\/lekari-removebg-preview.png","width":215,"height":202},{"@type":"BreadcrumbList","@id":"http:\/\/medicom.sk\/?page_id=303#breadcrumb","itemListElement":[{"@type":"ListItem","position":1,"name":"Home","item":"https:\/\/medicom.sk\/"},{"@type":"ListItem","position":2,"name":"MediCom program pre zdravotn\u00edcke zariadenia"}]},{"@type":"WebSite","@id":"https:\/\/medicom.sk\/#website","url":"https:\/\/medicom.sk\/","name":"MediCom Software - Ambulantn\u00fd program","description":"","publisher":{"@id":"https:\/\/medicom.sk\/#organization"},"potentialAction":[{"@type":"SearchAction","target":{"@type":"EntryPoint","urlTemplate":"https:\/\/medicom.sk\/?s={search_term_string}"},"query-input":{"@type":"PropertyValueSpecification","valueRequired":true,"valueName":"search_term_string"}}],"inLanguage":"sk-SK"},{"@type":"Organization","@id":"https:\/\/medicom.sk\/#organization","name":"MediCom Software - Ambulantn\u00fd program","url":"https:\/\/medicom.sk\/","logo":{"@type":"ImageObject","inLanguage":"sk-SK","@id":"https:\/\/medicom.sk\/#\/schema\/logo\/image\/","url":"https:\/\/medicom.sk\/wp-content\/uploads\/2022\/05\/cropped-cropped-cropped-cropped-cropped-logo-1-1.png","contentUrl":"https:\/\/medicom.sk\/wp-content\/uploads\/2022\/05\/cropped-cropped-cropped-cropped-cropped-logo-1-1.png","width":253,"height":62,"caption":"MediCom Software - Ambulantn\u00fd program "},"image":{"@id":"https:\/\/medicom.sk\/#\/schema\/logo\/image\/"}}]}},"_links":{"self":[{"href":"https:\/\/medicom.sk\/index.php?rest_route=\/wp\/v2\/pages\/303","targetHints":{"allow":["GET"]}}],"collection":[{"href":"https:\/\/medicom.sk\/index.php?rest_route=\/wp\/v2\/pages"}],"about":[{"href":"https:\/\/medicom.sk\/index.php?rest_route=\/wp\/v2\/types\/page"}],"author":[{"embeddable":true,"href":"https:\/\/medicom.sk\/index.php?rest_route=\/wp\/v2\/users\/1"}],"replies":[{"embeddable":true,"href":"https:\/\/medicom.sk\/index.php?rest_route=%2Fwp%2Fv2%2Fcomments&post=303"}],"version-history":[{"count":7,"href":"https:\/\/medicom.sk\/index.php?rest_route=\/wp\/v2\/pages\/303\/revisions"}],"predecessor-version":[{"id":1196,"href":"https:\/\/medicom.sk\/index.php?rest_route=\/wp\/v2\/pages\/303\/revisions\/1196"}],"wp:attachment":[{"href":"https:\/\/medicom.sk\/index.php?rest_route=%2Fwp%2Fv2%2Fmedia&parent=303"}],"curies":[{"name":"wp","href":"https:\/\/api.w.org\/{rel}","templated":true}]}}